{"id":397,"date":"2021-01-25T21:32:42","date_gmt":"2021-01-25T21:32:42","guid":{"rendered":"https:\/\/kodukatlad.ee\/?post_type=product&#038;p=397"},"modified":"2021-03-13T13:11:44","modified_gmt":"2021-03-13T13:11:44","slug":"ohk-ohk-mitsubishi-soojuspumbad","status":"publish","type":"product","link":"https:\/\/kodukatlad.ee\/ru\/product\/ohk-ohk-mitsubishi-soojuspumbad\/","title":{"rendered":"\u00d5hk-\u00f5hk Mitsubishi soojuspumbad"},"content":{"rendered":"<div class=\"accordion\" rel=\"\">\n<div class=\"accordion-item\"><a href=\"#\" class=\"accordion-title plain\"><button class=\"toggle\" aria-label=\"Toggle\"><i class=\"icon-angle-down\"><\/i><\/button><span>Hero<\/span><\/a><div class=\"accordion-inner\">\n<p><img loading=\"lazy\" class=\"size-full wp-image-546 alignright\" src=\"http:\/\/kodukatlad.ee\/wp-content\/uploads\/2021\/02\/mitsubishi_ln.jpg\" alt=\"\" width=\"200\" height=\"200\" srcset=\"https:\/\/kodukatlad.ee\/wp-content\/uploads\/2021\/02\/mitsubishi_ln.jpg 200w, https:\/\/kodukatlad.ee\/wp-content\/uploads\/2021\/02\/mitsubishi_ln-150x150.jpg 150w, https:\/\/kodukatlad.ee\/wp-content\/uploads\/2021\/02\/mitsubishi_ln-100x100.jpg 100w\" sizes=\"(max-width: 200px) 100vw, 200px\" \/><\/p>\n<ul>\n<li><strong>Mudel: MSZ-LN25VG2\/MUZ-LN25VGHZ2<\/strong><\/li>\n<li><strong>K\u00fcttev\u00f5imsus: 3,2 kW (1,0 &#8211; 6,3 kW)<\/strong><\/li>\n<li><span style=\"color: #ff8b17;\"><strong>Hind alates: \u20ac1.649,00 sis.KM<\/strong><\/span><\/li>\n<li>K\u00fcttev\u00f5imsus v\u00e4listemperatuuril -15 kraadi: 3,2 kW<\/li>\n<li>Garanteeritud k\u00fctmine v\u00e4listemperatuurini -25 \u00baC<\/li>\n<li>Elektriv\u00f5imsus k\u00fctmisel: 0,58 kW<\/li>\n<li>Kasutegur k\u00fctmisel SCOP: 5,2<\/li>\n<li>K\u00f6etav pind: kuni 75 m\u00b2<\/li>\n<\/ul>\n<ul>\n<li><strong>Mudel: MSZ-LN35VG2\/MUZ-LN35VGHZ2<\/strong><\/li>\n<li><strong>K\u00fcttev\u00f5imsus: 4,0 kW (1,0 &#8211; 6,6 kW)<\/strong><\/li>\n<li><span style=\"color: #ff8b17;\"><strong>Hind alates: \u20ac1.749,00 sis.KM<\/strong><\/span><\/li>\n<li>K\u00fcttev\u00f5imsus v\u00e4listemperatuuril -15 kraadi: 4,0 kW<\/li>\n<li>Garanteeritud k\u00fctmine v\u00e4listemperatuurini -25 \u00baC<\/li>\n<li>Elektriv\u00f5imsus k\u00fctmisel: 0,80 kW<\/li>\n<li>Kasutegur k\u00fctmisel SCOP: 5,1<\/li>\n<li>K\u00f6etav pind: kuni 100 m\u00b2<\/li>\n<\/ul>\n<ul>\n<li><strong>Mudel: MSZ-LN50VG2\/MUZ-LN50VGHZ2<\/strong><\/li>\n<li><strong>K\u00fcttev\u00f5imsus: 6,0 kW (1,8 &#8211; 8,7 kW)<\/strong><\/li>\n<li><span style=\"color: #ff8b17;\"><strong>Hind alates: \u20ac2.299,00 sis.KM\u00a0<\/strong><\/span><\/li>\n<li>K\u00fcttev\u00f5imsus v\u00e4listemperatuuril -15 kraadi: 6,0 kW<\/li>\n<li>Garanteeritud k\u00fctmine v\u00e4listemperatuurini -25 \u00baC<\/li>\n<li>Elektriv\u00f5imsus k\u00fctmisel: 1,48 kW<\/li>\n<li>Kasutegur k\u00fctmisel SCOP: 4,6<\/li>\n<li>K\u00f6etav pind: kuni 150 m\u00b2<\/li>\n<\/ul>\n<p>Tehniline spetsifikatsioon est: <a href=\"http:\/\/kodukatlad.ee\/wp-content\/uploads\/2021\/03\/MSZ-LN_broshyyr_2018_ME.pdf\"><img loading=\"lazy\" class=\"size-full wp-image-39376 alignnone\" style=\"color: #333333; font-size: 14.4px;\" src=\"http:\/\/kodukatlad.ee\/wp-content\/uploads\/2021\/02\/pdf-icon.png\" alt=\"\" width=\"32\" height=\"32\" \/><\/a><\/p>\n<\/div><\/div>\n<div class=\"accordion-item\"><a href=\"#\" class=\"accordion-title plain\"><button class=\"toggle\" aria-label=\"Toggle\"><i class=\"icon-angle-down\"><\/i><\/button><span>Design<\/span><\/a><div class=\"accordion-inner\">\n<p><img loading=\"lazy\" class=\"size-full wp-image-547 alignright\" src=\"http:\/\/kodukatlad.ee\/wp-content\/uploads\/2021\/02\/MSZ-EF25VGE-H.jpg\" alt=\"\" width=\"200\" height=\"132\" \/><\/p>\n<ul>\n<li><strong>Mudel: MSZ-EF25VGE H<br \/>\n<\/strong><\/li>\n<li><strong>K\u00fcttev\u00f5imsus: 3,2 kW (1,0 &#8211; 4,2 kW)<\/strong><\/li>\n<li><strong>K\u00f6etav pind: kuni 80 m\u00b2<\/strong><\/li>\n<li><span style=\"color: #ff8b17;\"><strong>Hind alates: \u20ac1.449,00 sis.KM<\/strong><\/span><\/li>\n<li>Kasutegur k\u00fctmisel: 4,60<\/li>\n<li>Jahutusv\u00f5imsus: 2,5 kW (0,9 &#8211; 3,4 kW)<\/li>\n<li>Jahutatav pind: kuni 25 m2<\/li>\n<li>Siseosa m\u00f5\u00f5dud: 299 x 885 x 195 mm<\/li>\n<li>Siseosa kaal: 11,5 kg<\/li>\n<li>Siseosa m\u00fcratase: 19 &#8211; 45 dB(A)<\/li>\n<li>V\u00e4lisosa m\u00f5\u00f5dud: 550 x 800 x 285 mm<\/li>\n<li>V\u00e4lisosa kaal: 31 kg<\/li>\n<li>Toide: 230 V \/ 50 Hz \/ 10 A<\/li>\n<\/ul>\n<ul>\n<li><strong>Mudel: MSZ-EF35VGE H<br \/>\n<\/strong><\/li>\n<li><strong>K\u00fcttev\u00f5imsus: 4,0 kW (1,3 &#8211; 5,1 kW)<\/strong><\/li>\n<li><strong>K\u00f6etav pind: kuni 100 m\u00b2<\/strong><\/li>\n<li><span style=\"color: #ff8b17;\"><strong>Hind alates: \u20ac1.449,00 sis.KM<\/strong><\/span><\/li>\n<li>Kasutegur k\u00fctmisel: 4,50<\/li>\n<li>Jahutusv\u00f5imsus: 3,5 kW (1,1 &#8211; 4,0 kW)<\/li>\n<li>Jahutatav pind: kuni 35 m2<\/li>\n<li>Siseosa m\u00f5\u00f5dud: 299 x 895 x 195 mm<\/li>\n<li>Siseosa kaal: 11,5 kg<\/li>\n<li>Siseosa m\u00fcratase: 21 &#8211; 46 dB(A)<\/li>\n<li>V\u00e4lisosa m\u00f5\u00f5dud: 550 x 800 x 285 mm<\/li>\n<li>V\u00e4lisosa kaal: 34 kg<\/li>\n<li>Toide: 230 V \/ 50 Hz \/ 10 A<\/li>\n<\/ul>\n<p>Tehniline spetsifikatsioon est: <a href=\"http:\/\/kodukatlad.ee\/wp-content\/uploads\/2021\/03\/Mitsubishi-ElectricMSZ-EF-VGK_R32_broshyyr_EE.pdf\"><img loading=\"lazy\" class=\"size-full wp-image-39376 alignnone\" style=\"color: #333333; font-size: 14.4px;\" src=\"http:\/\/kodukatlad.ee\/wp-content\/uploads\/2021\/02\/pdf-icon.png\" alt=\"\" width=\"32\" height=\"32\" \/><\/a><\/p>\n<\/div><\/div>\n<div class=\"accordion-item\"><a href=\"#\" class=\"accordion-title plain\"><button class=\"toggle\" aria-label=\"Toggle\"><i class=\"icon-angle-down\"><\/i><\/button><span>Floor model<\/span><\/a><div class=\"accordion-inner\">\n<p><img loading=\"lazy\" class=\"size-full wp-image-548 alignright\" src=\"http:\/\/kodukatlad.ee\/wp-content\/uploads\/2021\/02\/MFZ-KJ.jpg\" alt=\"\" width=\"200\" height=\"132\" \/><\/p>\n<ul>\n<li><strong>Mudel: MFZ-KJ25VEHZ<br \/>\n<\/strong><\/li>\n<li><strong>K\u00fcttev\u00f5imsus: 3,4 (1,2 &#8211; 5,1) kW<\/strong><\/li>\n<li><strong>Jahutusv\u00f5imsus: 2,5 (0,5-3,4) kW<\/strong><\/li>\n<li><span style=\"color: #ff8b17;\"><strong>Hind: k\u00fcsi pakkumist<\/strong><\/span><\/li>\n<li>Tehnoloogia Hyper Heating tagab k\u00fctmise v\u00e4listemperatuurini -25 \u00b0C.<\/li>\n<li>Kaks \u00f5hu v\u00e4ljumisava optimaalseks \u00f5hu jaotamiseks ruumis.<\/li>\n<li>Soojuspumba sisemoodul on varustatud allergiavastase ens\u00fc\u00fcmfiltriga.<\/li>\n<li>Kolm ventilaatori kiirust ja lisaks super-kiire re\u017eiim, mis v\u00f5imaldab ruume kiiresti k\u00fctta v\u00f5i jahutada.<\/li>\n<li>Ventilaatorire\u017eiim \u2013 \u00f5hu ringlema panemiseks, nt kui k\u00f6etakse kaminat.<\/li>\n<\/ul>\n<ul>\n<li><strong>Mudel: MFZ-KJ35VEHZ<br \/>\n<\/strong><\/li>\n<li><strong>K\u00fcttev\u00f5imsus: 4,3 (1,2 &#8211; 5,8) kW<\/strong><\/li>\n<li><strong>Jahutusv\u00f5imsus: 3,5 (0,5-3,7) kW<\/strong><\/li>\n<li><span style=\"color: #ff8b17;\"><strong>Hind: k\u00fcsi pakkumist<\/strong><\/span><\/li>\n<li>Tehnoloogia Hyper Heating tagab k\u00fctmise v\u00e4listemperatuurini -25 \u00b0C.<\/li>\n<li>Kaks \u00f5hu v\u00e4ljumisava optimaalseks \u00f5hu jaotamiseks ruumis.<\/li>\n<li>Soojuspumba sisemoodul on varustatud allergiavastase ens\u00fc\u00fcmfiltriga.<\/li>\n<li>Kolm ventilaatori kiirust ja lisaks super-kiire re\u017eiim, mis v\u00f5imaldab ruume kiiresti k\u00fctta v\u00f5i jahutada.<\/li>\n<li>Ventilaatorire\u017eiim \u2013 \u00f5hu ringlema panemiseks, nt kui k\u00f6etakse kaminat.<\/li>\n<\/ul>\n<p>Tehniline spetsifikatsioon est: <a href=\"http:\/\/kodukatlad.ee\/wp-content\/uploads\/2021\/03\/MFZ-KJ_KLS_3mm_2015-03.pdf\"><img loading=\"lazy\" class=\"alignnone wp-image-39376 size-full\" style=\"color: #333333; font-size: 14.4px;\" src=\"http:\/\/kodukatlad.ee\/wp-content\/uploads\/2021\/02\/pdf-icon.png\" alt=\"\" width=\"32\" height=\"32\" \/><\/a><\/p>\n<\/div><\/div>\n<div class=\"accordion-item\"><a href=\"#\" class=\"accordion-title plain\"><button class=\"toggle\" aria-label=\"Toggle\"><i class=\"icon-angle-down\"><\/i><\/button><span>Ninja<\/span><\/a><div class=\"accordion-inner\">\n<p><img loading=\"lazy\" class=\"size-full wp-image-549 alignright\" src=\"http:\/\/kodukatlad.ee\/wp-content\/uploads\/2021\/02\/MSZ-FT25VGK-SC-MUZ-FT25VGHZ-SC.jpg\" alt=\"\" width=\"200\" height=\"92\" \/><\/p>\n<ul>\n<li><strong>Mudel: MSZ-FT25VGK-SC\/MUZ-FT25VGHZ-SC<br \/>\n<\/strong><\/li>\n<li><strong>K\u00fcttev\u00f5imsus: 3,2 kW (0,9 &#8211; 6,2 kW)<\/strong><\/li>\n<li><strong>K\u00f6etav pind: kuni 75 m\u00b2<\/strong><\/li>\n<li><span style=\"color: #ff8b17;\"><strong>Hind alates: \u20ac1.599,00 sis.KM<\/strong><\/span><\/li>\n<li>K\u00fcttev\u00f5imsus v\u00e4listemperatuuril -15 kraadi: 3,6 kW<\/li>\n<li>Garanteeritud k\u00fctmine v\u00e4listemperatuurini -25 \u00baC<\/li>\n<li>Kasutegur k\u00fctmisel SCOP: 4,6<\/li>\n<li>Jahutusv\u00f5imsus: 2,5 kW (0,8 &#8211; 3,5 kW)<\/li>\n<li>Kasutegur jahutamisel SEER: 8,6<\/li>\n<li>Jahutatav pind: kuni 25 m2<\/li>\n<li>Siseosa m\u00f5\u00f5dud: 280 x 838 x 239 mm<\/li>\n<li>Siseosa kaal: 10,0 kg<\/li>\n<li>Siseosa m\u00fcratase: 19 &#8211; 49 dB(A)<\/li>\n<li>V\u00e4lisosa m\u00f5\u00f5dud: 550 x 800 x 285 mm<\/li>\n<li>V\u00e4lisosa kaal: 34 kg<\/li>\n<\/ul>\n<ul>\n<li><strong>Mudel: MSZ-FT35VGK-SC\/MUZ-FT35VGHZ-SC<br \/>\n<\/strong><\/li>\n<li><strong>K\u00fcttev\u00f5imsus: 4,0 kW (0,9 &#8211; 6,6 kW)<\/strong><\/li>\n<li><strong>K\u00f6etav pind: kuni 100 m\u00b2<\/strong><\/li>\n<li><span style=\"color: #ff8b17;\"><strong>Hind alates: \u20ac1.699,00 sis.KM<\/strong><\/span><\/li>\n<li>K\u00fcttev\u00f5imsus v\u00e4listemperatuuril -15 kraadi: 4,4 kW<\/li>\n<li>Garanteeritud k\u00fctmine v\u00e4listemperatuurini -25 \u00baC<\/li>\n<li>Kasutegur k\u00fctmisel SCOP: 4,6<\/li>\n<li>Jahutusv\u00f5imsus: 3,5 kW (0,8 &#8211; 4,0 kW)<\/li>\n<li>Kasutegur jahutamisel SEER: 8,6<\/li>\n<li>Jahutatav pind: kuni 35 m2<\/li>\n<li>Siseosa m\u00f5\u00f5dud: 280 x 838 x 239 mm<\/li>\n<li>Siseosa kaal: 10,0 kg<\/li>\n<li>Siseosa m\u00fcratase: 19 &#8211; 52 dB(A)<\/li>\n<li>V\u00e4lisosa m\u00f5\u00f5dud: 714 x 800 x 285 mm<\/li>\n<li>V\u00e4lisosa kaal: 40 kg<\/li>\n<\/ul>\n<ul>\n<li><strong>Mudel: MSZ-FT50VGK-SC\/MUZ-FT50VGHZ-SC<br \/>\n<\/strong><\/li>\n<li><strong>K\u00fcttev\u00f5imsus:5,0 kW (0,9 &#8211; 7,8 kW)<\/strong><\/li>\n<li><strong>K\u00f6etav pind: kuni 125 m\u00b2<\/strong><\/li>\n<li><span style=\"color: #ff8b17;\"><strong>Hind alates: \u20ac2.199,00 sis.KM<\/strong><\/span><\/li>\n<li>K\u00fcttev\u00f5imsus v\u00e4listemperatuuril -15 kraadi: 5,0 kW<\/li>\n<li>Garanteeritud k\u00fctmine v\u00e4listemperatuurini -25 \u00baC<\/li>\n<li>Kasutegur k\u00fctmisel SCOP: 4,3<\/li>\n<li>Jahutusv\u00f5imsus: 5,0 kW (0,8 &#8211; 5,2 kW)<\/li>\n<li>Kasutegur jahutamisel SEER: 7,2<\/li>\n<li>Jahutatav pind: kuni 50 m2<\/li>\n<li>Siseosa m\u00f5\u00f5dud: 280 x 838 x 239 mm<\/li>\n<li>Siseosa kaal: 10,0 kg<\/li>\n<li>Siseosa m\u00fcratase: 28 &#8211; 54 dB(A)<\/li>\n<li>V\u00e4lisosa m\u00f5\u00f5dud: 714 x 800 x 285 mm<\/li>\n<li>V\u00e4lisosa kaal: 40 kg<\/li>\n<\/ul>\n<p>Tehniline spetsifikatsioon est: <a href=\"http:\/\/kodukatlad.ee\/wp-content\/uploads\/2021\/03\/MSZ-FT_broshyyr_EE.pdf\"><img loading=\"lazy\" class=\"size-full wp-image-39376 alignnone\" style=\"color: #333333; font-size: 14.4px;\" src=\"http:\/\/kodukatlad.ee\/wp-content\/uploads\/2021\/02\/pdf-icon.png\" alt=\"\" width=\"32\" height=\"32\" \/><\/a><\/p>\n<\/div><\/div>\n<div class=\"accordion-item\"><a href=\"#\" class=\"accordion-title plain\"><button class=\"toggle\" aria-label=\"Toggle\"><i class=\"icon-angle-down\"><\/i><\/button><span>Heavy<\/span><\/a><div class=\"accordion-inner\">\n<p><img loading=\"lazy\" class=\"size-full wp-image-550 alignright\" src=\"http:\/\/kodukatlad.ee\/wp-content\/uploads\/2021\/02\/SRK-SRC20ZS-W.jpg\" alt=\"\" width=\"200\" height=\"200\" srcset=\"https:\/\/kodukatlad.ee\/wp-content\/uploads\/2021\/02\/SRK-SRC20ZS-W.jpg 200w, https:\/\/kodukatlad.ee\/wp-content\/uploads\/2021\/02\/SRK-SRC20ZS-W-150x150.jpg 150w, https:\/\/kodukatlad.ee\/wp-content\/uploads\/2021\/02\/SRK-SRC20ZS-W-100x100.jpg 100w\" sizes=\"(max-width: 200px) 100vw, 200px\" \/><\/p>\n<ul>\n<li><strong>Mudel: SRK20ZSX-WA\/SRC20ZSX-WA<br \/>\n<\/strong><\/li>\n<li><strong>K\u00fcttev\u00f5imsus: 2,7 kW (0,8 &#8211; 5,5 kW)<\/strong><\/li>\n<li><strong>K\u00f6etav pind: kuni 50 m\u00b2<\/strong><\/li>\n<li><span style=\"color: #ff8b17;\"><strong>Hind alates: \u20ac1.199,00 sis.KM<\/strong><\/span><\/li>\n<li>Elektriv\u00f5imsus k\u00fctmisel: 0,47 kW<\/li>\n<li>Kasutegur k\u00fctmisel SCOP: 5,20<\/li>\n<li>Jahutusv\u00f5imsus: 2,0 kW (0,9 &#8211; 3,4 kW)<\/li>\n<li>Elektriv\u00f5imsus jahutamisel: 0,31 kW<\/li>\n<li>Kasutegur jahutamisel SEER: 10,0<\/li>\n<li>Jahutatav pind: kuni 20 m2<\/li>\n<li>Siseosa m\u00f5\u00f5dud: 305 x 920 x 220 mm<\/li>\n<li>Siseosa kaal: 13 kg<\/li>\n<li>Siseosa m\u00fcratase: 19 &#8211; 38 dB(A)<\/li>\n<li>V\u00e4lisosa m\u00f5\u00f5dud: 640 x 800 x 290 mm<\/li>\n<li>V\u00e4lisosa kaal: 43 kg<\/li>\n<\/ul>\n<ul>\n<li><strong>Mudel: SRK25ZSX-WA\/SRC25ZSX-WA<br \/>\n<\/strong><\/li>\n<li><strong>K\u00fcttev\u00f5imsus: 3,20 kW (0,8 &#8211; 6,0 kW)<\/strong><\/li>\n<li><strong>K\u00f6etav pind: kuni 70 m\u00b2<\/strong><\/li>\n<li><span style=\"color: #ff8b17;\"><strong>Hind alates: \u20ac1.399,00 sis.KM<\/strong><\/span><\/li>\n<li>Elektriv\u00f5imsus k\u00fctmisel: 0,59 kW<\/li>\n<li>Jahutusv\u00f5imsus: 2,50 kW (0,9 &#8211; 3,8 kW)<\/li>\n<li>Elektriv\u00f5imsus jahutamisel: 0,44 kW<\/li>\n<li>Kasutegur jahutamisel SEER: 10,30<\/li>\n<li>Jahutatav pind: kuni 25 m2<\/li>\n<li>Siseosa m\u00f5\u00f5dud: 305 x 920 x 220 mm<\/li>\n<li>Siseosa kaal: 13 kg<\/li>\n<li>Siseosa m\u00fcratase: 19 &#8211; 39 dB(A)<\/li>\n<li>V\u00e4lisosa m\u00f5\u00f5dud: 640 x 800 x 290 mm<\/li>\n<li>V\u00e4lisosa kaal: 43 kg<\/li>\n<\/ul>\n<ul>\n<li><strong>Mudel: SRK35ZSX-WA\/SRC35ZSX-WA<br \/>\n<\/strong><\/li>\n<li><strong>K\u00fcttev\u00f5imsus: 4,3 kW (0,8 &#8211; 6,8 kW)<\/strong><\/li>\n<li><strong>K\u00f6etav pind: kuni 100 m\u00b2<\/strong><\/li>\n<li><span style=\"color: #ff8b17;\"><strong>Hind alates: \u20ac1.449,00 sis.KM<\/strong><\/span><\/li>\n<li>Elektriv\u00f5imsus k\u00fctmisel: 0,90 kW<\/li>\n<li>Jahutusv\u00f5imsus: 3,5 kW (0,9 &#8211; 4,5 kW)<\/li>\n<li>Elektriv\u00f5imsus jahutamisel: 0,74 kW<\/li>\n<li>Kasutegur jahutamisel SEER: 9,50<\/li>\n<li>Jahutatav pind: kuni 35 m2<\/li>\n<li>Siseosa m\u00f5\u00f5dud: 305 x 920 x 220 mm<\/li>\n<li>Siseosa kaal: 13 kg<\/li>\n<li>Siseosa m\u00fcratase: 19 &#8211; 43 dB(A)<\/li>\n<li>V\u00e4lisosa m\u00f5\u00f5dud: 640 x 800 x 290 mm<\/li>\n<li>V\u00e4lisosa kaal: 43 kg<\/li>\n<\/ul>\n<p>Tehniline spetsifikatsioon est: <a href=\"http:\/\/kodukatlad.ee\/wp-content\/uploads\/2021\/03\/Mitsubishi_ZS_ZSX-eesti.pdf\"><img loading=\"lazy\" class=\"size-full wp-image-39376 alignnone\" style=\"color: #333333; font-size: 14.4px;\" src=\"http:\/\/kodukatlad.ee\/wp-content\/uploads\/2021\/02\/pdf-icon.png\" alt=\"\" width=\"32\" height=\"32\" \/><\/a><\/p>\n<\/div><\/div>\n<\/div>","protected":false},"excerpt":{"rendered":"<p>Mitsubishi Electric on \u00fcks suurima turuosaga Jaapani \u00f5hksoojuspumpade tootja p\u00f5hjamaades. Tootevalikusse kuuluvad \u00f5hksoojuspumpadest nii p\u00f5randa- kui seinamudeleid. Mitsubishi Kirigamine (FH ja uusim LN) mudel on saavutanud suurima populaarsuse ja seda just t\u00e4nu oma usaldusv\u00e4\u00e4rsusele. Mitsubishi Electric \u00f5hksoojuspumpadel on 3-aastane garantii. Mitsubishi Electric on \u00fcks suurima osaga Jaapani tootja p\u00f5hjamaade \u00f5hksoojuspumpade turul.<\/p>","protected":false},"featured_media":382,"template":"","meta":[],"product_cat":[27,31],"product_tag":[],"_links":{"self":[{"href":"https:\/\/kodukatlad.ee\/ru\/wp-json\/wp\/v2\/product\/397"}],"collection":[{"href":"https:\/\/kodukatlad.ee\/ru\/wp-json\/wp\/v2\/product"}],"about":[{"href":"https:\/\/kodukatlad.ee\/ru\/wp-json\/wp\/v2\/types\/product"}],"wp:featuredmedia":[{"embeddable":true,"href":"https:\/\/kodukatlad.ee\/ru\/wp-json\/wp\/v2\/media\/382"}],"wp:attachment":[{"href":"https:\/\/kodukatlad.ee\/ru\/wp-json\/wp\/v2\/media?parent=397"}],"wp:term":[{"taxonomy":"product_cat","embeddable":true,"href":"https:\/\/kodukatlad.ee\/ru\/wp-json\/wp\/v2\/product_cat?post=397"},{"taxonomy":"product_tag","embeddable":true,"href":"https:\/\/kodukatlad.ee\/ru\/wp-json\/wp\/v2\/product_tag?post=397"}],"curies":[{"name":"wp","href":"https:\/\/api.w.org\/{rel}","templated":true}]}}