{"id":396,"date":"2021-01-25T21:32:12","date_gmt":"2021-01-25T21:32:12","guid":{"rendered":"https:\/\/kodukatlad.ee\/?post_type=product&#038;p=396"},"modified":"2021-03-13T13:12:08","modified_gmt":"2021-03-13T13:12:08","slug":"ohk-ohk-alpic-air-soojuspumbad","status":"publish","type":"product","link":"https:\/\/kodukatlad.ee\/ru\/product\/ohk-ohk-alpic-air-soojuspumbad\/","title":{"rendered":"\u00d5hk-\u00f5hk Alpic Air soojuspumbad"},"content":{"rendered":"<div class=\"accordion\" rel=\"\">\n<div class=\"accordion-item\"><a href=\"#\" class=\"accordion-title plain\"><button class=\"toggle\" aria-label=\"Toggle\"><i class=\"icon-angle-down\"><\/i><\/button><span>Nordic Hyper<\/span><\/a><div class=\"accordion-inner\">\n<p><img loading=\"lazy\" class=\"size-full wp-image-538 alignright\" src=\"http:\/\/kodukatlad.ee\/wp-content\/uploads\/2021\/02\/AWI-AWO-80HRDC1A.jpg\" alt=\"\" width=\"200\" height=\"110\" \/><\/p>\n<ul>\n<li><strong>Mudel: AWI\/AWO-80HRDC1A<\/strong><\/li>\n<li><strong>V\u00f5imsus: 9,5 kW<\/strong><\/li>\n<li><strong>K\u00f6etav pind: 175 m\u00b2<\/strong><\/li>\n<li><span style=\"color: #ff8b17;\"><strong>Hind alates: \u20ac1.353,30 sis.KM<\/strong><\/span><\/li>\n<li>Lisak\u00fctteks kuni 175 m\u00b2<\/li>\n<li>P\u00f5hik\u00fctteks kuni 140 m\u00b2<\/li>\n<li>LED ekraan<\/li>\n<li>Turbo re\u017eiim<\/li>\n<li>K\u00fcttere\u017eiim madalal v\u00e4listemperatuuril<\/li>\n<li>Automaatse taask\u00e4ivitamise funktsioon<\/li>\n<li>WiFi juhtimine<\/li>\n<li>K\u00fclmaaine R32<\/li>\n<\/ul>\n<p><img loading=\"lazy\" class=\"size-full wp-image-539 alignright\" src=\"http:\/\/kodukatlad.ee\/wp-content\/uploads\/2021\/02\/AWI-AWO-32HRDC1E.jpg\" alt=\"\" width=\"200\" height=\"110\" \/><\/p>\n<ul>\n<li><strong>Mudel: AWI\/AWO-32HRDC1E<\/strong><\/li>\n<li><strong>V\u00f5imsus: 4,4 kW<\/strong><\/li>\n<li><strong>K\u00f6etav pind: 50 m\u00b2<\/strong><\/li>\n<li><span style=\"color: #ff8b17;\"><strong>Hind alates: \u20ac507,00 sis.KM<\/strong><\/span><\/li>\n<li>Automaatne puhastusre\u017eiim<\/li>\n<li>Taimer<\/li>\n<li>Pestav filter<\/li>\n<li>WiFi juhtimine<\/li>\n<li>Kahesuunaline \u00f5huvool<\/li>\n<li>K\u00fclmaaine R32<\/li>\n<\/ul>\n<p>Tehniline spetsifikatsioon eng:\u00a0<a href=\"http:\/\/kodukatlad.ee\/wp-content\/uploads\/2021\/03\/AlpicAir_mini-katalogas_2020_web_.pdf\"><img loading=\"lazy\" class=\"size-full wp-image-39376 alignnone\" style=\"color: #333333; font-size: 14.4px;\" src=\"http:\/\/kodukatlad.ee\/wp-content\/uploads\/2021\/02\/pdf-icon.png\" alt=\"\" width=\"32\" height=\"32\" \/><\/a><\/p>\n<\/div><\/div>\n<div class=\"accordion-item\"><a href=\"#\" class=\"accordion-title plain\"><button class=\"toggle\" aria-label=\"Toggle\"><i class=\"icon-angle-down\"><\/i><\/button><span>Premium Pro<\/span><\/a><div class=\"accordion-inner\">\n<p><img loading=\"lazy\" class=\"wp-image-540 alignright\" src=\"http:\/\/kodukatlad.ee\/wp-content\/uploads\/2021\/02\/AWI-AWO-35HRDC1C.jpg\" alt=\"\" width=\"189\" height=\"125\" \/><\/p>\n<ul class=\"_highlights\">\n<li><strong>Mudel: AWI\/AWO-35HRDC1C<\/strong><\/li>\n<li><strong>V\u00f5imsus: 5,1 kW<\/strong><\/li>\n<li><strong>K\u00f6etav pind: 70 m\u00b2<\/strong><\/li>\n<li><span style=\"color: #ff8b17;\"><strong>Hind alates: \u20ac534,30 sis.KM<\/strong><\/span><\/li>\n<li>Automaatne puhastusre\u017eiim<\/li>\n<li>WiFi juhtimine<\/li>\n<li>K\u00fclmaaine R32<\/li>\n<\/ul>\n<p><img loading=\"lazy\" class=\"wp-image-541 alignright\" src=\"http:\/\/kodukatlad.ee\/wp-content\/uploads\/2021\/02\/AWI-AWO-53HRDC1C.jpg\" alt=\"\" width=\"186\" height=\"123\" \/><\/p>\n<ul class=\"_highlights\">\n<li><strong>Mudel: AWI\/AWO-53HRDC1C<\/strong><\/li>\n<li><strong>V\u00f5imsus: 6,8 kW<\/strong><\/li>\n<li><strong>K\u00f6etav pind: 100 m\u00b2<\/strong><\/li>\n<li><span style=\"color: #ff8b17;\"><strong>Hind alates: \u20ac820,00 sis.KM<\/strong><\/span><\/li>\n<li>Automaatne puhastusre\u017eiim<\/li>\n<li>WiFi juhtimine<\/li>\n<li>K\u00fclmaaine R32<\/li>\n<\/ul>\n<p><img loading=\"lazy\" class=\"wp-image-542 alignright\" src=\"http:\/\/kodukatlad.ee\/wp-content\/uploads\/2021\/02\/AWI-AWO-53HRDC1C-2.jpg\" alt=\"\" width=\"181\" height=\"104\" \/><\/p>\n<ul class=\"_highlights\">\n<li><strong>Mudel: AWI\/AWO-70HRDC1C<\/strong><\/li>\n<li><strong>V\u00f5imsus: 10,63 kW<\/strong><\/li>\n<li><strong>K\u00f6etav pind: 130 m\u00b2<\/strong><\/li>\n<li><span style=\"color: #ff8b17;\"><strong>Hind alates: \u20ac1.076,40 sis.KM<\/strong><\/span><\/li>\n<li>Automaatne puhastusre\u017eiim<\/li>\n<li>WiFi juhtimine<\/li>\n<li>K\u00fclmaaine R32<\/li>\n<\/ul>\n<\/div><\/div>\n<div class=\"accordion-item\"><a href=\"#\" class=\"accordion-title plain\"><button class=\"toggle\" aria-label=\"Toggle\"><i class=\"icon-angle-down\"><\/i><\/button><span>Eco Pro<\/span><\/a><div class=\"accordion-inner\">\n<p><img loading=\"lazy\" class=\"wp-image-543 alignright\" src=\"http:\/\/kodukatlad.ee\/wp-content\/uploads\/2021\/02\/AWI-AWO-25HRDC1E.jpg\" alt=\"\" width=\"185\" height=\"122\" \/><\/p>\n<ul class=\"_highlights\">\n<li><strong>Mudel: AWI\/AWO-25HRDC1E<\/strong><\/li>\n<li><strong>V\u00f5imsus: 3,5 kW<\/strong><\/li>\n<li><strong>K\u00f6etav pind: 40 m\u00b2<\/strong><\/li>\n<li><span style=\"color: #ff8b17;\"><strong>Hind alates: \u20ac466,04 sis.KM<\/strong><\/span><\/li>\n<li>Automaatne puhastusre\u017eiim<\/li>\n<li>Taimer<\/li>\n<li>Pestav filter<\/li>\n<li>WiFi juhtimine<\/li>\n<li>Kahesuunaline \u00f5huvool<\/li>\n<li>K\u00fclmaaine R32<\/li>\n<\/ul>\n<p><img loading=\"lazy\" class=\"size-full wp-image-544 alignright\" src=\"http:\/\/kodukatlad.ee\/wp-content\/uploads\/2021\/02\/AWI-AWO-50HRDC1E.jpg\" alt=\"\" width=\"200\" height=\"132\" \/><\/p>\n<ul class=\"_highlights\">\n<li><strong>Mudel: AWI\/AWO-50HRDC1E<\/strong><\/li>\n<li><strong>V\u00f5imsus: 5,4 kW<\/strong><\/li>\n<li><strong>K\u00f6etav pind: 70 m\u00b2<\/strong><\/li>\n<li><span style=\"color: #ff8b17;\"><strong>Hind alates: \u20ac860,00 sis.KM<\/strong><\/span><\/li>\n<li>Automaatne puhastusre\u017eiim<\/li>\n<li>Taimer<\/li>\n<li>Pestav filter<\/li>\n<li>WiFi juhtimine<\/li>\n<li>Kahesuunaline \u00f5huvool<\/li>\n<li>K\u00fclmaaine R32<\/li>\n<\/ul>\n<p><img loading=\"lazy\" class=\"size-full wp-image-545 alignright\" src=\"http:\/\/kodukatlad.ee\/wp-content\/uploads\/2021\/02\/AWI-AWO-70HRDC1E.jpg\" alt=\"\" width=\"200\" height=\"132\" \/><\/p>\n<ul class=\"_highlights\">\n<li><strong>Mudel: AWI\/AWO-70HRDC1E<\/strong><\/li>\n<li><strong>V\u00f5imsus: 10,63 kW<\/strong><\/li>\n<li><strong>K\u00f6etav pind: 130 m\u00b2<\/strong><\/li>\n<li><span style=\"color: #ff8b17;\"><strong>Hind alates: \u20ac923,52 sis.KM<\/strong><\/span><\/li>\n<li>Automaatne puhastusre\u017eiim<\/li>\n<li>WiFi juhtimine<\/li>\n<li>K\u00fclmaaine R32<\/li>\n<\/ul>\n<\/div><\/div>\n<\/div>","protected":false},"excerpt":{"rendered":"<p>ALPICAIR on registreeritud kaubam\u00e4rk, mis \u00fchendab mitmesuguseid kliimaseadmeid ja tagab kliendile optimaalse kvaliteedi- ja hinna suhte. ALPICAIRi kliimaseadmed on toodetud alates 2005. aastast. Lisaks toodangu mitmekesistamisele on ALPICAIRi toodete kvaliteedi ja vastupidavuse parandamiseks tehtud palju t\u00f6\u00f6d aastast aastasse.<\/p>","protected":false},"featured_media":380,"template":"","meta":[],"product_cat":[27,30],"product_tag":[],"_links":{"self":[{"href":"https:\/\/kodukatlad.ee\/ru\/wp-json\/wp\/v2\/product\/396"}],"collection":[{"href":"https:\/\/kodukatlad.ee\/ru\/wp-json\/wp\/v2\/product"}],"about":[{"href":"https:\/\/kodukatlad.ee\/ru\/wp-json\/wp\/v2\/types\/product"}],"wp:featuredmedia":[{"embeddable":true,"href":"https:\/\/kodukatlad.ee\/ru\/wp-json\/wp\/v2\/media\/380"}],"wp:attachment":[{"href":"https:\/\/kodukatlad.ee\/ru\/wp-json\/wp\/v2\/media?parent=396"}],"wp:term":[{"taxonomy":"product_cat","embeddable":true,"href":"https:\/\/kodukatlad.ee\/ru\/wp-json\/wp\/v2\/product_cat?post=396"},{"taxonomy":"product_tag","embeddable":true,"href":"https:\/\/kodukatlad.ee\/ru\/wp-json\/wp\/v2\/product_tag?post=396"}],"curies":[{"name":"wp","href":"https:\/\/api.w.org\/{rel}","templated":true}]}}