{"id":395,"date":"2021-01-25T21:31:46","date_gmt":"2021-01-25T21:31:46","guid":{"rendered":"https:\/\/kodukatlad.ee\/?post_type=product&#038;p=395"},"modified":"2021-03-13T13:12:30","modified_gmt":"2021-03-13T13:12:30","slug":"ohk-ohk-midea-soojuspumbad","status":"publish","type":"product","link":"https:\/\/kodukatlad.ee\/ru\/product\/ohk-ohk-midea-soojuspumbad\/","title":{"rendered":"\u00d5hk-\u00f5hk Midea soojuspumbad"},"content":{"rendered":"<div class=\"accordion\" rel=\"\">\n<div class=\"accordion-item\"><a href=\"#\" class=\"accordion-title plain\"><button class=\"toggle\" aria-label=\"Toggle\"><i class=\"icon-angle-down\"><\/i><\/button><span>Mission II<\/span><\/a><div class=\"accordion-inner\">\n<p><img loading=\"lazy\" class=\"size-full wp-image-562 alignright\" src=\"http:\/\/kodukatlad.ee\/wp-content\/uploads\/2021\/02\/midea.jpg\" alt=\"\" width=\"200\" height=\"125\" \/><\/p>\n<ul>\n<li><strong>Mudel: MSMBBU-12HRFN8 Inverter<\/strong><\/li>\n<li>Nominaalne <strong>k\u00fcttev\u00f5imsus 3,81 kW, <\/strong><strong>jahutusv\u00f5imsus 3,52 kW<\/strong><\/li>\n<li>Nominaalne <strong>tarbimisv\u00f5imsus soojendamisel 1,02 kW<\/strong>, <strong>jahutamisel 1,08 kW<\/strong><\/li>\n<li><strong>K\u00f6etav pind: 75 m\u00b2<\/strong><\/li>\n<li><span style=\"color: #ff8b17;\"><strong>Hind alates: \u20ac590,00 sis.KM<\/strong><\/span><\/li>\n<li>Komplektis tehase paigaldatud p\u00f5hjasoojenduskaabel, +8C re\u017eiim<\/li>\n<li>Autorestart<\/li>\n<li>Talvevarustus (v\u00f5imalik kasutada serveriruumide jahutamiseks)<\/li>\n<\/ul>\n<ul>\n<li><strong>Mudel: MSMBBU-18HRFN8 Inverter<\/strong><\/li>\n<li>Nominaalne <strong>k\u00fcttev\u00f5imsus 5,57 kW, <\/strong><strong>jahutusv\u00f5imsus 5,30 kW<\/strong><\/li>\n<li>Nominaalne <strong>tarbimisv\u00f5imsus soojendamisel 1,50 kW<\/strong>, <strong>jahutamisel 1,54 kW<\/strong><\/li>\n<li><strong>K\u00f6etav pind: 45-110 m\u00b2<\/strong><\/li>\n<li><span style=\"color: #ff8b17;\"><strong>Hind alates: \u20ac1.100,00 sis.KM<\/strong><\/span><\/li>\n<li>Komplektis tehase paigaldatud p\u00f5hjasoojenduskaabel, +8C re\u017eiim<\/li>\n<li>Autorestart<\/li>\n<li>Talvevarustus (v\u00f5imalik kasutada serveriruumide jahutamiseks)<\/li>\n<\/ul>\n<ul>\n<li><strong>Mudel: MSMBBU-24HRFN8 Inverter<\/strong><\/li>\n<li>Nominaalne <strong>k\u00fcttev\u00f5imsus 7,63 kW, <\/strong><strong>jahutusv\u00f5imsus 7,04 kW<\/strong><\/li>\n<li>Nominaalne <strong>tarbimisv\u00f5imsus soojendamisel 2,37 kW<\/strong>, <strong>jahutamisel 2,50 kW<\/strong><\/li>\n<li><strong>K\u00f6etav pind: 60-150 m\u00b2<\/strong><\/li>\n<li><span style=\"color: #ff8b17;\"><strong>Hind alates: \u20ac1.491,60 sis.KM<\/strong><\/span><\/li>\n<li>Komplektis tehase paigaldatud p\u00f5hjasoojenduskaabel, +8C re\u017eiim<\/li>\n<li>Autorestart<\/li>\n<li>Talvevarustus (v\u00f5imalik kasutada serveriruumide jahutamiseks)<\/li>\n<\/ul>\n<\/div><\/div>\n<\/div>","protected":false},"excerpt":{"rendered":"<p>Midea Group on juhtiv kodumasinate tootja, kellel on 7 tootmisu\u0308ksust maailmas. Midea tooteid mu\u0308u\u0308akse enam kui 150 riigis. 2013. aasta algusest kehtib uus \u00f6kodisaini ja energiam\u00e4rgistuse direktiiv (ErP). Selle kohaselt on \u00f5hksoojuspumpade andmete esitamisel kasutusele v\u00f5etud uued sesoonsed t\u00f5hususn\u00e4itajad ja uus energiam\u00e4rgistus. Midea \u00f5hksoojuspumbad on elegantsed ja energias\u00e4\u00e4stlikud. Midea tooted omavad Eurovent sertifikaati. S\u00e4\u00e4sta raha, nautides mugavust \u2013 vali Midea soojuspump.<\/p>","protected":false},"featured_media":378,"template":"","meta":[],"product_cat":[27,29],"product_tag":[],"_links":{"self":[{"href":"https:\/\/kodukatlad.ee\/ru\/wp-json\/wp\/v2\/product\/395"}],"collection":[{"href":"https:\/\/kodukatlad.ee\/ru\/wp-json\/wp\/v2\/product"}],"about":[{"href":"https:\/\/kodukatlad.ee\/ru\/wp-json\/wp\/v2\/types\/product"}],"wp:featuredmedia":[{"embeddable":true,"href":"https:\/\/kodukatlad.ee\/ru\/wp-json\/wp\/v2\/media\/378"}],"wp:attachment":[{"href":"https:\/\/kodukatlad.ee\/ru\/wp-json\/wp\/v2\/media?parent=395"}],"wp:term":[{"taxonomy":"product_cat","embeddable":true,"href":"https:\/\/kodukatlad.ee\/ru\/wp-json\/wp\/v2\/product_cat?post=395"},{"taxonomy":"product_tag","embeddable":true,"href":"https:\/\/kodukatlad.ee\/ru\/wp-json\/wp\/v2\/product_tag?post=395"}],"curies":[{"name":"wp","href":"https:\/\/api.w.org\/{rel}","templated":true}]}}