{"id":394,"date":"2021-01-25T21:31:16","date_gmt":"2021-01-25T21:31:16","guid":{"rendered":"https:\/\/kodukatlad.ee\/?post_type=product&#038;p=394"},"modified":"2021-03-13T13:12:51","modified_gmt":"2021-03-13T13:12:51","slug":"ohk-ohk-daikin-soojuspumbad","status":"publish","type":"product","link":"https:\/\/kodukatlad.ee\/ru\/product\/ohk-ohk-daikin-soojuspumbad\/","title":{"rendered":"\u00d5hk-\u00f5hk Daikin soojuspumbad"},"content":{"rendered":"<div class=\"accordion\" rel=\"\">\n<div class=\"accordion-item\"><a href=\"#\" class=\"accordion-title plain\"><button class=\"toggle\" aria-label=\"Toggle\"><i class=\"icon-angle-down\"><\/i><\/button><span>Stylish<\/span><\/a><div class=\"accordion-inner\">\n<p><img loading=\"lazy\" class=\"size-full wp-image-551 alignright\" src=\"http:\/\/kodukatlad.ee\/wp-content\/uploads\/2021\/02\/FTXA20AS-RXA20A.jpg\" alt=\"\" width=\"200\" height=\"200\" srcset=\"https:\/\/kodukatlad.ee\/wp-content\/uploads\/2021\/02\/FTXA20AS-RXA20A.jpg 200w, https:\/\/kodukatlad.ee\/wp-content\/uploads\/2021\/02\/FTXA20AS-RXA20A-150x150.jpg 150w, https:\/\/kodukatlad.ee\/wp-content\/uploads\/2021\/02\/FTXA20AS-RXA20A-100x100.jpg 100w\" sizes=\"(max-width: 200px) 100vw, 200px\" \/><\/p>\n<ul>\n<li><strong>Mudel: FTXA20AS\/RXA20A<br \/>\n<\/strong><\/li>\n<li><strong>V\u00f5imus: k\u00fcte 2,5 kW; jahutus 2,0 kW<\/strong><\/li>\n<li><strong>K\u00f6etav pind: 60 m\u00b2<\/strong><\/li>\n<li><strong>Jahutatav pind: kuni 25 m\u00b2<\/strong><\/li>\n<li><span style=\"color: #ff8b17;\"><strong>Hind alates: \u20ac1.446,00 sis.KM<\/strong><\/span><\/li>\n<li>Energiaklass jahutus\/k\u00fcte = A+++\/A+++<\/li>\n<li>R32 k\u00fclmaaine<\/li>\n<li>Coanda efektiga optimiseeritud \u00f5huvool<\/li>\n<li>Mitmetsooniline ruumi temperatuuri j\u00e4lgiv silm<\/li>\n<li>Madal m\u00fcratase 19 dB(A)<\/li>\n<li>Integreeritud WiFi kontroller<\/li>\n<li>Saadaval kolme erinevate v\u00e4rvitoonidega: valge, h\u00f5bedane ja puitimitatsioon.<\/li>\n<\/ul>\n<ul>\n<li><strong>Mudel: FTXA20AT\/RXA20A<br \/>\n<\/strong><\/li>\n<li><strong>V\u00f5imus: k\u00fcte 2,5 kW; jahutus 2,0 kW<\/strong><\/li>\n<li><strong>K\u00f6etav pind: 60 m\u00b2<\/strong><\/li>\n<li><strong>Jahutatav pind: kuni 25 m\u00b2<\/strong><\/li>\n<li><span style=\"color: #ff8b17;\"><strong>Hind alates: \u20ac1.446,00 sis.KM<\/strong><\/span><\/li>\n<li>Energiaklass jahutus\/k\u00fcte = A+++\/A+++<\/li>\n<li>R32 k\u00fclmaaine.<\/li>\n<li>Saadaval kolme erinevate v\u00e4rvitoonidega: valge, h\u00f5bedane ja puitimitatsioon.<\/li>\n<li>Coanda efektiga optimiseeritud \u00f5huvool.<\/li>\n<li>Mitmetsooniline ruumi temperatuuri j\u00e4lgiv silm.<\/li>\n<li>Madal m\u00fcratase 19 dB(A).<\/li>\n<li>Integreeritud WiFi kontroller.<\/li>\n<\/ul>\n<ul>\n<li><strong>Mudel: FTXA20AW\/RXA20A<br \/>\n<\/strong><\/li>\n<li><strong>V\u00f5imus: k\u00fcte 2,5 kW; jahutus 2,0 kW<\/strong><\/li>\n<li><strong>K\u00f6etav pind: 60 m\u00b2<\/strong><\/li>\n<li><strong>Jahutatav pind: kuni 25 m\u00b2<\/strong><\/li>\n<li><span style=\"color: #ff8b17;\"><strong>Hind alates: \u20ac1.446,00 sis.KM<\/strong><\/span><\/li>\n<li>Energiaklass jahutus\/k\u00fcte = A+++\/A+++<\/li>\n<li>R32 k\u00fclmaaine.<\/li>\n<li>Saadaval kolme erinevate v\u00e4rvitoonidega: valge, h\u00f5bedane ja puitimitatsioon.<\/li>\n<li>Coanda efektiga optimiseeritud \u00f5huvool.<\/li>\n<li>Mitmetsooniline ruumi temperatuuri j\u00e4lgiv silm.<\/li>\n<li>Madal m\u00fcratase 19 dB(A).<\/li>\n<li>Integreeritud WiFi kontroller.<\/li>\n<\/ul>\n<p>Tehniline spetsifikatsioon eng:\u00a0<a href=\"http:\/\/kodukatlad.ee\/wp-content\/uploads\/2021\/03\/Stylish-catalogue_ECPEN20-002_English.pdf\"><img loading=\"lazy\" class=\"size-full wp-image-39376 alignnone\" style=\"color: #333333; font-size: 14.4px;\" src=\"http:\/\/kodukatlad.ee\/wp-content\/uploads\/2021\/02\/pdf-icon.png\" alt=\"\" width=\"32\" height=\"32\" \/><\/a><\/p>\n<\/div><\/div>\n<div class=\"accordion-item\"><a href=\"#\" class=\"accordion-title plain\"><button class=\"toggle\" aria-label=\"Toggle\"><i class=\"icon-angle-down\"><\/i><\/button><span>Ururu Sarara<\/span><\/a><div class=\"accordion-inner\">\n<p><img loading=\"lazy\" class=\"size-full wp-image-552 alignright\" src=\"http:\/\/kodukatlad.ee\/wp-content\/uploads\/2021\/02\/ururu-sarara.jpg\" alt=\"\" width=\"200\" height=\"200\" srcset=\"https:\/\/kodukatlad.ee\/wp-content\/uploads\/2021\/02\/ururu-sarara.jpg 200w, https:\/\/kodukatlad.ee\/wp-content\/uploads\/2021\/02\/ururu-sarara-150x150.jpg 150w, https:\/\/kodukatlad.ee\/wp-content\/uploads\/2021\/02\/ururu-sarara-100x100.jpg 100w\" sizes=\"(max-width: 200px) 100vw, 200px\" \/><\/p>\n<ul>\n<li><strong>Mudel: FTXZ50N\/RXZ50N<br \/>\n<\/strong><\/li>\n<li><strong>V\u00f5imus: k\u00fcte 6,30 kW; jahutus 5,0 kW<\/strong><\/li>\n<li><strong>K\u00f6etav pind: 50-126 m\u00b2<\/strong><\/li>\n<li><strong>Jahutatav pind: 50 m\u00b2<\/strong><\/li>\n<li><span style=\"color: #ff8b17;\"><strong>Hind alates: \u20ac2.928,00 sis.KM<\/strong><\/span><\/li>\n<li>Energia klass A+++<\/li>\n<li>Tagab \u00fche s\u00fcsteemiga nii niisutamise kui ka kuivatamise<\/li>\n<li>Toob tuppa v\u00e4rske ja konditsioneeritud \u00f5hu<\/li>\n<li>Parandab sise\u00f5hu kvaliteeti<\/li>\n<li>Pakub invertertehnoloogia t\u00f5husust<\/li>\n<\/ul>\n<ul>\n<li><strong>Mudel: FTXZ35N\/RXZ35N<br \/>\n<\/strong><\/li>\n<li><strong>V\u00f5imus: k\u00fcte 5,00 kW; jahutus 3,50 kW<\/strong><\/li>\n<li><strong>K\u00f6etav pind: 40-100 m\u00b2<\/strong><\/li>\n<li><strong>Jahutatav pind: 35 m\u00b2<\/strong><\/li>\n<li><span style=\"color: #ff8b17;\"><strong>Hind alates: \u20ac2.598,00 sis.KM<\/strong><\/span><\/li>\n<li>Energiaklass A+++<\/li>\n<li>Tagab \u00fche s\u00fcsteemiga nii niisutamise kui ka kuivatamise<\/li>\n<li>Toob tuppa v\u00e4rske ja konditsioneeritud \u00f5hu<\/li>\n<li>Parandab sise\u00f5hu kvaliteeti<\/li>\n<li>Pakub invertertehnoloogia t\u00f5husust<\/li>\n<\/ul>\n<ul>\n<li><strong>Mudel: FTXZ25N\/RXZ25N<br \/>\n<\/strong><\/li>\n<li><strong>V\u00f5imus: k\u00fcte 3,60 kW; jahutus 2,50 kW<\/strong><\/li>\n<li><strong>K\u00f6etav pind: 30-72m\u00b2<\/strong><\/li>\n<li><strong>Jahutatav pind: 25 m\u00b2<\/strong><\/li>\n<li><span style=\"color: #ff8b17;\"><strong>Hind alates: \u20ac2.514,00 sis.KM<\/strong><\/span><\/li>\n<li>Energiaklass A+++<\/li>\n<li>Tagab \u00fche s\u00fcsteemiga nii niisutamise kui ka kuivatamise<\/li>\n<li>Toob tuppa v\u00e4rske ja konditsioneeritud \u00f5hu<\/li>\n<li>Parandab sise\u00f5hu kvaliteeti<\/li>\n<li>Pakub invertertehnoloogia t\u00f5husust<\/li>\n<\/ul>\n<p>Tehniline spetsifikatsioon eng:\u00a0<a href=\"http:\/\/kodukatlad.ee\/wp-content\/uploads\/2021\/03\/Ururu-Sarara_Product-profile_ECPEN21-004_English.pdf\"><img loading=\"lazy\" class=\"size-full wp-image-39376 alignnone\" style=\"color: #333333; font-size: 14.4px;\" src=\"http:\/\/kodukatlad.ee\/wp-content\/uploads\/2021\/02\/pdf-icon.png\" alt=\"\" width=\"32\" height=\"32\" \/><\/a><\/p>\n<\/div><\/div>\n<div class=\"accordion-item\"><a href=\"#\" class=\"accordion-title plain\"><button class=\"toggle\" aria-label=\"Toggle\"><i class=\"icon-angle-down\"><\/i><\/button><span>Emura<\/span><\/a><div class=\"accordion-inner\">\n<p><img loading=\"lazy\" class=\"size-full wp-image-559 alignright\" src=\"http:\/\/kodukatlad.ee\/wp-content\/uploads\/2021\/02\/FTXG25LW-RXLG25M-emura1.jpg\" alt=\"\" width=\"200\" height=\"130\" \/><\/p>\n<ul>\n<li><strong style=\"font-size: 14.4px;\">Mudel: FTXG25LW\/RXLG25M<\/strong><\/li>\n<li><strong>V\u00f5imus: 3,64 kW<\/strong><\/li>\n<li><strong>K\u00f6etav pind: 35-88 m\u00b2<\/strong><\/li>\n<li><strong>Jahutatav pind: 25 m\u00b2<\/strong><\/li>\n<li><span style=\"color: #ff8b17;\"><strong>Hind alates: \u20ac1.488,00 sis.KM<\/strong><\/span><\/li>\n<li>K\u00fcte 4,40 (1,00-6,10) kW, el. 1,02 kW<\/li>\n<li>Jahutus 2,50 (1,30-4,00) kW, el. 0,68 kW<\/li>\n<li>Energiaklass A++<\/li>\n<li>T\u00f6\u00f6tab efektiivselt v\u00e4listemperatuuridel kuni -25\u00b0C.<\/li>\n<li>Matt valge viimistlus.<\/li>\n<li>T\u00e4iustatud mugavus t\u00e4nu kahe ala \u201cnutikale silmale\u201d, parendatud \u00f5huvoolu kavandile ja kasutajas\u00f5bralikule juhtimisele.<\/li>\n<li>\u00c4\u00e4rmiselt vaikne t\u00f6\u00f6: seadme t\u00f6\u00f6tamine on vaevukuuldav. Helir\u00f5hutase on 19 dBA.<\/li>\n<li>V\u00e4ga hea \u00f5huvool ja \u00f5hujaotus.<\/li>\n<li>Kvaliteetne matt valge viimistlus.<\/li>\n<li>Uus kaugjuhtimisseadme kujundus, saadaval ka kvaliteetse mattvalge viimistlusega, mis sobitub ideaalselt siseseadmega.<\/li>\n<\/ul>\n<p><img loading=\"lazy\" class=\"size-full wp-image-558 alignright\" src=\"http:\/\/kodukatlad.ee\/wp-content\/uploads\/2021\/02\/FTXG25LS-RXLG25M-emura1.jpg\" alt=\"\" width=\"200\" height=\"130\" \/><\/p>\n<ul>\n<li><strong>Mudel: FTXG25LS\/RXLG25M<\/strong><\/li>\n<li><strong>V\u00f5imus: 3,64 kW<\/strong><\/li>\n<li><strong>K\u00f6etav pind: 35-88 m\u00b2<\/strong><\/li>\n<li><strong>Jahutatav pind: 25 m\u00b2<\/strong><\/li>\n<li><span style=\"color: #ff8b17;\"><strong>Hind alates: \u20ac1.488,00 sis.KM<\/strong><\/span><\/li>\n<li>Jahutus 2,50 (1,30-4,00) kW, el. 0,68 kW<\/li>\n<li>K\u00fcte 4,40 (1,00-6,10) kW, el. 1,02 kW<\/li>\n<li>Energiaklass A++<\/li>\n<li>H\u00f5bedane viimistlus<\/li>\n<\/ul>\n<p><img loading=\"lazy\" class=\"size-full wp-image-557 alignright\" src=\"http:\/\/kodukatlad.ee\/wp-content\/uploads\/2021\/02\/FTXG35LW-RXLG35M-emura1.jpg\" alt=\"\" width=\"200\" height=\"130\" \/><\/p>\n<ul>\n<li><strong>Mudel: FTXG35LW\/RXLG35M<\/strong><\/li>\n<li><strong>V\u00f5imus: 4,22 kW<\/strong><\/li>\n<li><strong>K\u00f6etav pind: 41-102 m\u00b2<\/strong><\/li>\n<li><strong>Jahutatav pind: 35 m\u00b2<\/strong><\/li>\n<li><span style=\"color: #ff8b17;\"><strong>Hind alates: \u20ac1.620,00 sis.KM<\/strong><\/span><\/li>\n<li>K\u00fcte 5,10 (1,00-6,70) kW, el. 1,31 kW<\/li>\n<li>Jahutus 3,50 (1,40-4,60) kW, el. 0,98 kW<\/li>\n<li>T\u00e4iustatud mugavus t\u00e4nu kahe ala \u201cnutikale silmale\u201d, parendatud \u00f5huvoolu kavandile ja kasutajas\u00f5bralikule juhtimisele.<\/li>\n<li>\u00c4\u00e4rmiselt vaikne t\u00f6\u00f6: seadme t\u00f6\u00f6tamine on vaevukuuldav. Helir\u00f5hutase on 19 dBA.<\/li>\n<li>V\u00f5rgukontroller (valikseade): juhtige oma siseseadet rakenduse kaudu \u00fcksk\u00f5ik kust kohaliku v\u00f5rgu v\u00f5i interneti kaudu.<\/li>\n<li>V\u00e4ga hea \u00f5huvool ja \u00f5hujaotus.<\/li>\n<li>Kvaliteetne matt valge viimistlus.<\/li>\n<\/ul>\n<p>Tehniline spetsifikatsioon eng:\u00a0<a href=\"http:\/\/kodukatlad.ee\/wp-content\/uploads\/2021\/03\/Daikin-Emura-2015.pdf\"><img loading=\"lazy\" class=\"size-full wp-image-39376 alignnone\" style=\"color: #333333; font-size: 14.4px;\" src=\"http:\/\/kodukatlad.ee\/wp-content\/uploads\/2021\/02\/pdf-icon.png\" alt=\"\" width=\"32\" height=\"32\" \/><\/a><\/p>\n<\/div><\/div>\n<div class=\"accordion-item\"><a href=\"#\" class=\"accordion-title plain\"><button class=\"toggle\" aria-label=\"Toggle\"><i class=\"icon-angle-down\"><\/i><\/button><span>Sensira<\/span><\/a><div class=\"accordion-inner\">\n<p><img loading=\"lazy\" class=\"wp-image-560 alignright\" src=\"http:\/\/kodukatlad.ee\/wp-content\/uploads\/2021\/02\/sensira.jpg\" alt=\"\" width=\"163\" height=\"214\" \/><\/p>\n<ul>\n<li><strong>Mudel: FTXC25B\/RXC25B R32<\/strong><\/li>\n<li><strong>V\u00f5imus: 2,0-2,5 kW<\/strong><\/li>\n<li><strong>K\u00f6etav pind: kuni 60 m\u00b2<\/strong><\/li>\n<li><strong>Jahutatav pind: 25 m\u00b2<\/strong><\/li>\n<li><span style=\"color: #ff8b17;\"><strong>Hind alates: \u20ac630.00 sis.KM<\/strong><\/span><\/li>\n<li>Stiilne ja m\u00e4rkamatu \u00f5hukonditsioneer, mis sobib Euroopaliku sisekujundusega.<\/li>\n<li>V\u00f5rreldes R-410A k\u00fclmaainega v\u00e4hendab R-32 k\u00fclmaainega toote valimine keskkonnam\u00f5ju 68% v\u00f5rra ja t\u00e4nu oma suurele energiat\u00f5hususele v\u00e4hendab see otseselt ka elektritarvet.<\/li>\n<li>Internetip\u00f5hine juhtimisseade BRP069B45 (valikvarustuses): siseseadet saab rakenduse abil poolt kohaliku v\u00f5rgu v\u00f5i interneti kaudu juhtida igalt poolt \u2013 nii on alati olemas \u00fclevaade energiatarbimisest.<\/li>\n<li>Sesoonse t\u00f5hususe v\u00e4\u00e4rtused jahutusel kuni A++.<\/li>\n<\/ul>\n<p>Tehniline spetsifikatsioon eng:\u00a0<a href=\"http:\/\/kodukatlad.ee\/wp-content\/uploads\/2021\/03\/FTXC-B_RXC-B_Product-flyer_English.pdf\"><img loading=\"lazy\" class=\"size-full wp-image-39376 alignnone\" style=\"color: #333333; font-size: 14.4px;\" src=\"http:\/\/kodukatlad.ee\/wp-content\/uploads\/2021\/02\/pdf-icon.png\" alt=\"\" width=\"32\" height=\"32\" \/><\/a><\/p>\n<\/div><\/div>\n<div class=\"accordion-item\"><a href=\"#\" class=\"accordion-title plain\"><button class=\"toggle\" aria-label=\"Toggle\"><i class=\"icon-angle-down\"><\/i><\/button><span>Perfera<\/span><\/a><div class=\"accordion-inner\">\n<p><img loading=\"lazy\" class=\"size-full wp-image-561 alignright\" src=\"http:\/\/kodukatlad.ee\/wp-content\/uploads\/2021\/02\/FTXTM40M-RXTM40N-perfera.jpg\" alt=\"\" width=\"200\" height=\"82\" \/><\/p>\n<ul>\n<li><strong>Mudel: FTXTM40M\/RXTM40N<br \/>\n<\/strong><\/li>\n<li><strong>V\u00f5imus: 5,0 kW<\/strong><\/li>\n<li><strong>K\u00f6etav pind: kuni 130 m\u00b2<\/strong><\/li>\n<li><strong>Jahutatav pind: 40 m\u00b2<\/strong><\/li>\n<li><span style=\"color: #ff8b17;\"><strong>Hind alates: \u20ac1.720,00 sis.KM<\/strong><\/span><\/li>\n<li>K\u00fcte 4,00 (0,80-7,20) kW, el. 0,74 (0,15-1,34) kW. Hooajaline soojustegur SCOP 5,3 keskmises kliimatsoonis ja SCOP 4,2 k\u00fclmas kliimatsoonis.<\/li>\n<li>Jahutus 4,00 (0,70-5,10) kW, el. 1,08 (0,19-1,37) kW. Hooajaline jahutustegur SEER 7,7.<\/li>\n<li>K\u00fctte jaoks optimeeritud! Loodud k\u00fclmas kliimas kasutamiseks!<\/li>\n<li>Tehase poolt garanteeritud v\u00e4listemperatuuridel kuni -25\u00b0C t\u00f6\u00f6tamine.<\/li>\n<li>V\u00f5rgukontroller BRP069B41 (valikseade): juhtige oma siseseadet rakenduse kaudu \u00fcksk\u00f5ik kust kohaliku v\u00f5rgu v\u00f5i interneti kaudu.<\/li>\n<\/ul>\n<ul>\n<li><strong>Mudel: FTXTM30M\/RXTM30N<br \/>\n<\/strong><\/li>\n<li><strong>V\u00f5imus: 4,5 kW<\/strong><\/li>\n<li><strong>K\u00f6etav pind: kuni 100 m\u00b2<\/strong><\/li>\n<li><strong>Jahutatav pind: 30 m\u00b2<\/strong><\/li>\n<li><span style=\"color: #ff8b17;\"><strong>Hind alates: \u20ac1.525,00 sis.KM<\/strong><\/span><\/li>\n<li>K\u00fcte 3,20 (0,80-6,70) kW, el. 0,60 (0,15-1,25) kW. Hooajaline soojustegur SCOP 5,12 keskmises kliimatsoonis ja SCOP 4,02 k\u00fclmas kliimatsoonis.<\/li>\n<li>Jahutus 3,00 (0,70-4,50) kW, el. 0,73 (0,17-1,10) kW. Hooajaline jahutustegur SEER 7,6.<\/li>\n<li>K\u00fctte jaoks optimeeritud! Loodud k\u00fclmas kliimas kasutamiseks!<\/li>\n<li>Tehase poolt garanteeritud v\u00e4listemperatuuridel kuni -25\u00b0C t\u00f6\u00f6tamine.<\/li>\n<li>V\u00f5rgukontroller BRP069B41 (valikseade): juhtige oma siseseadet rakenduse kaudu \u00fcksk\u00f5ik kust kohaliku v\u00f5rgu v\u00f5i interneti kaudu.<\/li>\n<\/ul>\n<p>Tehniline spetsifikatsioon eng:\u00a0<a href=\"http:\/\/kodukatlad.ee\/wp-content\/uploads\/2021\/03\/Perfera-floor-standing_Product-catalogue_ECPEN20-007_English.pdf\"><img loading=\"lazy\" class=\"size-full wp-image-39376 alignnone\" style=\"color: #333333; font-size: 14.4px;\" src=\"http:\/\/kodukatlad.ee\/wp-content\/uploads\/2021\/02\/pdf-icon.png\" alt=\"\" width=\"32\" height=\"32\" \/><\/a><\/p>\n<\/div><\/div>\n<\/div>","protected":false},"excerpt":{"rendered":"<p>\u00dcksk\u00f5ik, kas renoveerite oma olemasolevat kodu v\u00f5i ehitate uut, on Daikini \u00f5hk-\u00f5hk soojuspump loogiline lahendus teie k\u00fctte- ja jahutusvajadustele. Daikini \u00f5hk-\u00f5hk soojuspumpasid on lihtne paigaldada ja need sobivad ideaalselt vanade elektris\u00fcsteemide asendamiseks. Paindlikud seadmed sobivad igale p\u00f5randaplaanile ja nende energiat\u00f5hususe reitingud A +++ vastavad k\u00f5igile rohelise hoone n\u00f5uetele.<\/p>","protected":false},"featured_media":375,"template":"","meta":[],"product_cat":[27,28],"product_tag":[],"_links":{"self":[{"href":"https:\/\/kodukatlad.ee\/ru\/wp-json\/wp\/v2\/product\/394"}],"collection":[{"href":"https:\/\/kodukatlad.ee\/ru\/wp-json\/wp\/v2\/product"}],"about":[{"href":"https:\/\/kodukatlad.ee\/ru\/wp-json\/wp\/v2\/types\/product"}],"wp:featuredmedia":[{"embeddable":true,"href":"https:\/\/kodukatlad.ee\/ru\/wp-json\/wp\/v2\/media\/375"}],"wp:attachment":[{"href":"https:\/\/kodukatlad.ee\/ru\/wp-json\/wp\/v2\/media?parent=394"}],"wp:term":[{"taxonomy":"product_cat","embeddable":true,"href":"https:\/\/kodukatlad.ee\/ru\/wp-json\/wp\/v2\/product_cat?post=394"},{"taxonomy":"product_tag","embeddable":true,"href":"https:\/\/kodukatlad.ee\/ru\/wp-json\/wp\/v2\/product_tag?post=394"}],"curies":[{"name":"wp","href":"https:\/\/api.w.org\/{rel}","templated":true}]}}