{"id":393,"date":"2021-01-25T21:28:32","date_gmt":"2021-01-25T21:28:32","guid":{"rendered":"https:\/\/kodukatlad.ee\/?post_type=product&#038;p=393"},"modified":"2021-03-13T13:13:11","modified_gmt":"2021-03-13T13:13:11","slug":"ohk-vesi-mitsubishi-soojuspumbad","status":"publish","type":"product","link":"https:\/\/kodukatlad.ee\/ru\/product\/ohk-vesi-mitsubishi-soojuspumbad\/","title":{"rendered":"\u00d5hk-vesi Mitsubishi soojuspumbad"},"content":{"rendered":"<div class=\"accordion\" rel=\"\">\n<div class=\"accordion-item\"><a href=\"#\" class=\"accordion-title plain\"><button class=\"toggle\" aria-label=\"Toggle\"><i class=\"icon-angle-down\"><\/i><\/button><span>Ecodan<\/span><\/a><div class=\"accordion-inner\">\n<ul>\n<li><strong><img loading=\"lazy\" class=\"size-full wp-image-527 alignright\" src=\"http:\/\/kodukatlad.ee\/wp-content\/uploads\/2021\/02\/mitsubishi-CO2.jpg\" alt=\"\" width=\"200\" height=\"200\" srcset=\"https:\/\/kodukatlad.ee\/wp-content\/uploads\/2021\/02\/mitsubishi-CO2.jpg 200w, https:\/\/kodukatlad.ee\/wp-content\/uploads\/2021\/02\/mitsubishi-CO2-150x150.jpg 150w, https:\/\/kodukatlad.ee\/wp-content\/uploads\/2021\/02\/mitsubishi-CO2-100x100.jpg 100w\" sizes=\"(max-width: 200px) 100vw, 200px\" \/>Mudel: EHPT20Q-VM2EA<\/strong><\/li>\n<li><strong>V\u00f5imus: 220-240v, 50Hz<\/strong><\/li>\n<li><span style=\"color: #ff8b17;\"><strong>Hind: K\u00fcsi pakkumist<\/strong><\/span><\/li>\n<\/ul>\n<p>Ecodan CO2 kasutab looduslikku k\u00fclmutusainet CO2, mis muudab selle roheliseks soojuspumbaks. See on energias\u00e4\u00e4stlik alternatiiv traditsioonilisele k\u00fcttele ja tagab madalad k\u00fcttekulud. Mitsubishi Electricu uusim \u00f5hk-vesi soojuspump on ideaalne lahendus vastvalminud kodudesse ja teile, kellel on suur vajadus sooja vee j\u00e4rele. Vaikne \u00f5hk-vesi soojuspump, mida saab h\u00f5lpsasti juhtmevabalt juhtida WiFi kaudu.<\/p>\n<p>Tehniline spetsifikatsioon est: <a href=\"http:\/\/kodukatlad.ee\/wp-content\/uploads\/2021\/03\/Ecodan-C_broshyyr_A4_ME_MIN.pdf\"><img loading=\"lazy\" class=\"size-full wp-image-39376 alignnone\" style=\"color: #333333; font-size: 14.4px;\" src=\"http:\/\/kodukatlad.ee\/wp-content\/uploads\/2021\/02\/pdf-icon.png\" alt=\"\" width=\"32\" height=\"32\" \/><\/a><\/p>\n<\/div><\/div>\n<div class=\"accordion-item\"><a href=\"#\" class=\"accordion-title plain\"><button class=\"toggle\" aria-label=\"Toggle\"><i class=\"icon-angle-down\"><\/i><\/button><span>Ecodan Package<\/span><\/a><div class=\"accordion-inner\">\n<p><img loading=\"lazy\" class=\"size-full wp-image-528 alignright\" src=\"http:\/\/kodukatlad.ee\/wp-content\/uploads\/2021\/02\/ecodan-package-EHPT20X-YM9D.jpg\" alt=\"\" width=\"200\" height=\"200\" srcset=\"https:\/\/kodukatlad.ee\/wp-content\/uploads\/2021\/02\/ecodan-package-EHPT20X-YM9D.jpg 200w, https:\/\/kodukatlad.ee\/wp-content\/uploads\/2021\/02\/ecodan-package-EHPT20X-YM9D-150x150.jpg 150w, https:\/\/kodukatlad.ee\/wp-content\/uploads\/2021\/02\/ecodan-package-EHPT20X-YM9D-100x100.jpg 100w\" sizes=\"(max-width: 200px) 100vw, 200px\" \/><\/p>\n<ul>\n<li><strong>Mudel: EHPT20X-YM9D<\/strong><\/li>\n<li><span style=\"color: #ff8b17;\"><strong>Hind: K\u00fcsi pakkumist<\/strong><\/span><\/li>\n<\/ul>\n<p>T\u00e4ielik vesik\u00fcte koos vee\u00fchendusega siseosa ja v\u00e4lisosa vahel. N\u00fc\u00fcd on Mitsubishi Electricu enda v\u00e4ljat\u00f6\u00f6tatud s\u00fcsteem Ecodan oma uue k\u00fclmutusaine R32 silindripaagiga t\u00f5husamaks ja keskkonnas\u00f5bralikumaks muutunud.<\/p>\n<p>Tooted ei tekita liigset kuumust ega k\u00fclma. Uusima invertertehnoloogiaga t\u00f6\u00f6tab kompressor pidevalt, kuid kiirusel, mis varieerub s\u00f5ltuvalt teie k\u00fctte- v\u00f5i jahutusvajadusest. See annab suurema kokkuhoiu, v\u00e4hem kulumist ja madalama m\u00fcrataseme.<\/p>\n<\/div><\/div>\n<div class=\"accordion-item\"><a href=\"#\" class=\"accordion-title plain\"><button class=\"toggle\" aria-label=\"Toggle\"><i class=\"icon-angle-down\"><\/i><\/button><span>Wcodan Split<\/span><\/a><div class=\"accordion-inner\">\n<p><img loading=\"lazy\" class=\"size-full wp-image-529 alignright\" src=\"http:\/\/kodukatlad.ee\/wp-content\/uploads\/2021\/02\/wcodan-split-EHST20D-YM9D.jpg\" alt=\"\" width=\"200\" height=\"200\" srcset=\"https:\/\/kodukatlad.ee\/wp-content\/uploads\/2021\/02\/wcodan-split-EHST20D-YM9D.jpg 200w, https:\/\/kodukatlad.ee\/wp-content\/uploads\/2021\/02\/wcodan-split-EHST20D-YM9D-150x150.jpg 150w, https:\/\/kodukatlad.ee\/wp-content\/uploads\/2021\/02\/wcodan-split-EHST20D-YM9D-100x100.jpg 100w\" sizes=\"(max-width: 200px) 100vw, 200px\" \/><\/p>\n<ul>\n<li><strong>Mudel: EHST20D-YM9D<\/strong><\/li>\n<li><span style=\"color: #ff8b17;\"><strong>Hind alates: \u20ac7.195,00 sis.KM<\/strong><\/span><\/li>\n<li>Maksimaalne pealevoolutemperatuur 60\u00b0C<\/li>\n<li>Minimaalne pealevoolutemperatuur 20\u00b0C<\/li>\n<li>Elektrik\u00fcttekeha 3 + 6 kW<\/li>\n<li>Voolutugevus (max) 13A<\/li>\n<\/ul>\n<p>Tehniline spetsifikatsioon est: <a href=\"http:\/\/kodukatlad.ee\/wp-content\/uploads\/2021\/03\/Ecodan-D_broshyyr_EE_kliimaseade.pdf\"><img loading=\"lazy\" class=\"size-full wp-image-39376 alignnone\" style=\"color: #333333; font-size: 14.4px;\" src=\"http:\/\/kodukatlad.ee\/wp-content\/uploads\/2021\/02\/pdf-icon.png\" alt=\"\" width=\"32\" height=\"32\" \/><\/a><\/p>\n<\/div><\/div>\n<div class=\"accordion-item\"><a href=\"#\" class=\"accordion-title plain\"><button class=\"toggle\" aria-label=\"Toggle\"><i class=\"icon-angle-down\"><\/i><\/button><span>Hydrobox<\/span><\/a><div class=\"accordion-inner\">\n<p><img loading=\"lazy\" class=\"size-full wp-image-530 alignright\" src=\"http:\/\/kodukatlad.ee\/wp-content\/uploads\/2021\/02\/hydrobox-EHSD-YM9D.jpg\" alt=\"\" width=\"200\" height=\"200\" srcset=\"https:\/\/kodukatlad.ee\/wp-content\/uploads\/2021\/02\/hydrobox-EHSD-YM9D.jpg 200w, https:\/\/kodukatlad.ee\/wp-content\/uploads\/2021\/02\/hydrobox-EHSD-YM9D-150x150.jpg 150w, https:\/\/kodukatlad.ee\/wp-content\/uploads\/2021\/02\/hydrobox-EHSD-YM9D-100x100.jpg 100w\" sizes=\"(max-width: 200px) 100vw, 200px\" \/><\/p>\n<ul>\n<li><strong>Mudel: EHSD-YM9D<\/strong><\/li>\n<li><strong>V\u00f5imsus 50 Hz<\/strong><\/li>\n<li><span style=\"color: #ff8b17;\"><strong>Hind alates:\u00a0\u20ac3.900,00 sis.KM<\/strong><\/span><\/li>\n<\/ul>\n<p>Olemasoleva veesoojendi juurde, millel on k\u00fclmutusaine \u00fchendus siseosa ja v\u00e4lisosa vahel. Hydrobox laenduse valimisel v\u00f5ite kasutada olemasolevat veesoojendit. \u00dchendades Hydroboxi oma olemasoleva s\u00fcsteemiga, saate k\u00f5ik Ecodani energias\u00e4\u00e4stufunktsioonid. Ecodan s\u00e4\u00e4stab raha, energiat ja on keskkonna suhtes \u00f5rn.<\/p>\n<p>Tehniline spetsifikatsioon eng: <a href=\"http:\/\/kodukatlad.ee\/wp-content\/uploads\/2021\/03\/Mitsubishi-Electric-Ecodan-R32-air-to-water-heat-pumps-info-2020-ENG.pdf\"><img loading=\"lazy\" class=\"size-full wp-image-39376 alignnone\" style=\"color: #333333; font-size: 14.4px;\" src=\"http:\/\/kodukatlad.ee\/wp-content\/uploads\/2021\/02\/pdf-icon.png\" alt=\"\" width=\"32\" height=\"32\" \/><\/a><\/p>\n<\/div><\/div>\n<\/div>","protected":false},"excerpt":{"rendered":"<p><span style=\"font-size: 110%;\">Mitsubishi \u00f5hk-vesi soojuspumbad on t\u00f5usnud juhtivate soojuspumpade tootjate sekka. See positsioon on saavutatud pikaajalise arendust\u00f6\u00f6 tulemusena Jaapanis, mis on teinud nende soojuspumbad nii vastupidavateks kui ka efektiivseteks.<\/span><\/p>\n<p><span style=\"font-size: 110%;\"><strong>Ideaalil\u00e4hedane tasakaal hinnas ja kvaliteedis<\/strong> on just see, mis Mitsubishi \u00f5hk-vesi soojuspumbad \u00f5hksoojuspumpa endale valida!<\/span><\/p>\n<p>Valikus koos integreeritud tarbeveeboileriga (HMA100V2) ja ilma integreeritud tarbeveeboileriga (HMS140V2)<\/p>\n<p><img loading=\"lazy\" class=\"alignnone wp-image-438\" src=\"http:\/\/kodukatlad.ee\/wp-content\/uploads\/2021\/01\/Mitsubishi-logo-01.jpg\" alt=\"\" width=\"200\" height=\"111\" \/><\/p>","protected":false},"featured_media":373,"template":"","meta":[],"product_cat":[22,26],"product_tag":[],"_links":{"self":[{"href":"https:\/\/kodukatlad.ee\/ru\/wp-json\/wp\/v2\/product\/393"}],"collection":[{"href":"https:\/\/kodukatlad.ee\/ru\/wp-json\/wp\/v2\/product"}],"about":[{"href":"https:\/\/kodukatlad.ee\/ru\/wp-json\/wp\/v2\/types\/product"}],"wp:featuredmedia":[{"embeddable":true,"href":"https:\/\/kodukatlad.ee\/ru\/wp-json\/wp\/v2\/media\/373"}],"wp:attachment":[{"href":"https:\/\/kodukatlad.ee\/ru\/wp-json\/wp\/v2\/media?parent=393"}],"wp:term":[{"taxonomy":"product_cat","embeddable":true,"href":"https:\/\/kodukatlad.ee\/ru\/wp-json\/wp\/v2\/product_cat?post=393"},{"taxonomy":"product_tag","embeddable":true,"href":"https:\/\/kodukatlad.ee\/ru\/wp-json\/wp\/v2\/product_tag?post=393"}],"curies":[{"name":"wp","href":"https:\/\/api.w.org\/{rel}","templated":true}]}}