{"id":392,"date":"2021-01-25T21:27:52","date_gmt":"2021-01-25T21:27:52","guid":{"rendered":"https:\/\/kodukatlad.ee\/?post_type=product&#038;p=392"},"modified":"2021-03-13T13:13:32","modified_gmt":"2021-03-13T13:13:32","slug":"ohk-vesi-midea-soojuspumbad","status":"publish","type":"product","link":"https:\/\/kodukatlad.ee\/ru\/product\/ohk-vesi-midea-soojuspumbad\/","title":{"rendered":"\u00d5hk-vesi Midea soojuspumbad"},"content":{"rendered":"<div class=\"accordion\" rel=\"\">\n<div class=\"accordion-item\"><a href=\"#\" class=\"accordion-title plain\"><button class=\"toggle\" aria-label=\"Toggle\"><i class=\"icon-angle-down\"><\/i><\/button><span>M-Thermal Artic<\/span><\/a><div class=\"accordion-inner\">\n<p><img loading=\"lazy\" class=\"size-full wp-image-536 alignright\" src=\"http:\/\/kodukatlad.ee\/wp-content\/uploads\/2021\/02\/daikin.jpg\" alt=\"\" width=\"200\" height=\"200\" srcset=\"https:\/\/kodukatlad.ee\/wp-content\/uploads\/2021\/02\/daikin.jpg 200w, https:\/\/kodukatlad.ee\/wp-content\/uploads\/2021\/02\/daikin-150x150.jpg 150w, https:\/\/kodukatlad.ee\/wp-content\/uploads\/2021\/02\/daikin-100x100.jpg 100w\" sizes=\"(max-width: 200px) 100vw, 200px\" \/><\/p>\n<ul>\n<li><strong>Mudel: HBA60\/CGN8-B \/ MHAV4W\/D2N8-B<\/strong><\/li>\n<li><strong>V\u00f5imsus: 4 kW<\/strong><\/li>\n<li><strong>K\u00f6etav pind: 90 m\u00b2<\/strong><\/li>\n<li><span style=\"color: #ff8b17;\"><strong>Hind alates: \u20ac2.750,00 sis.KM<\/strong><\/span><\/li>\n<li>T\u00f5hus k\u00fcte -25\u00b0C v\u00e4lis\u00f5hu temperatuurini<\/li>\n<li>SCOP kuni 5,21; energiaklass A+++<\/li>\n<li>K\u00fclmaaine R32<\/li>\n<li>\u00dclivaikne v\u00e4lisseade<\/li>\n<li>Alfa Laval plaatsoojusvaheti<\/li>\n<li>Wilo tsirkulatsioonipump<\/li>\n<li>Mitsubishi Electric twin rotary DC inverterkompressor<\/li>\n<li>WIFI kontroller standardvarustuses<\/li>\n<\/ul>\n<p><img loading=\"lazy\" class=\"size-full wp-image-536 alignright\" src=\"http:\/\/kodukatlad.ee\/wp-content\/uploads\/2021\/02\/daikin.jpg\" alt=\"\" width=\"200\" height=\"200\" srcset=\"https:\/\/kodukatlad.ee\/wp-content\/uploads\/2021\/02\/daikin.jpg 200w, https:\/\/kodukatlad.ee\/wp-content\/uploads\/2021\/02\/daikin-150x150.jpg 150w, https:\/\/kodukatlad.ee\/wp-content\/uploads\/2021\/02\/daikin-100x100.jpg 100w\" sizes=\"(max-width: 200px) 100vw, 200px\" \/><\/p>\n<ul>\n<li><strong>Mudel: HBA100\/CGN8-B \/ MHAV10W\/D2N8-B <\/strong><\/li>\n<li><strong>V\u00f5imsus: 10 kW<\/strong><\/li>\n<li><strong>K\u00f6etav pind: 225 m\u00b2<\/strong><\/li>\n<li><span style=\"color: #ff8b17;\"><strong>Hind alates: \u20ac3.310,00 sis.KM<\/strong><\/span><\/li>\n<li>T\u00f5hus k\u00fcte -25\u00b0C v\u00e4lis\u00f5hu temperatuurini<\/li>\n<li>SCOP kuni 5,21; energiaklass A+++<\/li>\n<li>K\u00fclmaaine R32<\/li>\n<li>\u00dclivaikne v\u00e4lisseade<\/li>\n<li>Alfa Laval plaatsoojusvaheti<\/li>\n<li>Wilo tsirkulatsioonipump<\/li>\n<li>Mitsubishi Electric twin rotary DC inverterkompressor<\/li>\n<li>WIFI kontroller standardvarustuses<\/li>\n<\/ul>\n<p><img loading=\"lazy\" class=\"size-full wp-image-536 alignright\" src=\"http:\/\/kodukatlad.ee\/wp-content\/uploads\/2021\/02\/daikin.jpg\" alt=\"\" width=\"200\" height=\"200\" srcset=\"https:\/\/kodukatlad.ee\/wp-content\/uploads\/2021\/02\/daikin.jpg 200w, https:\/\/kodukatlad.ee\/wp-content\/uploads\/2021\/02\/daikin-150x150.jpg 150w, https:\/\/kodukatlad.ee\/wp-content\/uploads\/2021\/02\/daikin-100x100.jpg 100w\" sizes=\"(max-width: 200px) 100vw, 200px\" \/><\/p>\n<ul>\n<li><strong>Mudel: HBA160\/CGN8-B \/ V16W\/D2RN8-B <\/strong><\/li>\n<li><strong>V\u00f5imsus: 16 kW<\/strong><\/li>\n<li><strong>K\u00f6etav pind: 350 m\u00b2<\/strong><\/li>\n<li><span style=\"color: #ff8b17;\"><strong>Hind alates: \u20ac4.300,00 sis.KM<\/strong><\/span><\/li>\n<li>T\u00f5hus k\u00fcte -25\u00b0C v\u00e4lis\u00f5hu temperatuurini<\/li>\n<li>SCOP kuni 5,21; energiaklass A+++<\/li>\n<li>K\u00fclmaaine R32<\/li>\n<li>\u00dclivaikne v\u00e4lisseade<\/li>\n<li>Alfa Laval plaatsoojusvaheti<\/li>\n<li>Wilo tsirkulatsioonipump<\/li>\n<li>Mitsubishi Electric twin rotary DC inverterkompressor<\/li>\n<li>WIFI kontroller standardvarustuses<\/li>\n<\/ul>\n<p><img loading=\"lazy\" class=\"wp-image-537 alignright\" src=\"http:\/\/kodukatlad.ee\/wp-content\/uploads\/2021\/02\/A60-CGN8-B-V6W-D2N8-B.jpg\" alt=\"\" width=\"183\" height=\"186\" \/><\/p>\n<ul>\n<li><strong>Mudel: A60\/CGN8-B \/ V6W\/D2N8-B<\/strong><\/li>\n<li><strong>V\u00f5imsus: 6,2 kW<\/strong><\/li>\n<li><strong>K\u00f6etav pind: kuni 150 m\u00b2<\/strong><\/li>\n<li><span style=\"color: #ff8b17;\"><strong>Hind alates: \u20ac2.990,00 sis.KM<\/strong><\/span><\/li>\n<li>Inverter-t\u00fc\u00fcpi \u00f5hk-vesi soojuspump ilma tarbeveeboilerita.<\/li>\n<li>Siseosa m\u00f5\u00f5dud: 790 x 420 x 270 mm<\/li>\n<li>Siseosa kaal: 41 kg<\/li>\n<li>V\u00e4lisosa m\u00f5\u00f5dud: 712 x 1007 x 426 mm<\/li>\n<li>V\u00e4lisosa kaal: 58,0 kg<\/li>\n<li>Minimaalne garanteeritud t\u00f6\u00f6temperatuur: -25 kraadi<\/li>\n<li>Siseosa toide: 3 faasi 400 V \/ 50 Hz, 16 A<\/li>\n<li>V\u00e4lisosa toide: 1 faas 230 V \/ 50 Hz, 20 A<\/li>\n<\/ul>\n<p>Tehniline spetsifikatsioon est: <a href=\"http:\/\/kodukatlad.ee\/wp-content\/uploads\/2021\/03\/Midea-Mission-II-R32-ohk-soojuspumpade-kataloog.pdf\"><img loading=\"lazy\" class=\"size-full wp-image-39376 alignnone\" style=\"color: #333333; font-size: 14.4px;\" src=\"http:\/\/kodukatlad.ee\/wp-content\/uploads\/2021\/02\/pdf-icon.png\" alt=\"\" width=\"32\" height=\"32\" \/><\/a><\/p>\n<\/div><\/div>\n<\/div>","protected":false},"excerpt":{"rendered":"<div id=\"targetText\" class=\"targetText translateTextResult hover\" data-text=\"targetTextTooltip\">\n<p id=\"mt-result-3\" class=\"mt-translation ng-tns-c10-5\" aria-haspopup=\"true\"><span class=\"sentence sentence-3-0\"><span class=\"phrase phrase-3-0-1-2-3-4-5-6-7-8-0-1-2-3-4-5-6\"><span class=\"word word-3-0-0\">Midea Group on juhtiv kodumasinate tootja, kellel on 7 tootmisu\u0308ksust maailmas. Midea tooteid mu\u0308u\u0308akse enam kui 150 riigis. 2013. aasta algusest kehtib uus \u00f6kodisaini ja energiam\u00e4rgistuse direktiiv (ErP). Selle kohaselt on \u00f5hksoojuspumpade andmete esitamisel kasutusele v\u00f5etud uued sesoonsed t\u00f5hususn\u00e4itajad ja uus energiam\u00e4rgistus. Midea \u00f5hksoojuspumbad on elegantsed ja energias\u00e4\u00e4stlikud. Midea tooted omavad Eurovent sertifikaati. S\u00e4\u00e4sta raha, nautides mugavust \u2013 vali Midea soojuspump.<\/span><span class=\"word word-3-3-6 word-3-8-6\"><br \/>\n<\/span><\/span><\/span><\/p>\n<\/div>","protected":false},"featured_media":370,"template":"","meta":[],"product_cat":[22,25],"product_tag":[],"_links":{"self":[{"href":"https:\/\/kodukatlad.ee\/ru\/wp-json\/wp\/v2\/product\/392"}],"collection":[{"href":"https:\/\/kodukatlad.ee\/ru\/wp-json\/wp\/v2\/product"}],"about":[{"href":"https:\/\/kodukatlad.ee\/ru\/wp-json\/wp\/v2\/types\/product"}],"wp:featuredmedia":[{"embeddable":true,"href":"https:\/\/kodukatlad.ee\/ru\/wp-json\/wp\/v2\/media\/370"}],"wp:attachment":[{"href":"https:\/\/kodukatlad.ee\/ru\/wp-json\/wp\/v2\/media?parent=392"}],"wp:term":[{"taxonomy":"product_cat","embeddable":true,"href":"https:\/\/kodukatlad.ee\/ru\/wp-json\/wp\/v2\/product_cat?post=392"},{"taxonomy":"product_tag","embeddable":true,"href":"https:\/\/kodukatlad.ee\/ru\/wp-json\/wp\/v2\/product_tag?post=392"}],"curies":[{"name":"wp","href":"https:\/\/api.w.org\/{rel}","templated":true}]}}