{"id":390,"date":"2021-01-25T21:27:23","date_gmt":"2021-01-25T21:27:23","guid":{"rendered":"https:\/\/kodukatlad.ee\/?post_type=product&#038;p=390"},"modified":"2021-03-13T13:14:01","modified_gmt":"2021-03-13T13:14:01","slug":"ohk-vesi-daikin-soojuspumbad","status":"publish","type":"product","link":"https:\/\/kodukatlad.ee\/ru\/product\/ohk-vesi-daikin-soojuspumbad\/","title":{"rendered":"\u00d5hk-vesi Daikin soojuspumbad"},"content":{"rendered":"<div class=\"accordion\" rel=\"\">\n<div class=\"accordion-item\"><a href=\"#\" class=\"accordion-title plain\"><button class=\"toggle\" aria-label=\"Toggle\"><i class=\"icon-angle-down\"><\/i><\/button><span>Altherma 3<\/span><\/a><div class=\"accordion-inner\">\n<p><strong><img loading=\"lazy\" class=\"size-full wp-image-521 alignright\" src=\"http:\/\/kodukatlad.ee\/wp-content\/uploads\/2021\/02\/EHVX08S23DA9W-ERGA08DV.jpg\" alt=\"\" width=\"200\" height=\"200\" srcset=\"https:\/\/kodukatlad.ee\/wp-content\/uploads\/2021\/02\/EHVX08S23DA9W-ERGA08DV.jpg 200w, https:\/\/kodukatlad.ee\/wp-content\/uploads\/2021\/02\/EHVX08S23DA9W-ERGA08DV-150x150.jpg 150w, https:\/\/kodukatlad.ee\/wp-content\/uploads\/2021\/02\/EHVX08S23DA9W-ERGA08DV-100x100.jpg 100w\" sizes=\"(max-width: 200px) 100vw, 200px\" \/><\/strong><\/p>\n<ul>\n<li><strong>Mudel: EHVX08S23DA9W \/ ERGA08DV<\/strong><\/li>\n<li><strong>V\u00f5imus: 7,5 kW<\/strong><\/li>\n<li><strong>K\u00f6etav pind: kuni 180 m\u00b2<\/strong><\/li>\n<li><span style=\"color: #ff8b17;\"><strong>Hind alates: \u20ac6.836,40 sis.KM<\/strong><\/span><\/li>\n<li>Jahutus 2,50 (1,30-3,20) kW, el. 0,56 kW<\/li>\n<li>K\u00fcte 2,80 (1,30-4,70) kW, el. 0,56 kW<\/li>\n<li>Serveriruumi jahutamiseks t\u00f6\u00f6re\u017eiim on v\u00f5malik seadistada kuni -20\u00b0C v\u00e4lis\u00f5hu temperatuurini.<\/li>\n<li>V\u00f5rreldes R-410A k\u00fclmaainega v\u00e4hendab R-32 k\u00fclmaainega toote valimine keskkonnam\u00f5ju 68% v\u00f5rra ja t\u00e4nu oma suurele energiat\u00f5hususele v\u00e4hendab see otseselt ka elektritarvet.<\/li>\n<li>Praktiliselt kuuldamatu: seade t\u00f6\u00f6tab nii vaikselt, et selle olemasolu peaagu ei m\u00e4rkagi.<\/li>\n<li>V\u00e4lisseadmed paigaldatakse p\u00f6\u00f6rdkompressoriga, mis on tuntud madala m\u00fcrataseme ja suure energiat\u00f5hususe poolest.<\/li>\n<li>V\u00e4lisseadmed paarisrakenduse jaoks.<\/li>\n<li>Kahte piirkonda kattev liikumisandur: \u00f5huvoog suunatakse piirkonda, kus inimesi hetkel ei viibi; Kui inimesi ei tuvastata, l\u00fclitub seade automaatselt energiat\u00f5husale seadistusele.<\/li>\n<li>V\u00f5rgukontroller: juhtige oma siseseadet rakenduse kaudu \u00fcksk\u00f5ik kust kohaliku v\u00f5rgu v\u00f5i interneti kaudu.<\/li>\n<li>Korrosioonikaitsega v\u00e4lissoojusvaheti ribid.<\/li>\n<\/ul>\n<p><img loading=\"lazy\" class=\"size-full wp-image-522 alignright\" src=\"http:\/\/kodukatlad.ee\/wp-content\/uploads\/2021\/02\/EHVX16S18CB3V-ERLQ016CW1.jpg\" alt=\"\" width=\"200\" height=\"200\" srcset=\"https:\/\/kodukatlad.ee\/wp-content\/uploads\/2021\/02\/EHVX16S18CB3V-ERLQ016CW1.jpg 200w, https:\/\/kodukatlad.ee\/wp-content\/uploads\/2021\/02\/EHVX16S18CB3V-ERLQ016CW1-150x150.jpg 150w, https:\/\/kodukatlad.ee\/wp-content\/uploads\/2021\/02\/EHVX16S18CB3V-ERLQ016CW1-100x100.jpg 100w\" sizes=\"(max-width: 200px) 100vw, 200px\" \/><\/p>\n<ul>\n<li><strong>Mudel: EHVX16S18CB3V \/ ERLQ016CW1<\/strong><\/li>\n<li><strong>V\u00f5imus: 9,0 kW<\/strong><\/li>\n<li><strong>K\u00f6etav pind: 270 m\u00b2<\/strong><\/li>\n<li><span style=\"color: #ff8b17;\"><strong>Hind alates: \u20ac7.634,40 sis.KM<\/strong><\/span><\/li>\n<li>K\u00fcte 16,10 kW el. 3,83 kW<\/li>\n<li>Jahutus 13,12 kW, el. 5,74 kW<\/li>\n<li>V\u00e4ga head kasuteguri (COP) n\u00e4itajad toetus- ja sertifitseerimisprogrammides osalemiseks.<\/li>\n<li>Puudub vajadus (v\u00f5i on v\u00e4ga v\u00e4ike vajadus) elektriliste varuseadmete j\u00e4rele.<\/li>\n<li>Suurim t\u00f5husus enimesinevas temperatuurivahemikus.<\/li>\n<li>V\u00e4ga v\u00e4ikese soojuskoormusega konkreetsetele vajadustele vastavalt valmistatud toode.<\/li>\n<li>Valmistatud selliselt, et peab vastu ka k\u00f5ige karmimatele talveilmadele.<\/li>\n<li>\u00dcks s\u00fcsteem katab k\u00fctte, jahutuse ja sooja tarbevee vajaduse.<\/li>\n<\/ul>\n<p><img loading=\"lazy\" class=\"size-full wp-image-523 alignright\" src=\"http:\/\/kodukatlad.ee\/wp-content\/uploads\/2021\/02\/H-HT-EPRA16DW1.jpg\" alt=\"\" width=\"200\" height=\"200\" srcset=\"https:\/\/kodukatlad.ee\/wp-content\/uploads\/2021\/02\/H-HT-EPRA16DW1.jpg 200w, https:\/\/kodukatlad.ee\/wp-content\/uploads\/2021\/02\/H-HT-EPRA16DW1-150x150.jpg 150w, https:\/\/kodukatlad.ee\/wp-content\/uploads\/2021\/02\/H-HT-EPRA16DW1-100x100.jpg 100w\" sizes=\"(max-width: 200px) 100vw, 200px\" \/><\/p>\n<ul>\n<li><strong>Mudel: EHVX16S26CB9W \/ ERLQ016CW1<\/strong><\/li>\n<li><strong>V\u00f5imus: K\u00fcttev\u00f5imsus 16,10 kW (+7\u00b0C\/+35\u00b0C); tarbimisv\u00f5imsus 3,83 kW (+7\u00b0C\/+35\u00b0C)<\/strong><\/li>\n<li><strong>K\u00f6etav pind:<\/strong><\/li>\n<li><span style=\"color: #ff8b17;\"><strong>Hind alates: \u20ac7.896,00 sis.KM<\/strong><\/span><\/li>\n<li>K\u00fcte 16,10 kW el. 3,83 kW<\/li>\n<li>Jahutus 13,12 kW, el. 5,74 kW<\/li>\n<li>V\u00e4ga head kasuteguri (COP) n\u00e4itajad toetus- ja sertifitseerimisprogrammides osalemiseks.<\/li>\n<li>Puudub vajadus (v\u00f5i on v\u00e4ga v\u00e4ike vajadus) elektriliste varuseadmete j\u00e4rele.<\/li>\n<li>Suurim t\u00f5husus enimesinevas temperatuurivahemikus.<\/li>\n<li>V\u00e4ga v\u00e4ikese soojuskoormusega konkreetsetele vajadustele vastavalt valmistatud toode.<\/li>\n<li>Valmistatud selliselt, et peab vastu ka k\u00f5ige karmimatele talveilmadele<\/li>\n<li>\u00dcks s\u00fcsteem katab k\u00fctte, jahutuse ja sooja tarbevee vajaduse.<\/li>\n<\/ul>\n<p>Tehniline spetsifikatsioon est: <a href=\"http:\/\/kodukatlad.ee\/wp-content\/uploads\/2021\/03\/Daikin-Altherma-3-kataloog-2018.pdf\"><img loading=\"lazy\" class=\"size-full wp-image-39376 alignnone\" style=\"color: #333333; font-size: 14.4px;\" src=\"http:\/\/kodukatlad.ee\/wp-content\/uploads\/2021\/02\/pdf-icon.png\" alt=\"\" width=\"32\" height=\"32\" \/><\/a> \u00a0eng:\u00a0<a href=\"http:\/\/kodukatlad.ee\/wp-content\/uploads\/2021\/03\/Daikin-Altherma-3-product-catalogue-ECPEN18-786.pdf\"><img loading=\"lazy\" class=\"size-full wp-image-39376 alignnone\" style=\"color: #333333; font-size: 14.4px;\" src=\"http:\/\/kodukatlad.ee\/wp-content\/uploads\/2021\/02\/pdf-icon.png\" alt=\"\" width=\"32\" height=\"32\" \/><\/a><\/p>\n<\/div><\/div>\n<div class=\"accordion-item\"><a href=\"#\" class=\"accordion-title plain\"><button class=\"toggle\" aria-label=\"Toggle\"><i class=\"icon-angle-down\"><\/i><\/button><span>Altherma 3 HHT<\/span><\/a><div class=\"accordion-inner\">\n<p><img loading=\"lazy\" class=\"size-full wp-image-523 alignright\" src=\"http:\/\/kodukatlad.ee\/wp-content\/uploads\/2021\/02\/H-HT-EPRA16DW1.jpg\" alt=\"\" width=\"200\" height=\"200\" srcset=\"https:\/\/kodukatlad.ee\/wp-content\/uploads\/2021\/02\/H-HT-EPRA16DW1.jpg 200w, https:\/\/kodukatlad.ee\/wp-content\/uploads\/2021\/02\/H-HT-EPRA16DW1-150x150.jpg 150w, https:\/\/kodukatlad.ee\/wp-content\/uploads\/2021\/02\/H-HT-EPRA16DW1-100x100.jpg 100w\" sizes=\"(max-width: 200px) 100vw, 200px\" \/><\/p>\n<ul>\n<li><strong>Mudel: H HT EPRA14DW1<\/strong><\/li>\n<li><strong>V\u00f5imus: 9,4 kW (-15\u00b0C\/35\u00b0C); 8,1 kW (-20\u00b0C\/35\u00b0C); 7,8 kW (-25\u00b0C\/35\u00b0C)<\/strong><\/li>\n<li><strong>K\u00f6etav pind: kuni 220 m2<\/strong><\/li>\n<li><span style=\"color: #ff8b17;\"><strong>Hind alates: \u20ac8.160,00 sis.KM<\/strong><\/span><\/li>\n<li>A+++ Hooajalise ruumide k\u00fctmise. efektiivsusklass.<\/li>\n<li>Soojuspumpade absoluutne k\u00f5rgklass<\/li>\n<li>Disain \u2013 T\u00e4iendab iga kodu nii seest kui v\u00e4ljastpoolt.<\/li>\n<li>Heli \u2013 H\u00e4iringuteta vaikne ja l\u00f5\u00f5gastav keskkond.<\/li>\n<li>Toimimine \u2013 Uusimad tehnoloogiad, mis aitavad s\u00e4\u00e4sta energiat ja raha<\/li>\n<li>Kombinatsioon \u2013 S\u00fcsteemi saab kohandada, et see sobiks elustiili ja mugavusvajadustega.<\/li>\n<\/ul>\n<ul>\n<li><strong>Mudel: H HT EPRA16DW1<\/strong><\/li>\n<li><strong>V\u00f5imus: 10,4 kW (-15\u00b0C\/35\u00b0C); 8,9 kW (-20\u00b0C\/35\u00b0C); 8,7 kW (-25\u00b0C\/35\u00b0C)<\/strong><\/li>\n<li><strong>K\u00f6etav pind: kuni 260 m2<\/strong><\/li>\n<li><span style=\"color: #ff8b17;\"><strong>Hind alates: \u20ac8.960,00 sis.KM<\/strong><\/span><\/li>\n<li>A+++ Hooajalise ruumide k\u00fctmise efektiivsusklass.<\/li>\n<li>Soojuspumpade absoluutne k\u00f5rgklass.Disain \u2013 T\u00e4iendab iga kodu nii seest kui v\u00e4ljastpoolt.<\/li>\n<li>Heli \u2013 H\u00e4iringuteta vaikne ja l\u00f5\u00f5gastav keskkond.<\/li>\n<li>Toimimine \u2013 Uusimad tehnoloogiad, mis aitavad s\u00e4\u00e4sta energiat ja raha.<\/li>\n<li>Kombinatsioon \u2013 S\u00fcsteemi saab kohandada, et see sobiks elustiili ja mugavusvajadustega.<\/li>\n<\/ul>\n<ul>\n<li><strong>Mudel: H HT EPRA18DW1<\/strong><\/li>\n<li><strong>V\u00f5imus: 11,2 kW (-15\u00b0C\/35\u00b0C); 9,6 kW (-20\u00b0C\/35\u00b0C); 9,3 kW (-25\u00b0C\/35\u00b0C)<\/strong><\/li>\n<li><strong>K\u00f6etav pind: kuni 300 m2<\/strong><\/li>\n<li><span style=\"color: #ff8b17;\"><strong>Hind alates: \u20ac9.550,00 sis.KM<\/strong><\/span><\/li>\n<li>A+++ Hooajalise ruumide k\u00fctmise efektiivsusklass.<\/li>\n<li>Soojuspumpade absoluutne k\u00f5rgklass.<\/li>\n<li>Disain \u2013 T\u00e4iendab iga kodu nii seest kui v\u00e4ljastpoolt.<\/li>\n<li>Heli \u2013 H\u00e4iringuteta vaikne ja l\u00f5\u00f5gastav keskkond.<\/li>\n<li>Toimimine \u2013 Uusimad tehnoloogiad, mis aitavad s\u00e4\u00e4sta energiat ja raha.<\/li>\n<li>Kombinatsioon \u2013 S\u00fcsteemi saab kohandada, et see sobiks elustiili ja mugavusvajadustega.<\/li>\n<\/ul>\n<p>Tehniline spetsifikatsioon est: <a href=\"http:\/\/kodukatlad.ee\/wp-content\/uploads\/2021\/03\/Daikin-Altherma-3-H-HT-EST.pdf\"><img loading=\"lazy\" class=\"size-full wp-image-39376 alignnone\" style=\"color: #333333; font-size: 14.4px;\" src=\"http:\/\/kodukatlad.ee\/wp-content\/uploads\/2021\/02\/pdf-icon.png\" alt=\"\" width=\"32\" height=\"32\" \/><\/a> \u00a0eng:\u00a0<a href=\"http:\/\/kodukatlad.ee\/wp-content\/uploads\/2021\/03\/Daikin-Altherma-3-H-HT-EPRA-D_Product-flyer_ECPEN20-794_English.pdf\"><img loading=\"lazy\" class=\"size-full wp-image-39376 alignnone\" style=\"color: #333333; font-size: 14.4px;\" src=\"http:\/\/kodukatlad.ee\/wp-content\/uploads\/2021\/02\/pdf-icon.png\" alt=\"\" width=\"32\" height=\"32\" \/><\/a><\/p>\n<\/div><\/div>\n<\/div>","protected":false},"excerpt":{"rendered":"<p>Daikin soojuspumbad ammutavad \u00f5hust taastuvat soojust, mis muudab teie kodu k\u00fctmise energiat\u00f5husaks protsessiks.<\/p>\n<ul>\n<li>Kasutab 75% \u00f5hust eraldatavat taastuvenergiat ja 25% elektrit.<\/li>\n<li>Saavutab kuni A+++ energiat\u00f5hususe.<\/li>\n<\/ul>","protected":false},"featured_media":371,"template":"","meta":[],"product_cat":[22,24],"product_tag":[],"_links":{"self":[{"href":"https:\/\/kodukatlad.ee\/ru\/wp-json\/wp\/v2\/product\/390"}],"collection":[{"href":"https:\/\/kodukatlad.ee\/ru\/wp-json\/wp\/v2\/product"}],"about":[{"href":"https:\/\/kodukatlad.ee\/ru\/wp-json\/wp\/v2\/types\/product"}],"wp:featuredmedia":[{"embeddable":true,"href":"https:\/\/kodukatlad.ee\/ru\/wp-json\/wp\/v2\/media\/371"}],"wp:attachment":[{"href":"https:\/\/kodukatlad.ee\/ru\/wp-json\/wp\/v2\/media?parent=390"}],"wp:term":[{"taxonomy":"product_cat","embeddable":true,"href":"https:\/\/kodukatlad.ee\/ru\/wp-json\/wp\/v2\/product_cat?post=390"},{"taxonomy":"product_tag","embeddable":true,"href":"https:\/\/kodukatlad.ee\/ru\/wp-json\/wp\/v2\/product_tag?post=390"}],"curies":[{"name":"wp","href":"https:\/\/api.w.org\/{rel}","templated":true}]}}