{"id":368,"date":"2021-01-25T20:38:00","date_gmt":"2021-01-25T20:38:00","guid":{"rendered":"https:\/\/kodukatlad.ee\/?post_type=product&#038;p=368"},"modified":"2021-03-13T13:14:24","modified_gmt":"2021-03-13T13:14:24","slug":"ohk-vesi-atlantic-soojuspumbad","status":"publish","type":"product","link":"https:\/\/kodukatlad.ee\/ru\/product\/ohk-vesi-atlantic-soojuspumbad\/","title":{"rendered":"\u00d5hk-vesi Atlantic soojuspumbad"},"content":{"rendered":"<div class=\"accordion\" rel=\"\">\n<div class=\"accordion-item\"><a href=\"#\" class=\"accordion-title plain\"><button class=\"toggle\" aria-label=\"Toggle\"><i class=\"icon-angle-down\"><\/i><\/button><span>Alfea A.I.<\/span><\/a><div class=\"accordion-inner\">\n<p><img loading=\"lazy\" class=\"wp-image-531 alignright\" src=\"http:\/\/kodukatlad.ee\/wp-content\/uploads\/2021\/02\/Atlantic-Alfea-Extensa-A.I.-8.jpg\" alt=\"\" width=\"169\" height=\"169\" srcset=\"https:\/\/kodukatlad.ee\/wp-content\/uploads\/2021\/02\/Atlantic-Alfea-Extensa-A.I.-8.jpg 200w, https:\/\/kodukatlad.ee\/wp-content\/uploads\/2021\/02\/Atlantic-Alfea-Extensa-A.I.-8-150x150.jpg 150w, https:\/\/kodukatlad.ee\/wp-content\/uploads\/2021\/02\/Atlantic-Alfea-Extensa-A.I.-8-100x100.jpg 100w\" sizes=\"(max-width: 169px) 100vw, 169px\" \/><\/p>\n<ul>\n<li><strong>Mudel: Extensa A.I. 8<\/strong><\/li>\n<li><strong>V\u00f5imus: 1.56 \u2013 7.5 kW<\/strong><\/li>\n<li><strong>K\u00f6etav pind: 100 m\u00b2<\/strong><\/li>\n<li><span style=\"color: #ff8b17;\"><strong>Hind alates: \u20ac3.445,00 sis.KM<\/strong><\/span><\/li>\n<li>Eestikeelne NAVISTEM 400S juhtpult<\/li>\n<li>Integreeritud 16 l vahepaak<\/li>\n<li>Inverterreguleerimine<\/li>\n<li>\u00dchildub erinevate madalatemperatuuriliste k\u00fctteseadmetega (p\u00f5randak\u00fcte\/-jahutus, radiaatorid, puhurkonvektorid).<\/li>\n<li>Intuitiivne liides ja lihtsam kasutamine.<\/li>\n<li>K\u00fclmaaine R410A<\/li>\n<\/ul>\n<ul>\n<li><strong>Mudel: Extensa A.I. DUO 10<\/strong><\/li>\n<li><strong>V\u00f5imus: 5 kuni 16 kW<\/strong><\/li>\n<li><span style=\"color: #ff8b17;\"><strong>Hind alates: \u20ac5.940,00 sis.KM<\/strong><\/span><\/li>\n<li>Kasutajas\u00f5bralik eestikeelne men\u00fc\u00fc<\/li>\n<li>H\u00f5lpsasti seadistatav<\/li>\n<li>Uudne disain<\/li>\n<li>V\u00f5imalus juhtida l\u00e4bi interneti<\/li>\n<\/ul>\n<ul>\n<li><strong>Mudel: Excellia DUO A.I TRI 11<\/strong><\/li>\n<li><strong>V\u00f5imus: 1.56 \u2013 7.5 kW<\/strong><\/li>\n<li><strong>K\u00f6etav pind: 195 m\u00b2<\/strong><\/li>\n<li><span style=\"color: #ff8b17;\"><strong>Hind alates: \u20ac5.890,00 sis.KM<\/strong><\/span><\/li>\n<li>Eestikeelne NAVISTEM 400S juhtpult<\/li>\n<li>Integreeritud 16 l vahepaak<\/li>\n<li>Inverterreguleerimine<\/li>\n<li>Kaheastmeline rootorkompressor<\/li>\n<\/ul>\n<p>Tehniline spetsifikatsioon eng: <a href=\"http:\/\/kodukatlad.ee\/wp-content\/uploads\/2021\/03\/atlantic_alfea_extensa.pdf\"><img loading=\"lazy\" class=\"size-full wp-image-39376 alignnone\" style=\"color: #333333; font-size: 14.4px;\" src=\"http:\/\/kodukatlad.ee\/wp-content\/uploads\/2021\/02\/pdf-icon.png\" alt=\"\" width=\"32\" height=\"32\" \/><\/a><\/p>\n<\/div><\/div>\n<div class=\"accordion-item\"><a href=\"#\" class=\"accordion-title plain\"><button class=\"toggle\" aria-label=\"Toggle\"><i class=\"icon-angle-down\"><\/i><\/button><span>Loria<\/span><\/a><div class=\"accordion-inner\">\n<p><img loading=\"lazy\" class=\"size-full wp-image-535 alignright\" src=\"http:\/\/kodukatlad.ee\/wp-content\/uploads\/2021\/02\/loria.jpg\" alt=\"\" width=\"200\" height=\"200\" srcset=\"https:\/\/kodukatlad.ee\/wp-content\/uploads\/2021\/02\/loria.jpg 200w, https:\/\/kodukatlad.ee\/wp-content\/uploads\/2021\/02\/loria-150x150.jpg 150w, https:\/\/kodukatlad.ee\/wp-content\/uploads\/2021\/02\/loria-100x100.jpg 100w\" sizes=\"(max-width: 200px) 100vw, 200px\" \/><\/p>\n<ul>\n<li><strong>Mudel: Loria 6004<\/strong><\/li>\n<li><strong>V\u00f5imus: 4 kW<\/strong><\/li>\n<li><span style=\"color: #ff8b17;\"><strong>Hind alates: \u20ac3.120,00 sis.KM<\/strong><\/span><\/li>\n<li>Ergonoomiline disain, mis ei n\u00f5ua paigaldamiseks suurt ruumi.<\/li>\n<li>Optimeeritud disain on saavutatud koos kompaktse plaatsoojusvahetiga.<\/li>\n<li>Magnetiline mudafilter<\/li>\n<li>WALL-IN v\u00e4lismooduli integratsioonis\u00fcsteem<\/li>\n<li>S\u00f5elfilter \u2013 kogub kokku mehaanilise mustuse<\/li>\n<li>Magnetiline eraldus \u2013 kogub kokku rauapuru<\/li>\n<li>Puhastuskraan \u2013 v\u00f5imaldab lihtsalt filtrit puhastada<\/li>\n<\/ul>\n<ul>\n<li><strong>Mudel: Loria 6006<\/strong><\/li>\n<li><strong>V\u00f5imus: 6 kW<\/strong><\/li>\n<li><span style=\"color: #ff8b17;\"><strong>Hind alates: \u20ac3.216,00 sis.KM<\/strong><\/span><\/li>\n<li>Ergonoomiline disain, mis ei n\u00f5ua paigaldamiseks suurt ruumi.<\/li>\n<li>Optimeeritud disain on saavutatud koos kompaktse plaatsoojusvahetiga.<\/li>\n<li>Magnetiline mudafilter<\/li>\n<li>WALL-IN v\u00e4lismooduli integratsioonis\u00fcsteem<\/li>\n<li>S\u00f5elfilter \u2013 kogub kokku mehaanilise mustuse<\/li>\n<li>Magnetiline eraldus \u2013 kogub kokku rauapuru<\/li>\n<li>Puhastuskraan \u2013 v\u00f5imaldab lihtsalt filtrit puhastada<\/li>\n<\/ul>\n<ul>\n<li><strong>Mudel: Loria 6010<\/strong><\/li>\n<li><strong>V\u00f5imus: 10 kW<\/strong><\/li>\n<li><span style=\"color: #ff8b17;\"><strong>Hind alates: \u20ac4.092,00 sis.KM<\/strong><\/span><\/li>\n<li>Ergonoomiline disain, mis ei n\u00f5ua paigaldamiseks suurt ruumi.<\/li>\n<li>Optimeeritud disain on saavutatud koos kompaktse plaatsoojusvahetiga.<\/li>\n<li>Magnetiline mudafilter<\/li>\n<li>WALL-IN v\u00e4lismooduli integratsioonis\u00fcsteem<\/li>\n<li>S\u00f5elfilter \u2013 kogub kokku mehaanilise mustuse<\/li>\n<li>Magnetiline eraldus \u2013 kogub kokku rauapuru<\/li>\n<li>Puhastuskraan \u2013 v\u00f5imaldab lihtsalt filtrit puhastada<\/li>\n<\/ul>\n<div class=\"tech-details-area__row\">Tehniline spetsifikatsioon eng:\u00a0<a href=\"http:\/\/kodukatlad.ee\/wp-content\/uploads\/2021\/03\/loria_2016_tooteleht_eesti.pdf\"><img loading=\"lazy\" class=\"size-full wp-image-39376 alignnone\" style=\"color: #333333; font-size: 14.4px;\" src=\"http:\/\/kodukatlad.ee\/wp-content\/uploads\/2021\/02\/pdf-icon.png\" alt=\"\" width=\"32\" height=\"32\" \/><\/a><\/div>\n<\/div><\/div>\n<div class=\"accordion-item\"><a href=\"#\" class=\"accordion-title plain\"><button class=\"toggle\" aria-label=\"Toggle\"><i class=\"icon-angle-down\"><\/i><\/button><span>Hybrid<\/span><\/a><div class=\"accordion-inner\">\n<p><img loading=\"lazy\" class=\"size-full wp-image-534 alignright\" src=\"http:\/\/kodukatlad.ee\/wp-content\/uploads\/2021\/02\/Alfea-Hybrid-DUO-OIL-11-TRI.jpg\" alt=\"\" width=\"200\" height=\"200\" srcset=\"https:\/\/kodukatlad.ee\/wp-content\/uploads\/2021\/02\/Alfea-Hybrid-DUO-OIL-11-TRI.jpg 200w, https:\/\/kodukatlad.ee\/wp-content\/uploads\/2021\/02\/Alfea-Hybrid-DUO-OIL-11-TRI-150x150.jpg 150w, https:\/\/kodukatlad.ee\/wp-content\/uploads\/2021\/02\/Alfea-Hybrid-DUO-OIL-11-TRI-100x100.jpg 100w\" sizes=\"(max-width: 200px) 100vw, 200px\" \/><\/p>\n<ul>\n<li><strong>Mudel: DUO OIL 11 TRI<\/strong><\/li>\n<li><strong>V\u00f5imus: alates 10 kuni 16 kW<\/strong><\/li>\n<li><span style=\"color: #ff8b17;\"><strong>Hind alates: \u20ac8.400,00 sis.KM<\/strong><\/span><\/li>\n<li>Integreeritud gaasi- v\u00f5i \u00f5lip\u00f5letiga siseosad (p\u00f5leti v\u00f5imsus kuni 25 kW).<\/li>\n<li>V\u00f5imalik kasutada k\u00f5rge pealevoolutemperatuuriga k\u00fcttes\u00fcsteemis.<\/li>\n<li>K\u00fctab maja ning tarbevett (integreeritud tarbeveesoojendi).<\/li>\n<li>V\u00f5imalik seadistada kaks k\u00fcttegraafikut.<\/li>\n<li>K\u00f5ik mudelid on inverterkontrolleriga.<\/li>\n<li>Soojuspumba soojustegur (COP) kuni 4,3.<\/li>\n<li>Tehase testitud t\u00f6\u00f6piirkond v\u00e4listemperatuurini \u2013 25\u00b0C.<\/li>\n<li>Siseosas kasutusel Atlanticu v\u00e4ljat\u00f6\u00f6tatud ning patendeeritud koaksiaalne soojusvaheti, mis annab seadmele.<br \/>\nsuurema t\u00f6\u00f6kindluse ja paindlikumad n\u00f5uded k\u00fcttes\u00fcsteemi osas.<\/li>\n<li>S\u00f5ltuvalt mudelist on tehnilised n\u00e4itajad varieeruvad.<\/li>\n<\/ul>\n<p>Tehniline spetsifikatsioon eng:\u00a0<a href=\"http:\/\/kodukatlad.ee\/wp-content\/uploads\/2021\/03\/alfea-hybrid-duo-gas_tooteleht-eng.pdf\"><img loading=\"lazy\" class=\"size-full wp-image-39376 alignnone\" style=\"color: #333333; font-size: 14.4px;\" src=\"http:\/\/kodukatlad.ee\/wp-content\/uploads\/2021\/02\/pdf-icon.png\" alt=\"\" width=\"32\" height=\"32\" \/><\/a><\/p>\n<\/div><\/div>\n<\/div>","protected":false},"excerpt":{"rendered":"<p>Atlantic on tuntud prantsuse kaubam\u00e4rk, mis on ekspert igasuguste k\u00fcttes\u00fcsteemide alal. Atlantic k\u00fcttes\u00fcsteemide ja mugavusseadmete spetsialist \u00fchendab pidevalt tipptasemel disaini, innovatsiooni ja tipptehnoloogiat.<\/p>","protected":false},"featured_media":369,"template":"","meta":[],"product_cat":[22,23],"product_tag":[],"_links":{"self":[{"href":"https:\/\/kodukatlad.ee\/ru\/wp-json\/wp\/v2\/product\/368"}],"collection":[{"href":"https:\/\/kodukatlad.ee\/ru\/wp-json\/wp\/v2\/product"}],"about":[{"href":"https:\/\/kodukatlad.ee\/ru\/wp-json\/wp\/v2\/types\/product"}],"wp:featuredmedia":[{"embeddable":true,"href":"https:\/\/kodukatlad.ee\/ru\/wp-json\/wp\/v2\/media\/369"}],"wp:attachment":[{"href":"https:\/\/kodukatlad.ee\/ru\/wp-json\/wp\/v2\/media?parent=368"}],"wp:term":[{"taxonomy":"product_cat","embeddable":true,"href":"https:\/\/kodukatlad.ee\/ru\/wp-json\/wp\/v2\/product_cat?post=368"},{"taxonomy":"product_tag","embeddable":true,"href":"https:\/\/kodukatlad.ee\/ru\/wp-json\/wp\/v2\/product_tag?post=368"}],"curies":[{"name":"wp","href":"https:\/\/api.w.org\/{rel}","templated":true}]}}