{"id":182,"date":"2020-12-29T12:15:32","date_gmt":"2020-12-29T12:15:32","guid":{"rendered":"https:\/\/kodukatlad.ee\/?post_type=product&#038;p=182"},"modified":"2021-03-13T13:19:02","modified_gmt":"2021-03-13T13:19:02","slug":"puidugraanulite-poleti-vip","status":"publish","type":"product","link":"https:\/\/kodukatlad.ee\/ru\/product\/puidugraanulite-poleti-vip\/","title":{"rendered":"Puidugraanulite p\u00f5leti VIP"},"content":{"rendered":"<p>P\u00f5leti &#8220;<strong>Eco-palnik VIP<\/strong>&#8221; tahkek\u00fctuse, Kyst k\u00fctuse ja gaasikatlad ajakohastamiseks ja automatiseerida. T\u00e4nu unikaalsele disaini p\u00f5leti &#8220;Eco-palnik VIP&#8221; v\u00f5ib p\u00f5letada madalama kvaliteediga graanulid. P\u00f5leti v\u00f5ib anda kuni 4 m. garantii (t\u00e4iendavad tingimused). P\u00f5leti &#8220;Eco-palnik VIP&#8221; on t\u00e4iendavaid liigub mehaaniline puhastus p\u00f5leti, mis haldab \u0160veitsi mehhanism.<\/p>\n<p>P\u00f5leti &#8220;Eco-palnik VIP&#8221; &#8211; vastavalt uusimaid tehnoloogiaid p\u00f5leti valmistatud roostevabast terasest, mis ei n\u00f5ua pidevat hooldust. P\u00f5leti p\u00f5letab k\u00fctust v\u00e4ga t\u00f5hus, keskkonnas\u00f5bralik, mittesaastavat ja v\u00f5ib ulatuda kuni 99% efektiivsuse v\u00f5ib p\u00f5letada erinevaid agrogranules.<\/p>\n<p>Burner &#8220;Eco-palnik VIP&#8221; kasutamine k\u00e4esolevas uuendusliku tehnoloogia:<\/p>\n<p>CCS &#8211; t\u00e4ielik p\u00f5lemine System &#8211; t\u00e4ielik afterburner s\u00fcsteemi<\/p>\n<p>TCS- Kokku puhastuss\u00fcsteem &#8211; t\u00e4ielik puhastus s\u00fcsteemi<\/p>\n<p>ERS &#8211; Lihtne Review System &#8211; Easy teenuste s\u00fcsteem &#8211; uuenduslik lahendus, mis on patenteeritud ja kaitstud Poola Patendiamet.<\/p>\n<p>ASS &#8211; automaatne turvas\u00fcsteem &#8211; automaatne tulesiiber reguleerimata &#8211; on uuenduslik lahendus, mis on patenteeritud ja kaitstud Poola Patendiamet.<\/p>\n<p>&#8220;Eco-palnik VIP&#8221; p\u00f5leti \u00e4ra parandatud tuha\u00e4rastuseks mehhanism automaatselt puhastab p\u00f5leti.<\/p>\n<p>Burner on varustatud multi-etapi v\u00f5re liigub edasi ja tagasi programmeeritud intervallidega negesinant p\u00f5leti. T\u00e4nu sellele otsus ei muuda p\u00f5leti p\u00f5lemistingimustele k\u00f5igi parameetrite p\u00f5leti s\u00f5iduaega. See muudab praktiliselt mitte olla katla isegi paar kuud, s\u00f5ltuvalt valitud t\u00fc\u00fcpi k\u00fctuse kvaliteedi. T\u00e4nu ERS (Easy Review System) teenuse lihtsam sobitada boiler, p\u00f5leti paigaldatud boiler.<\/p>\n<p>Burner v\u00f5ib vallandati igasuguseid granuleeritud biok\u00fctust s\u00f5ltumata kvaliteeti (nt \u00f5led graanulid, p\u00e4evalille graanulid jne, jne).<\/p>\n<p><strong>K\u00fctus kasutatud: p\u00f5hk pelletid, p\u00e4evalill pelletid, terad jne<\/strong><br \/>\nBurner Eco-palnik VIP koosneb j\u00e4rgmistest osadest:<\/p>\n<ul>\n<li>Puidugraanulite p\u00f5leti Eco-palnik VIP;<\/li>\n<li>Pelleti feeder;<\/li>\n<li>Paindlik plastist voolik;<\/li>\n<li>Elektrooniline kontroller;<\/li>\n<li>Setup juhtmed;<\/li>\n<li>Sensor komplekt;<\/li>\n<li>Korraldus.<\/li>\n<\/ul>\n<p><strong>Pelletip\u00f5letid Eco-palnik VIP V\u00f5imsus:<\/strong><\/p>\n<ul>\n<li>5 kW &#8211; 15 kW<\/li>\n<li>5 kW &#8211; 20 kW<\/li>\n<li>5 kW &#8211; 30 kW<\/li>\n<li>5 kW &#8211; 40 kW<\/li>\n<\/ul>","protected":false},"excerpt":{"rendered":"<p><strong>Key MZK elektroonilise kontrolleri t\u00e4idab j\u00e4rgmisi \u00fclesandeid:<\/strong><\/p>\n<ul>\n<li>Automaatne k\u00fctuse s\u00fcttimine ja v\u00e4ljasuremist;<\/li>\n<li>Re\u017eiim + Puidupelletid (p\u00e4rast p\u00f5letamist puidu ja l\u00fclituvad re\u017eiimi graanulid)<\/li>\n<li>Automaatne tuha\u00e4rastus mehaaniline<\/li>\n<li>V\u00f5imsus modulatsiooni;<\/li>\n<li>\u00a0K\u00fcttes\u00fcsteemi ringluspumba kontrolli;<\/li>\n<li>Boiler tsirkulatsioonipumba kontroll (suvel saab valmistada ainult kuuma vett);<\/li>\n<li>P\u00f5randak\u00fcte kontrolli;<\/li>\n<li>Mootori juhtimine;<\/li>\n<li>Temperatuur kontrolli ruumi termostaat;<\/li>\n<li>Temperatuuri reguleerimine poolt v\u00e4lisandur (v\u00e4lis\u00f5huanduri suite);<\/li>\n<li>Boiler \u00fclekuumenemise h\u00e4ire;<\/li>\n<li>K\u00fctus puudumine alarm;<\/li>\n<li>J\u00e4\u00e4b seaded (p\u00e4rast voolukatkestuse);<\/li>\n<\/ul>","protected":false},"featured_media":183,"template":"","meta":[],"product_cat":[20],"product_tag":[],"_links":{"self":[{"href":"https:\/\/kodukatlad.ee\/ru\/wp-json\/wp\/v2\/product\/182"}],"collection":[{"href":"https:\/\/kodukatlad.ee\/ru\/wp-json\/wp\/v2\/product"}],"about":[{"href":"https:\/\/kodukatlad.ee\/ru\/wp-json\/wp\/v2\/types\/product"}],"wp:featuredmedia":[{"embeddable":true,"href":"https:\/\/kodukatlad.ee\/ru\/wp-json\/wp\/v2\/media\/183"}],"wp:attachment":[{"href":"https:\/\/kodukatlad.ee\/ru\/wp-json\/wp\/v2\/media?parent=182"}],"wp:term":[{"taxonomy":"product_cat","embeddable":true,"href":"https:\/\/kodukatlad.ee\/ru\/wp-json\/wp\/v2\/product_cat?post=182"},{"taxonomy":"product_tag","embeddable":true,"href":"https:\/\/kodukatlad.ee\/ru\/wp-json\/wp\/v2\/product_tag?post=182"}],"curies":[{"name":"wp","href":"https:\/\/api.w.org\/{rel}","templated":true}]}}