{"id":180,"date":"2020-12-29T12:15:13","date_gmt":"2020-12-29T12:15:13","guid":{"rendered":"https:\/\/kodukatlad.ee\/?post_type=product&#038;p=180"},"modified":"2021-03-13T13:19:23","modified_gmt":"2021-03-13T13:19:23","slug":"puidugraanulite-poleti-comfort","status":"publish","type":"product","link":"https:\/\/kodukatlad.ee\/ru\/product\/puidugraanulite-poleti-comfort\/","title":{"rendered":"Puidugraanulite p\u00f5leti comfort"},"content":{"rendered":"<p>P\u00f5leti &#8220;<strong>COMFORT<\/strong>&#8221; \u2013 on vastavuses uusimate tehnoloogilistele n\u00f5uetele roostevabast terasest p\u00f5letile, mis v\u00f5ib toimida v\u00e4ga k\u00f5rgel temperatuuril (kuni 1150 kraadi). P\u00f5leti p\u00f5letab k\u00fctust v\u00e4ga efektiivselt, on keskkonnas\u00f5bralik, ei saasta loodust ja saavutab kasuteguri kuni 99%. P\u00f5leti &#8220;COMFORT&#8221; on sarnane p\u00f5letiga &#8220;Ignis&#8221; ainult t\u00e4iendavalt omab mehaanilise tuha puhastus s\u00fcsteemi, mis on valmistatud \u0160veitsis.<\/p>\n<p>P\u00f5leti &#8220;COMFORT&#8221; eesm\u00e4rgiks on ajakohastada ja automatiseerida tahkek\u00fctuse katlad. P\u00f5leti unikaalne disain s\u00fc\u00fctab ka madalama kvaliteediga graanulid.<br \/>\nP\u00f5letile &#8220;COMFORT&#8221; pakume 2 aastat garantiid kuid seda on v\u00f5imalik pikendada kuni 4 aastani.<\/p>\n<p><strong>Kasutatav k\u00fctus: puidugraanulid, teravili.<\/strong><\/p>\n<p>P\u00f5leti komplekti kuulub:<\/p>\n<ul>\n<li>P\u00f5leti Comfort;<\/li>\n<li>K\u00fctuse etteande tigu;<\/li>\n<li>Paindlik plastist voolik;<\/li>\n<li>Elektrooniline kontroller;<\/li>\n<li>\u00dchendusjuhtmed;<\/li>\n<li>Andurite komplekt;<\/li>\n<li>Kasutusjuhend;<\/li>\n<\/ul>\n<p><strong>Pelletip\u00f5letid Comfort v\u00f5imsused:<\/strong><\/p>\n<ul>\n<li>5kW-25kW<\/li>\n<li>5kW-35kW<\/li>\n<li>10 kW-70 kW<\/li>\n<\/ul>","protected":false},"excerpt":{"rendered":"<p><strong>P\u00f5leti kontrolleril ST-976 on j\u00e4rgmised funktsioonid:<\/strong><\/p>\n<ul type=\"disc\">\n<li>Automaatne s\u00fc\u00fctamine ja kustutamine<\/li>\n<li>Automaatne tuha puhastus p\u00f5letist<\/li>\n<li>Temperatuuri reguleermine<\/li>\n<li>CO tsirkulatsioonipumba juhtimine<\/li>\n<li>Talve\/suve reziimi seadmine (suvel v\u00f5ib k\u00fctta ainult tarbevett)<\/li>\n<li>P\u00f5randak\u00fctte juhtimine<\/li>\n<li>Tsirkulatsioonipumba juhtimine<\/li>\n<li>Segus\u00f5lmede juhtimine<\/li>\n<li>Akumulatsiooni mahuti juhtimine<\/li>\n<li>Toa termostaadi kontroll ja juhtimine<\/li>\n<li>\u00dclekuumenemise andur ja signaal<\/li>\n<li>K\u00fcttematerjali l\u00f5ppemise teatamine<\/li>\n<li>Antud parameetrite s\u00e4ilitus<\/li>\n<li>V\u00e4rviline touchscreen ekraan<\/li>\n<li>PID algoritm (eraldi tellitav)<\/li>\n<li>Lambda anduri juhtimine (eraldi tellitav)<\/li>\n<\/ul>","protected":false},"featured_media":181,"template":"","meta":[],"product_cat":[20],"product_tag":[],"_links":{"self":[{"href":"https:\/\/kodukatlad.ee\/ru\/wp-json\/wp\/v2\/product\/180"}],"collection":[{"href":"https:\/\/kodukatlad.ee\/ru\/wp-json\/wp\/v2\/product"}],"about":[{"href":"https:\/\/kodukatlad.ee\/ru\/wp-json\/wp\/v2\/types\/product"}],"wp:featuredmedia":[{"embeddable":true,"href":"https:\/\/kodukatlad.ee\/ru\/wp-json\/wp\/v2\/media\/181"}],"wp:attachment":[{"href":"https:\/\/kodukatlad.ee\/ru\/wp-json\/wp\/v2\/media?parent=180"}],"wp:term":[{"taxonomy":"product_cat","embeddable":true,"href":"https:\/\/kodukatlad.ee\/ru\/wp-json\/wp\/v2\/product_cat?post=180"},{"taxonomy":"product_tag","embeddable":true,"href":"https:\/\/kodukatlad.ee\/ru\/wp-json\/wp\/v2\/product_tag?post=180"}],"curies":[{"name":"wp","href":"https:\/\/api.w.org\/{rel}","templated":true}]}}