{"id":178,"date":"2020-12-29T12:14:47","date_gmt":"2020-12-29T12:14:47","guid":{"rendered":"https:\/\/kodukatlad.ee\/?post_type=product&#038;p=178"},"modified":"2021-03-13T13:19:42","modified_gmt":"2021-03-13T13:19:42","slug":"puidugraanulite-poleti-ignis","status":"publish","type":"product","link":"https:\/\/kodukatlad.ee\/ru\/product\/puidugraanulite-poleti-ignis\/","title":{"rendered":"Puidugraanulite p\u00f5leti ignis"},"content":{"rendered":"<p><strong>K\u00fctus kasutatud: puidugraanuleid, terad ja toatemperatuuril<\/strong><\/p>\n<p><strong>Burner Kamen<\/strong> koosneb j\u00e4rgmistest osadest:<\/p>\n<ul>\n<li>Graanul p\u00f5leti Ignis;<\/li>\n<li>Pelleti feeder;<\/li>\n<li>Paindlik plastist voolik;<\/li>\n<li>Elektrooniline kontroller;<\/li>\n<li>Setup juhtmed;<\/li>\n<li>Sensor komplekt;<\/li>\n<li>Korraldus<\/li>\n<\/ul>\n<p><strong>Pelletip\u00f5letid &#8220;IGNIS&#8221; Power:<\/strong><\/p>\n<ul>\n<li>5kW-25kW<\/li>\n<li>5kW-35kW<\/li>\n<li>5kW-46kW<\/li>\n<li>10 kW-70 kW<\/li>\n<\/ul>","protected":false},"excerpt":{"rendered":"<p><strong>Elektrooniline kontroller ST-976 on j\u00e4rgmised funktsioonid:<\/strong><\/p>\n<ul>\n<li>Automaatne s\u00fc\u00fcde ja karastamine;<\/li>\n<li>Automaatne tuhk puhub;<\/li>\n<li>Temperatuur modulatsiooni;<\/li>\n<li>K\u00fcttes\u00fcsteemi ringluspumba kontrolli;<\/li>\n<li>Boiler tsirkulatsioonipumba kontroll (suvel saab valmistada ainult kuuma vett);<\/li>\n<li>P\u00f5randak\u00fcte kontrolli;<\/li>\n<li>Mootori juhtimine;<\/li>\n<li>Storage tank juhtimise;<\/li>\n<li>Temperatuur kontrolli ruumi termostaat;<\/li>\n<li>Boiler \u00fclekuumenemise h\u00e4ire;<\/li>\n<li>K\u00fctus puudumine alarm;<\/li>\n<li>Pelleti p\u00f5letiku ja v\u00f5itlevad koos \u00fche kl\u00f5psuga;<\/li>\n<li>J\u00e4\u00e4b seaded (p\u00e4rast voolukatkestuse);<\/li>\n<li>V\u00e4rviline ekraan kontroller;<\/li>\n<li>PID algoritmi (vabatahtlik);<\/li>\n<li>Lambda sonde (valikuline).<\/li>\n<\/ul>","protected":false},"featured_media":179,"template":"","meta":[],"product_cat":[20],"product_tag":[],"_links":{"self":[{"href":"https:\/\/kodukatlad.ee\/ru\/wp-json\/wp\/v2\/product\/178"}],"collection":[{"href":"https:\/\/kodukatlad.ee\/ru\/wp-json\/wp\/v2\/product"}],"about":[{"href":"https:\/\/kodukatlad.ee\/ru\/wp-json\/wp\/v2\/types\/product"}],"wp:featuredmedia":[{"embeddable":true,"href":"https:\/\/kodukatlad.ee\/ru\/wp-json\/wp\/v2\/media\/179"}],"wp:attachment":[{"href":"https:\/\/kodukatlad.ee\/ru\/wp-json\/wp\/v2\/media?parent=178"}],"wp:term":[{"taxonomy":"product_cat","embeddable":true,"href":"https:\/\/kodukatlad.ee\/ru\/wp-json\/wp\/v2\/product_cat?post=178"},{"taxonomy":"product_tag","embeddable":true,"href":"https:\/\/kodukatlad.ee\/ru\/wp-json\/wp\/v2\/product_tag?post=178"}],"curies":[{"name":"wp","href":"https:\/\/api.w.org\/{rel}","templated":true}]}}