{"id":168,"date":"2020-12-29T12:06:28","date_gmt":"2020-12-29T12:06:28","guid":{"rendered":"https:\/\/kodukatlad.ee\/?post_type=product&#038;p=168"},"modified":"2022-05-13T19:14:09","modified_gmt":"2022-05-13T19:14:09","slug":"kamen-wg-tahkekutusekatel","status":"publish","type":"product","link":"https:\/\/kodukatlad.ee\/ru\/product\/kamen-wg-tahkekutusekatel\/","title":{"rendered":"Kamen wg tahkek\u00fctusekatel"},"content":{"rendered":"<div>Tahkek\u00fctusekatla<strong>\u00a0Kamen WG-s\u00f5ltuva DM<\/strong>\u00a0seeria katlad &#8211; see on testitud ehitus kolmekordse suitsu horisontaalne t\u00f5lkimise mis v\u00f5imaldab valikut katelde efektiivsusest, soojendusega ala. Ainulaadne modelleeritud boiler kasvanud p\u00f5lemiskambrisse. Boiler soojusvaheti ja tuharest valmistatud 8 mm paks katlateraste (265 GH). K\u00f5ik uksed on valmistatud terasest ja kaetud orgaanilise pitsat, vastupidavad k\u00f5rgeid temperatuure. \u00dclemine ukse boiler puhastus. V\u00e4hendamaks soojuskadu katlast soojustatud kivivill ja kaetud pulberv\u00e4rvkattega terasplekist.<\/div>\n<div><\/div>\n<div>\n<p><strong>V\u00f5imsus (kW)\u00a0 \/ Hind KM-ga (EUR)<\/strong><\/p>\n<ul>\n<li>60 kW<span style=\"color: #ff8b17;\"><strong> k\u00fcsi pakkumist<\/strong><\/span><\/li>\n<li>70 kW <span style=\"color: #ff8b17;\"><strong>k\u00fcsi pakkumist<\/strong><\/span><\/li>\n<li>80 kW <span style=\"color: #ff8b17;\"><strong>k\u00fcsi pakkumist<\/strong><\/span><\/li>\n<li>90 kW <span style=\"color: #ff8b17;\"><strong>k\u00fcsi pakkujmist<\/strong><\/span><\/li>\n<li>100 kW <span style=\"color: #ff8b17;\"><strong>k\u00fcsi pakkumist<\/strong><\/span><\/li>\n<li>125 kW <span style=\"color: #ff8b17;\"><strong>k\u00fcsi pakkumist<\/strong><\/span><\/li>\n<li>150 kW <span style=\"color: #ff8b17;\"><strong>k\u00fcsi pakkumist<\/strong><\/span><\/li>\n<li>175 kW <span style=\"color: #ff8b17;\"><strong>k\u00fcsi pakkumist<\/strong><\/span><\/li>\n<li>200 kW <span style=\"color: #ff8b17;\"><strong>k\u00fcsi pakkumist<\/strong><\/span><\/li>\n<li>250 kW <span style=\"color: #ff8b17;\"><strong>k\u00fcsi pakkumist<\/strong><\/span><\/li>\n<li>300 kW <span style=\"color: #ff8b17;\"><strong>k\u00fcsi pakkumist<\/strong><\/span><\/li>\n<\/ul>\n<\/div>\n<div class=\"row\"  id=\"row-1108901049\">\n\n\t<div id=\"col-2067926607\" class=\"col small-12 large-12\"  >\n\t\t\t\t<div class=\"col-inner text-center\"  >\n\t\t\t\n\t\t\t\n<h3 style=\"text-align: center;\"><strong>Kasutatavad k\u00fctused<\/strong><\/h3>\n<div class=\"ux-logo has-hover align-middle ux_logo inline-block\" style=\"max-width: 100%!important; width: 130px!important\"><div class=\"ux-logo-link block image-\" title=\"Puit\"  href=\"\" style=\"padding: 15px;\"><img src=\"https:\/\/kodukatlad.ee\/wp-content\/uploads\/2021\/03\/Puit-kodukatlad.jpg\" title=\"Puit\" alt=\"Puit\" class=\"ux-logo-image block\" style=\"height:100px;\" \/><\/div><\/div>\n<div class=\"ux-logo has-hover align-middle ux_logo inline-block\" style=\"max-width: 100%!important; width: 130px!important\"><div class=\"ux-logo-link block image-\" title=\"Brikett\"  href=\"\" style=\"padding: 15px;\"><img src=\"https:\/\/kodukatlad.ee\/wp-content\/uploads\/2021\/03\/Brikett-kodukatlad.jpg\" title=\"Brikett\" alt=\"Brikett\" class=\"ux-logo-image block\" style=\"height:100px;\" \/><\/div><\/div>\n<div class=\"ux-logo has-hover align-middle ux_logo inline-block\" style=\"max-width: 100%!important; width: 130px!important\"><div class=\"ux-logo-link block image-\" title=\"Kivis\u00fcsi\"  href=\"\" style=\"padding: 15px;\"><img src=\"https:\/\/kodukatlad.ee\/wp-content\/uploads\/2021\/03\/Kivisusi-kodukatlad.jpg\" title=\"Kivis\u00fcsi\" alt=\"Kivis\u00fcsi\" class=\"ux-logo-image block\" style=\"height:100px;\" \/><\/div><\/div>\n\t\t<\/div>\n\t\t\t\t\t<\/div>\n\n\t\n<\/div>","protected":false},"excerpt":{"rendered":"<ul>\n<li>Boiler soojusvaheti annab kuni 4 m. tagada. *<\/li>\n<li>Mehaaniline puhastus resti katla.<\/li>\n<li>Katel saab kasutada erinevaid k\u00fctuseid.<\/li>\n<li>K\u00fctus kasutatud: kivis\u00fcsi, puud, puitbrikett.<\/li>\n<li>Soojusvaheti valmistatud katlateraste 6 mm.<\/li>\n<li>Kasutegur (\u00fcle 80%).<\/li>\n<li>K\u00f5rge k\u00fctuse Boot.<\/li>\n<li>Elektrooniline juhtplokk 81 juhib ST-2 pumpadest (for k\u00fcttes\u00fcsteemi ja katla).<\/li>\n<li>Elektrooniline juhtseade 81 ST-2 haldab PID tsirkulatsioonipumpadele ja suitsugaaside v\u00e4ljalaskeava temperatuuriandur (valikuline). **<\/li>\n<li>Elektrooniline kontroller ST-880 PID haldab kolme tsirkulatsioonipumpadele suitsugaasipuhastid v\u00e4ljalaskeava temperatuuriandur, k\u00e4ivitaja ja ruumitermostaadilt (valikuline). **<\/li>\n<\/ul>\n<p>* T\u00e4iendavad tingimused<\/p>","protected":false},"featured_media":169,"template":"","meta":[],"product_cat":[19],"product_tag":[],"_links":{"self":[{"href":"https:\/\/kodukatlad.ee\/ru\/wp-json\/wp\/v2\/product\/168"}],"collection":[{"href":"https:\/\/kodukatlad.ee\/ru\/wp-json\/wp\/v2\/product"}],"about":[{"href":"https:\/\/kodukatlad.ee\/ru\/wp-json\/wp\/v2\/types\/product"}],"wp:featuredmedia":[{"embeddable":true,"href":"https:\/\/kodukatlad.ee\/ru\/wp-json\/wp\/v2\/media\/169"}],"wp:attachment":[{"href":"https:\/\/kodukatlad.ee\/ru\/wp-json\/wp\/v2\/media?parent=168"}],"wp:term":[{"taxonomy":"product_cat","embeddable":true,"href":"https:\/\/kodukatlad.ee\/ru\/wp-json\/wp\/v2\/product_cat?post=168"},{"taxonomy":"product_tag","embeddable":true,"href":"https:\/\/kodukatlad.ee\/ru\/wp-json\/wp\/v2\/product_tag?post=168"}],"curies":[{"name":"wp","href":"https:\/\/api.w.org\/{rel}","templated":true}]}}