{"id":150,"date":"2020-12-29T12:00:00","date_gmt":"2020-12-29T12:00:00","guid":{"rendered":"https:\/\/kodukatlad.ee\/?post_type=product&#038;p=150"},"modified":"2022-05-13T17:59:01","modified_gmt":"2022-05-13T17:59:01","slug":"kamen-pellet-perfekt-bio","status":"publish","type":"product","link":"https:\/\/kodukatlad.ee\/ru\/product\/kamen-pellet-perfekt-bio\/","title":{"rendered":"Kamen pellet perfekt bio"},"content":{"rendered":"<p>Katel &#8220;KAMEN PELLET PERFEKT BIO&#8221; \u2013 k\u00f5rge kasuteguriga ja kompaktne katel. Kasutegur \u00fcle 90% saavutatakse t\u00e4nu unikaalsele suitsugaaside murde s\u00fcsteemile ja uue p\u00f5lvkonna roostevaba terasest graanulite p\u00f5letile. Katla hooldus koosneb mahuti k\u00fctusega t\u00e4itmisest ja konveksiooni kanalite puhastusest. Katla korpus on valmistatud 6 mm. katlaterasest 265 GH, konveksiooni kanalid on valmistatud torudest seina paksusega 7 mm.. Katla terasuksed on tihendatud \u00f6koloogiliste materjalidega mis on vastupidavad k\u00f5rgetele temperatuuridele. Selleks et v\u00e4hendada soojuskaod, katel on soojustatud mineraalvillaga ja kaetud pulberv\u00e4rviga v\u00e4rvitud teras plekkiga. &#8220;KAMEN PERFEKT PELLET BIO&#8221; katlal on k\u00fctuse mahuti sisseehitatud katla konstrutsiooni.<\/p>\n<p>K\u00f5rge kvaliteediga graanulite p\u00f5leti v\u00f5imaldab kasutada katelt praktiliselt hooldusvabana. Katla t\u00f6\u00f6d juhib viimase p\u00f5lvkonna k\u00f5rge tehnoloogiline kontroller. Kontrolleri standartvarustuses on k\u00f5ik v\u00f5imalikud funktsioonid ja andurid kaasaegse katlamaja juhtimiseks(segus\u00f5lmed, pumbad, tarbevesi, v\u00e4lis\u00f5hu andur). Standart varustuses on ka paigaldatud PID algoritm (suitsugaaside temperatuuri andur). Katla t\u00f6\u00f6d on v\u00f5imalik juhtida ruumitermostaadiga. Kui toa temperatuur on saavutatud, siis katel j\u00e4\u00e4b seisma ja automaatselt peale ruumi temperatuuri langust k\u00e4ivitub uuesti. P\u00f5leti ja katla t\u00f6\u00f6d on v\u00f5imalik juhtida ja saada infot GSM v\u00f5i interneti modemite kaudu.<\/p>\n<p>P\u00f5leti &#8220;Comfort&#8221; komplekti kuulub laia funktsioonidega elektrooniline regulaator. Ja ka standard varustuses on PID algoritmi (suitsugaaside temperatuuri andur) ja funktsioon &#8220;Full clean&#8221; *.<\/p>\n<p>Funktsioon &#8220;Full clean&#8221; *: automaatne tuha\u00e4rastus mehaaniliste vahenditega.<\/p>\n<p><strong>V\u00f5imsus (kW)\u00a0 \/ Hind KM-ga (EUR)<\/strong><\/p>\n<ul>\n<li>10 kW <span data-text-color=\"secondary\">k\u00fcsi pakkumist<\/span><\/li>\n<li>15 kW <span data-text-color=\"secondary\">k\u00fcsi pakkumist<\/span><\/li>\n<li>20 kW <span style=\"color: #ff8b17;\">k\u00fcsi pakkumist<\/span><strong><span style=\"color: #ed1c24;\"><br \/>\n<\/span><\/strong><\/li>\n<\/ul>\n<div class=\"row\"  id=\"row-1557447620\">\n\n\t<div id=\"col-430336779\" class=\"col small-12 large-12\"  >\n\t\t\t\t<div class=\"col-inner text-center\"  >\n\t\t\t\n\t\t\t\n<h3 style=\"text-align: center;\"><strong>Kasutatavad k\u00fctused<\/strong><\/h3>\n<div class=\"ux-logo has-hover align-middle ux_logo inline-block\" style=\"max-width: 100%!important; width: 130px!important\"><div class=\"ux-logo-link block image-\" title=\"Puidugraanulid\"  href=\"\" style=\"padding: 15px;\"><img src=\"https:\/\/kodukatlad.ee\/wp-content\/uploads\/2021\/03\/Puidugraanulid-kodukatlad.jpg\" title=\"Puidugraanulid\" alt=\"Puidugraanulid\" class=\"ux-logo-image block\" style=\"height:100px;\" \/><\/div><\/div>\n<div class=\"ux-logo has-hover align-middle ux_logo inline-block\" style=\"max-width: 100%!important; width: 130px!important\"><div class=\"ux-logo-link block image-\" title=\"Teravili\"  href=\"\" style=\"padding: 15px;\"><img src=\"https:\/\/kodukatlad.ee\/wp-content\/uploads\/2021\/03\/Teravili-kodukatlad.jpg\" title=\"Teravili\" alt=\"Teravili\" class=\"ux-logo-image block\" style=\"height:100px;\" \/><\/div><\/div>\n\t\t<\/div>\n\t\t\t\t\t<\/div>\n\n\t\n<\/div>","protected":false},"excerpt":{"rendered":"<p>Eelised:<\/p>\n<ul>\n<li>Kompaktne;<\/li>\n<li>K\u00fcttes\u00fcsteemi ringluspumba kontrolli;<\/li>\n<li>Boiler tsirkulatsioonipumba kontroll (suvel saab valmistada ainult kuuma vett);<\/li>\n<li>P\u00f5randak\u00fcte kontrolli;<\/li>\n<li>Segus\u00f5lme juhtimine;<\/li>\n<li>Temperatuuri reguleerimine vastavalt v\u00e4lis\u00f5hu temperatuurile<\/li>\n<li>Katla soojusvahetile on kuni 6 aastane garantii *<\/li>\n<li>K\u00f5rge kasutegur (kuni 92%)<\/li>\n<li>PID algoritmi (suitsugaaside temperatuuri andur)<\/li>\n<li>Automaatne s\u00fc\u00fctamine ja kustutamine<\/li>\n<li>Automaatne p\u00f5leti puhastus<\/li>\n<li>V\u00f5imsuse moduleerimine<\/li>\n<li>STV pumba kontroll (suvel valmistab kuuma tarbevett)<\/li>\n<li>Ruumi termostaadi juhtimine<\/li>\n<li>\u00dclekuumenemise kaitse<\/li>\n<li>K\u00e4ivitamine ja seiskamine \u00fche nuppu abil<\/li>\n<li>S\u00e4ilitab andmed (peale voolukatkestust)<\/li>\n<li>Lihtne puhastada<\/li>\n<li>Lihtne kasutada<\/li>\n<li>Soojusvaheti on valmistatud 6 mm katlaterasest<\/li>\n<li>Suur k\u00fctusepaak 110 kg.<\/li>\n<\/ul>\n<p>* Lisatingimused.<br \/>\n** Tasuta aksessuaarid<\/p>\n<p>V\u00e4lis\u00f5hu temperatuuri andur<\/p>","protected":false},"featured_media":151,"template":"","meta":[],"product_cat":[17],"product_tag":[],"_links":{"self":[{"href":"https:\/\/kodukatlad.ee\/ru\/wp-json\/wp\/v2\/product\/150"}],"collection":[{"href":"https:\/\/kodukatlad.ee\/ru\/wp-json\/wp\/v2\/product"}],"about":[{"href":"https:\/\/kodukatlad.ee\/ru\/wp-json\/wp\/v2\/types\/product"}],"wp:featuredmedia":[{"embeddable":true,"href":"https:\/\/kodukatlad.ee\/ru\/wp-json\/wp\/v2\/media\/151"}],"wp:attachment":[{"href":"https:\/\/kodukatlad.ee\/ru\/wp-json\/wp\/v2\/media?parent=150"}],"wp:term":[{"taxonomy":"product_cat","embeddable":true,"href":"https:\/\/kodukatlad.ee\/ru\/wp-json\/wp\/v2\/product_cat?post=150"},{"taxonomy":"product_tag","embeddable":true,"href":"https:\/\/kodukatlad.ee\/ru\/wp-json\/wp\/v2\/product_tag?post=150"}],"curies":[{"name":"wp","href":"https:\/\/api.w.org\/{rel}","templated":true}]}}