{"id":146,"date":"2020-12-29T11:58:39","date_gmt":"2020-12-29T11:58:39","guid":{"rendered":"https:\/\/kodukatlad.ee\/?post_type=product&#038;p=146"},"modified":"2022-05-13T18:48:08","modified_gmt":"2022-05-13T18:48:08","slug":"kamen-pellet-kompakt-lux","status":"publish","type":"product","link":"https:\/\/kodukatlad.ee\/ru\/product\/kamen-pellet-kompakt-lux\/","title":{"rendered":"Kamen pellet kompakt lux"},"content":{"rendered":"<p>Katel &#8220;<strong>KAMEN PELLET KOMPAKT LUX<\/strong>&#8221; \u2013 k\u00f5rge kasuteguriga katel. Kasutegur kuni 96% saavutatakse t\u00e4nu unikaalsele suitsugaaside murde s\u00fcsteemile nii vertikaalses kui ka horisontaalses suunas ja uue p\u00f5lvkonna roostevaba terasest graanulite p\u00f5letile. Katla hooldus koosneb mahuti k\u00fctusega t\u00e4itmisest ja konveksiooni kanalite puhastusest. Katla korpus on valmistatud 6 mm. katlaterasest 265 GH, konveksiooni kanalid on valmistatud torudest seina paksusega 7 mm.. Katla terasuksed on tihendatud \u00f6koloogiliste materjalidega mis on vastupidavad k\u00f5rgetele temperatuuridele. Selleks et v\u00e4hendada soojuskaod, katel on soojustatud mineraalvillaga ja kaetud pulberv\u00e4rviga v\u00e4rvitud teras plekkiga. &#8220;KAMEN PELLET KOMFORT&#8221; katlal k\u00fctuse mahuti on v\u00f5imalik paigutada nii vasakul, paremal kui ka eestpoolt.<\/p>\n<p>K\u00f5rge kvaliteediga graanulite p\u00f5leti v\u00f5imaldab kasutada katelt praktiliselt hooldusvabana. Katla t\u00f6\u00f6d juhib viimase p\u00f5lvkonna k\u00f5rge tehnoloogiline kontroller. Kontrolleri standartvarustuses on k\u00f5ik v\u00f5imalikud funktsioonid ja andurid kaasaegse katlamaja juhtimiseks(segus\u00f5lmed, pumbad, tarbevesi, v\u00e4lis\u00f5hu andur). Standart varustuses on ka paigaldatud PID algoritm (suitsugaaside temperatuuri andur). Katla t\u00f6\u00f6d on v\u00f5imalik juhtida ruumitermostaadiga. Kui toa temperatuur on saavutatud, siis katel j\u00e4\u00e4b seisma ja automaatselt peale ruumi temperatuuri langust k\u00e4ivitub uuesti. P\u00f5leti ja katla t\u00f6\u00f6d on v\u00f5imalik juhtida ja saada infot GSM v\u00f5i interneti modemite kaudu.<\/p>\n<p>P\u00f5leti &#8220;Comfort&#8221; komplekti kuulub laia funktsioonidega elektrooniline regulaator. Ja ka standard varustuses on PID algoritmi (suitsugaaside temperatuuri andur) ja funktsioon &#8220;Full clean&#8221; *.<\/p>\n<p>Funktsioon &#8220;Full clean&#8221; *: automaatne tuha\u00e4rastus mehaaniliste vahenditega.<\/p>\n<p><strong>V\u00f5imsus (kW)\u00a0 \/ Hind KM-ga (EUR)<\/strong><\/p>\n<ul>\n<li>17 kW <span style=\"color: #ff8b17;\"><strong>k\u00fcsi pakkumist<\/strong><\/span><\/li>\n<li>20 kW <span style=\"color: #ff8b17;\"><strong>k\u00fcsi pakkumist<\/strong><\/span><\/li>\n<li>25 kW <span style=\"color: #ff8b17;\"><strong>k\u00fcsi pakkumist<\/strong><\/span><\/li>\n<li>34 kW <span style=\"color: #ff8b17;\"><strong>k\u00fcsi pakkumist<\/strong><\/span><\/li>\n<\/ul>\n<div class=\"row\"  id=\"row-400626724\">\n\n\t<div id=\"col-126212165\" class=\"col small-12 large-12\"  >\n\t\t\t\t<div class=\"col-inner text-center\"  >\n\t\t\t\n\t\t\t\n<h3 style=\"text-align: center;\"><strong>Kasutatavad k\u00fctused<\/strong><\/h3>\n<div class=\"ux-logo has-hover align-middle ux_logo inline-block\" style=\"max-width: 100%!important; width: 130px!important\"><div class=\"ux-logo-link block image-\" title=\"Puidugraanulid\"  href=\"\" style=\"padding: 15px;\"><img src=\"https:\/\/kodukatlad.ee\/wp-content\/uploads\/2021\/03\/Puidugraanulid-kodukatlad.jpg\" title=\"Puidugraanulid\" alt=\"Puidugraanulid\" class=\"ux-logo-image block\" style=\"height:100px;\" \/><\/div><\/div>\n<div class=\"ux-logo has-hover align-middle ux_logo inline-block\" style=\"max-width: 100%!important; width: 130px!important\"><div class=\"ux-logo-link block image-\" title=\"Teravili\"  href=\"\" style=\"padding: 15px;\"><img src=\"https:\/\/kodukatlad.ee\/wp-content\/uploads\/2021\/03\/Teravili-kodukatlad.jpg\" title=\"Teravili\" alt=\"Teravili\" class=\"ux-logo-image block\" style=\"height:100px;\" \/><\/div><\/div>\n\t\t<\/div>\n\t\t\t\t\t<\/div>\n\n\t\n<\/div>","protected":false},"excerpt":{"rendered":"<ul>\n<li>Katla korpus on valmistatud 6 mm terasest;<\/li>\n<li>Suitsu juhitakse horisontaalselt;<\/li>\n<li>Roostevabast terasest p\u00f5leti;<\/li>\n<li>Katla valmistamisel on kasutatud uusimaid tehnoloogiaid, hooldus piirdub k\u00fctuse lisamisega iga 3 &#8211; 7 p\u00e4eva j\u00e4rel ning tuhaanumate ja konvektsioonikanalite puhastamisega;<\/li>\n<li>K\u00fctusemahuti v\u00f5ib paikneda katla vasakul v\u00f5i paremal k\u00fcljel (t\u00e4psustatakse tellimisel);<\/li>\n<li>K\u00f5rge kasuteguriga katel, kuni 92,7%;<\/li>\n<li>Suvel saab soojendada ainult vett, ilma ruume k\u00fctmata;<\/li>\n<li>Moodne ja lihtsalt kasutatav segamisventiili kontroller, servoajam, 4 k\u00fcttekontuuri;<\/li>\n<li>Vaikne ja vastupidav ventilaator;<\/li>\n<li>Reguleeritav korstna t\u00f5mme;<\/li>\n<li>Reguleeritav jalgade k\u00f5rgus v\u00f5imaldab paigutada seadme kindlalt ka ebatasastele pinnale;<\/li>\n<li>Peamine k\u00fctus &#8211; puidugraanulid;<\/li>\n<li>Pelletimahuti suurus: 300 l (180 kg);<\/li>\n<li>Pelletimahuti saab monteerida paremale v\u00f5i vasakule poolele;<\/li>\n<li>Komplektis on: kontroller ST-976, p\u00f5leti, tuhaanum, puhastustarvikud;<\/li>\n<li>Garantii: soojusvaheti &#8211; kuni 6 aastat, p\u00f5leti &#8211; kuni 5 aastat, elektrooniline kontroller ja liikuvad osad &#8211; 2 aastat.<\/li>\n<\/ul>","protected":false},"featured_media":147,"template":"","meta":[],"product_cat":[17],"product_tag":[],"_links":{"self":[{"href":"https:\/\/kodukatlad.ee\/ru\/wp-json\/wp\/v2\/product\/146"}],"collection":[{"href":"https:\/\/kodukatlad.ee\/ru\/wp-json\/wp\/v2\/product"}],"about":[{"href":"https:\/\/kodukatlad.ee\/ru\/wp-json\/wp\/v2\/types\/product"}],"wp:featuredmedia":[{"embeddable":true,"href":"https:\/\/kodukatlad.ee\/ru\/wp-json\/wp\/v2\/media\/147"}],"wp:attachment":[{"href":"https:\/\/kodukatlad.ee\/ru\/wp-json\/wp\/v2\/media?parent=146"}],"wp:term":[{"taxonomy":"product_cat","embeddable":true,"href":"https:\/\/kodukatlad.ee\/ru\/wp-json\/wp\/v2\/product_cat?post=146"},{"taxonomy":"product_tag","embeddable":true,"href":"https:\/\/kodukatlad.ee\/ru\/wp-json\/wp\/v2\/product_tag?post=146"}],"curies":[{"name":"wp","href":"https:\/\/api.w.org\/{rel}","templated":true}]}}