{"id":137,"date":"2020-12-29T11:50:40","date_gmt":"2020-12-29T11:50:40","guid":{"rendered":"https:\/\/kodukatlad.ee\/?post_type=product&#038;p=137"},"modified":"2022-05-13T18:46:47","modified_gmt":"2022-05-13T18:46:47","slug":"kamen-multi-plus","status":"publish","type":"product","link":"https:\/\/kodukatlad.ee\/ru\/product\/kamen-multi-plus\/","title":{"rendered":"Kamen multi-plus"},"content":{"rendered":"<p>Puidugraanuli katel <strong>KAMEN MULTI PLUS<\/strong> moderniseeritud Kamen MULTI varustatud automaatse k\u00fctuse etteandes\u00fcsteem ja innovatiivne v\u00e4ljuv suits eemaldamise s\u00fcsteemi ja t\u00e4iendava soojusvaheti. Kamen Multi Plus boiler v\u00f5ib p\u00f5letada kivis\u00fctt pelletid, puidugraanuleid. Rikke elektrooniline juhtimisplokk operatsiooni v\u00f5i ebaedu automaatset k\u00fctuseetteande, katlad on varustatud malmist tuharest ardeliai.Ketaus sisaldab t\u00e4iendavalt p\u00f5lemiskambrisse mis v\u00f5ib p\u00f5letada erinevaid k\u00fctuseid: s\u00fctt, k\u00fcttepuud, brikett. Suvehooajal, boileri saab kasutada kuuma vee valmistamist. Kamen Multi Plus boiler k\u00fctusepaak v\u00f5ib olla paremal v\u00f5i vasakul k\u00fcljel. Katla soojusvaheti valmistatud 6mm 265GH katlateraste soojustatud kivivill ja kaetud pulberv\u00e4rvkattega terasplekist. Boiler tootmiseks kvaliteetseid materjale ja komponente tagada vastupidavus ja usaldusv\u00e4\u00e4rne toimimine.<\/p>\n<p>Katel tarnimise ja tagastamise d\u00fc\u00fcsi v\u00f5ib siduda vasakule v\u00f5i paremale k\u00fcljele katla (valikuline).<\/p>\n<p><strong>V\u00f5imsus (kW)\u00a0 \/ Hind KM-ga (EUR)<\/strong><\/p>\n<ul>\n<li>14 kW <span style=\"color: #ff8b17;\"><strong>k\u00fcsi pakkumist<\/strong><\/span><\/li>\n<li>20 kW <span style=\"color: #ff8b17;\"><strong>k\u00fcsi pakkumist<\/strong><\/span><\/li>\n<li>26 kW <span style=\"color: #ff8b17;\"><strong>k\u00fcsi pakkumist<\/strong><\/span><\/li>\n<li>32 kW <span style=\"color: #ff8b17;\"><strong>k\u00fcsi pakkumist<\/strong><\/span><\/li>\n<li>40 kW <span style=\"color: #ff8b17;\"><strong>k\u00fcsi pakkumist<\/strong><\/span><\/li>\n<li>50 kW <span style=\"color: #ff8b17;\"><strong>k\u00fcsi pakkumist<\/strong><\/span><\/li>\n<li>70 kW <strong><span style=\"color: #ed1c24;\"><span style=\"color: #ff8b17;\">k\u00fcsi pakkumist<\/span><br \/>\n<\/span><\/strong><\/li>\n<\/ul>\n<div class=\"row\"  id=\"row-1019959168\">\n\n\t<div id=\"col-1200842612\" class=\"col small-12 large-12\"  >\n\t\t\t\t<div class=\"col-inner text-center\"  >\n\t\t\t\n\t\t\t\n<h3 style=\"text-align: center;\"><strong>Kasutatavad k\u00fctused<\/strong><\/h3>\n<div class=\"ux-logo has-hover align-middle ux_logo inline-block\" style=\"max-width: 100%!important; width: 130px!important\"><div class=\"ux-logo-link block image-\" title=\"Puidugraanulid\"  href=\"\" style=\"padding: 15px;\"><img src=\"https:\/\/kodukatlad.ee\/wp-content\/uploads\/2021\/03\/Puidugraanulid-kodukatlad.jpg\" title=\"Puidugraanulid\" alt=\"Puidugraanulid\" class=\"ux-logo-image block\" style=\"height:100px;\" \/><\/div><\/div>\n<div class=\"ux-logo has-hover align-middle ux_logo inline-block\" style=\"max-width: 100%!important; width: 130px!important\"><div class=\"ux-logo-link block image-\" title=\"Teravili\"  href=\"\" style=\"padding: 15px;\"><img src=\"https:\/\/kodukatlad.ee\/wp-content\/uploads\/2021\/03\/Teravili-kodukatlad.jpg\" title=\"Teravili\" alt=\"Teravili\" class=\"ux-logo-image block\" style=\"height:100px;\" \/><\/div><\/div>\n<div class=\"ux-logo has-hover align-middle ux_logo inline-block\" style=\"max-width: 100%!important; width: 130px!important\"><div class=\"ux-logo-link block image-\" title=\"Puit\"  href=\"\" style=\"padding: 15px;\"><img src=\"https:\/\/kodukatlad.ee\/wp-content\/uploads\/2021\/03\/Puit-kodukatlad.jpg\" title=\"Puit\" alt=\"Puit\" class=\"ux-logo-image block\" style=\"height:100px;\" \/><\/div><\/div>\n<div class=\"ux-logo has-hover align-middle ux_logo inline-block\" style=\"max-width: 100%!important; width: 130px!important\"><div class=\"ux-logo-link block image-\" title=\"Brikett\"  href=\"\" style=\"padding: 15px;\"><img src=\"https:\/\/kodukatlad.ee\/wp-content\/uploads\/2021\/03\/Brikett-kodukatlad.jpg\" title=\"Brikett\" alt=\"Brikett\" class=\"ux-logo-image block\" style=\"height:100px;\" \/><\/div><\/div>\n<div class=\"ux-logo has-hover align-middle ux_logo inline-block\" style=\"max-width: 100%!important; width: 130px!important\"><div class=\"ux-logo-link block image-\" title=\"S\u00f6egraanulid\"  href=\"\" style=\"padding: 15px;\"><img src=\"https:\/\/kodukatlad.ee\/wp-content\/uploads\/2021\/03\/Soegraanulid-kodukatlad.jpg\" title=\"S\u00f6egraanulid\" alt=\"S\u00f6egraanulid\" class=\"ux-logo-image block\" style=\"height:100px;\" \/><\/div><\/div>\n<div class=\"ux-logo has-hover align-middle ux_logo inline-block\" style=\"max-width: 100%!important; width: 130px!important\"><div class=\"ux-logo-link block image-\" title=\"Kivis\u00fcsi\"  href=\"\" style=\"padding: 15px;\"><img src=\"https:\/\/kodukatlad.ee\/wp-content\/uploads\/2021\/03\/Kivisusi-kodukatlad.jpg\" title=\"Kivis\u00fcsi\" alt=\"Kivis\u00fcsi\" class=\"ux-logo-image block\" style=\"height:100px;\" \/><\/div><\/div>\n\t\t<\/div>\n\t\t\t\t\t<\/div>\n\n\t\n<\/div>","protected":false},"excerpt":{"rendered":"<p>Eelised:<\/p>\n<ul>\n<li>Boiler soojusvaheti annab kuni 6 m. tagada. *<\/li>\n<li>Sisseehitatud veel torukujuline soojusvaheti.<\/li>\n<li>Lihtne operatsioon.<\/li>\n<li>Mugav ja lihtne puhastus katla.<\/li>\n<li>Compact.<\/li>\n<li>Soojusvaheti valmistatud katlateraste 6 mm.<\/li>\n<li>Eitakerduma p\u00f5leti.<\/li>\n<li>E. kaitse k\u00fctusepaak s\u00fc\u00fcde.<\/li>\n<li>Kasutegur (\u00fcle 83%).<\/li>\n<li>Vaikne ventilaator t\u00f6\u00f6le.<\/li>\n<li>Suur k\u00fctusepaak.<\/li>\n<li>K\u00fctusepaagi v\u00f5ib vasakule v\u00f5i paremale.<\/li>\n<li>Elektrooniline juhtseade 480 juhib ST-4 tsirkulatsioonipumpadele<\/li>\n<li>(K\u00fcte, p\u00f5randak\u00fcte, boiler,<\/li>\n<li>Kuuma vee segamine klapik\u00e4iviti)<\/li>\n<li>See v\u00f5ib olla \u00fchendatud termostaadi.<\/li>\n<\/ul>\n<p>* On t\u00e4iendavad tingimused.<br \/>\n** Tasuta Aksessuaarid<\/p>\n<p>v\u00e4ljas temperatuuriandur<\/p>","protected":false},"featured_media":138,"template":"","meta":[],"product_cat":[17],"product_tag":[],"_links":{"self":[{"href":"https:\/\/kodukatlad.ee\/ru\/wp-json\/wp\/v2\/product\/137"}],"collection":[{"href":"https:\/\/kodukatlad.ee\/ru\/wp-json\/wp\/v2\/product"}],"about":[{"href":"https:\/\/kodukatlad.ee\/ru\/wp-json\/wp\/v2\/types\/product"}],"wp:featuredmedia":[{"embeddable":true,"href":"https:\/\/kodukatlad.ee\/ru\/wp-json\/wp\/v2\/media\/138"}],"wp:attachment":[{"href":"https:\/\/kodukatlad.ee\/ru\/wp-json\/wp\/v2\/media?parent=137"}],"wp:term":[{"taxonomy":"product_cat","embeddable":true,"href":"https:\/\/kodukatlad.ee\/ru\/wp-json\/wp\/v2\/product_cat?post=137"},{"taxonomy":"product_tag","embeddable":true,"href":"https:\/\/kodukatlad.ee\/ru\/wp-json\/wp\/v2\/product_tag?post=137"}],"curies":[{"name":"wp","href":"https:\/\/api.w.org\/{rel}","templated":true}]}}