{"id":135,"date":"2020-12-29T11:49:57","date_gmt":"2020-12-29T11:49:57","guid":{"rendered":"https:\/\/kodukatlad.ee\/?post_type=product&#038;p=135"},"modified":"2021-03-16T08:20:09","modified_gmt":"2021-03-16T08:20:09","slug":"kamen-multi-kg","status":"publish","type":"product","link":"https:\/\/kodukatlad.ee\/ru\/product\/kamen-multi-kg\/","title":{"rendered":"Kamen multi-kg"},"content":{"rendered":"<p><strong>Katel KAMEN MULTI KG<\/strong> kuulub k\u00f5rgete katelde sarja horisontaalse soojusvahetiga. Katelt on v\u00f5imalik varustada erinevate p\u00f5letitega ja k\u00fctuse etteande s\u00fcsteemidega, mis v\u00f5imaldab p\u00f5letada erinevaid k\u00fctuseid: s\u00f6etolm, pelletid jms. T\u00e4nu sellele et suitsugaaside toru asub vertikaalselt, katel v\u00f5tab v\u00e4hem ruumi ja on mugav paigaldamiseks v\u00e4iksemates katlaruumides.<\/p>\n<p>Peale p\u00f5lemiskambrisse malmist resti paigaldust, on v\u00f5imalik k\u00fctta katelt puiduga, kivis\u00f6ega v\u00f5i briketiga. V\u00e4ljaspool k\u00fctteperioodi katelt saab kasutada sooja tarbevee valmistamiseks.<br \/>\nKatla MULTI k\u00fctusemahuti saab paigaldada paremale v\u00f5i vasakule k\u00fcljele. Katla korpus on valmistatud katlaterasest 265GH 6 mm paksusega ja soojustatud mineraalvillaga. Katla eelis on k\u00f5rge kasutegur ja v\u00f5imalus kasutada erinevaid k\u00fctuse liike.<\/p>\n<div class=\"row\"  id=\"row-1852311434\">\n\n\t<div id=\"col-622007360\" class=\"col small-12 large-12\"  >\n\t\t\t\t<div class=\"col-inner text-center\"  >\n\t\t\t\n\t\t\t\n<h3 style=\"text-align: center;\"><strong>Kasutatavad k\u00fctused<\/strong><\/h3>\n<div class=\"ux-logo has-hover align-middle ux_logo inline-block\" style=\"max-width: 100%!important; width: 130px!important\"><div class=\"ux-logo-link block image-\" title=\"Puidugraanulid\"  href=\"\" style=\"padding: 15px;\"><img src=\"https:\/\/kodukatlad.ee\/wp-content\/uploads\/2021\/03\/Puidugraanulid-kodukatlad.jpg\" title=\"Puidugraanulid\" alt=\"Puidugraanulid\" class=\"ux-logo-image block\" style=\"height:100px;\" \/><\/div><\/div>\n<div class=\"ux-logo has-hover align-middle ux_logo inline-block\" style=\"max-width: 100%!important; width: 130px!important\"><div class=\"ux-logo-link block image-\" title=\"Teravili\"  href=\"\" style=\"padding: 15px;\"><img src=\"https:\/\/kodukatlad.ee\/wp-content\/uploads\/2021\/03\/Teravili-kodukatlad.jpg\" title=\"Teravili\" alt=\"Teravili\" class=\"ux-logo-image block\" style=\"height:100px;\" \/><\/div><\/div>\n<div class=\"ux-logo has-hover align-middle ux_logo inline-block\" style=\"max-width: 100%!important; width: 130px!important\"><div class=\"ux-logo-link block image-\" title=\"Puit\"  href=\"\" style=\"padding: 15px;\"><img src=\"https:\/\/kodukatlad.ee\/wp-content\/uploads\/2021\/03\/Puit-kodukatlad.jpg\" title=\"Puit\" alt=\"Puit\" class=\"ux-logo-image block\" style=\"height:100px;\" \/><\/div><\/div>\n<div class=\"ux-logo has-hover align-middle ux_logo inline-block\" style=\"max-width: 100%!important; width: 130px!important\"><div class=\"ux-logo-link block image-\" title=\"Brikett\"  href=\"\" style=\"padding: 15px;\"><img src=\"https:\/\/kodukatlad.ee\/wp-content\/uploads\/2021\/03\/Brikett-kodukatlad.jpg\" title=\"Brikett\" alt=\"Brikett\" class=\"ux-logo-image block\" style=\"height:100px;\" \/><\/div><\/div>\n<div class=\"ux-logo has-hover align-middle ux_logo inline-block\" style=\"max-width: 100%!important; width: 130px!important\"><div class=\"ux-logo-link block image-\" title=\"S\u00f6egraanulid\"  href=\"\" style=\"padding: 15px;\"><img src=\"https:\/\/kodukatlad.ee\/wp-content\/uploads\/2021\/03\/Soegraanulid-kodukatlad.jpg\" title=\"S\u00f6egraanulid\" alt=\"S\u00f6egraanulid\" class=\"ux-logo-image block\" style=\"height:100px;\" \/><\/div><\/div>\n<div class=\"ux-logo has-hover align-middle ux_logo inline-block\" style=\"max-width: 100%!important; width: 130px!important\"><div class=\"ux-logo-link block image-\" title=\"Kivis\u00fcsi\"  href=\"\" style=\"padding: 15px;\"><img src=\"https:\/\/kodukatlad.ee\/wp-content\/uploads\/2021\/03\/Kivisusi-kodukatlad.jpg\" title=\"Kivis\u00fcsi\" alt=\"Kivis\u00fcsi\" class=\"ux-logo-image block\" style=\"height:100px;\" \/><\/div><\/div>\n\t\t<\/div>\n\t\t\t\t\t<\/div>\n\n\t\n<\/div>","protected":false},"excerpt":{"rendered":"<p>Eelised:<\/p>\n<ul>\n<li>Katla soojusvahetile on 5 aastane garantii *<\/li>\n<li>Katelt on mugav ja lihtne puhastada<\/li>\n<li>Lihtne juhtida<\/li>\n<li>Kompaktne<\/li>\n<li>Soojusvaheti on valmistatud 6 mm katlaterasest<\/li>\n<li>T\u00f6\u00f6kindel p\u00f5leti<\/li>\n<li>Elektrooniline kaitse k\u00fctusemahuti s\u00fcttimise vastu<\/li>\n<li>Efektiivsus (80%)<\/li>\n<li>Vaikne ventilaator<\/li>\n<li>Suur k\u00fctusemahuti<\/li>\n<li>K\u00fctusemahutit v\u00f5ib paigaldada vasakule v\u00f5i paremale k\u00fcljele<\/li>\n<li>ST-480 Kontroller juhib 4 pumba t\u00f6\u00f6d (radiaatorik\u00fcte, p\u00f5randak\u00fcte, soe tarbevesi, tarbevee pump ja segus\u00f5lmed) ja on<\/li>\n<li>v\u00f5imalik \u00fchendada toatemperatuuri kontrollerit<\/li>\n<\/ul>\n<p>* Lisatingimused<\/p>","protected":false},"featured_media":136,"template":"","meta":[],"product_cat":[17],"product_tag":[],"_links":{"self":[{"href":"https:\/\/kodukatlad.ee\/ru\/wp-json\/wp\/v2\/product\/135"}],"collection":[{"href":"https:\/\/kodukatlad.ee\/ru\/wp-json\/wp\/v2\/product"}],"about":[{"href":"https:\/\/kodukatlad.ee\/ru\/wp-json\/wp\/v2\/types\/product"}],"wp:featuredmedia":[{"embeddable":true,"href":"https:\/\/kodukatlad.ee\/ru\/wp-json\/wp\/v2\/media\/136"}],"wp:attachment":[{"href":"https:\/\/kodukatlad.ee\/ru\/wp-json\/wp\/v2\/media?parent=135"}],"wp:term":[{"taxonomy":"product_cat","embeddable":true,"href":"https:\/\/kodukatlad.ee\/ru\/wp-json\/wp\/v2\/product_cat?post=135"},{"taxonomy":"product_tag","embeddable":true,"href":"https:\/\/kodukatlad.ee\/ru\/wp-json\/wp\/v2\/product_tag?post=135"}],"curies":[{"name":"wp","href":"https:\/\/api.w.org\/{rel}","templated":true}]}}