{"id":130,"date":"2020-12-29T11:48:05","date_gmt":"2020-12-29T11:48:05","guid":{"rendered":"https:\/\/kodukatlad.ee\/?post_type=product&#038;p=130"},"modified":"2022-05-13T18:05:32","modified_gmt":"2022-05-13T18:05:32","slug":"kamen-pellet-plus","status":"publish","type":"product","link":"https:\/\/kodukatlad.ee\/ru\/product\/kamen-pellet-plus\/","title":{"rendered":"Kamen pellet plus"},"content":{"rendered":"<p><strong>KAMEN PELLET PLUS<\/strong> &#8211; uudse disainiga ja k\u00f5rge effektiivsusega. Katel on etten\u00e4htud puidu graanulite, pelletite jms p\u00f5letuseks. P\u00f5leti on roostevabast terasest, asub katla tuhaukse k\u00fcljes. 92%-line effektiivsus on saavutatud t\u00e4nu soojuse edastajale optimaalse soojuskattega.<br \/>\nKatla korpus on valmistatud P265 GH termot\u00f6\u00f6deldud terasest.Katlal on olemas lisa p\u00f5lemiskamber, malmist tuharest, mis v\u00f5imaldab ka erineva k\u00fcttematerjali p\u00f5letamist. See kamber v\u00f5imaldab teda kasutada nii automaats\u00fcsteemina kui ka nn tikuga s\u00fc\u00fctamiss\u00fcsteemina.<\/p>\n<p>Katlas KAMEN PELLET PLUS k\u00fcttegraanulite ettes\u00fc\u00fctmine toimub paremalt v\u00f5i vasakult.<\/p>\n<p>T\u00e4nu katla k\u00f5rgele kvaliteedile pole vaja katelt tihti hooldata ja n\u00f5uab minimaalset puhastust ning teenindust.Katels\u00fcttibautomaatselt t\u00e4nu pilootpihustile, p\u00e4rast m\u00e4\u00e4ratud temperatuuri k\u00e4tte saamist p\u00f5lemise protsess peatatakse automaatselt, mis s\u00e4\u00e4stab k\u00fctet ja ka hooldusele kuluvat aega. Vajadusel katel s\u00fcttib automaatselt, et temperatuuri hoida, mis viitab sellele, et masinat tuleb ainult t\u00e4ita k\u00fcttematerjaliga ja tuhka koristada.<\/p>\n<p><strong>V\u00f5imsus (kW)\u00a0 \/ Hind KM-ga (EUR)<\/strong><\/p>\n<ul>\n<li>13 kW <span style=\"color: #ff8b17;\"><strong>k\u00fcsi pakkumist<\/strong><\/span><\/li>\n<li>17 kW <span style=\"color: #ff8b17;\"><strong>k\u00fcsi pakkumist<\/strong><\/span><\/li>\n<li>20 kW <span style=\"color: #ff8b17;\"><strong>k\u00fcsi pakkumist<\/strong><\/span><\/li>\n<li>25 kW <span style=\"color: #ff8b17;\"><strong>k\u00fcsi pakkumist<\/strong><\/span><\/li>\n<li>34 kW <span style=\"color: #ff8b17;\"><strong>k\u00fcsi pakkumist<\/strong><\/span><\/li>\n<li>50 kW <span style=\"color: #ff8b17;\"><strong>k\u00fcsi pakkumist<\/strong><\/span><\/li>\n<li>60 kW <span style=\"color: #ff8b17;\"><strong>k\u00fcsi pakkumist<\/strong><\/span><\/li>\n<li>70 kW <span style=\"color: #ff8b17;\"><strong>k\u00fcsi pakkumist<\/strong><\/span><\/li>\n<li>80 kW <span style=\"color: #ff8b17;\"><strong>k\u00fcsi pakkumist<\/strong><\/span><\/li>\n<li>90 kW <span style=\"color: #ff8b17;\"><strong>k\u00fcsi pakkumist<\/strong><\/span><\/li>\n<li>100 kW <span style=\"color: #ff8b17;\"><strong>k\u00fcsi pakkumist<\/strong><\/span><\/li>\n<li>125 kW <span style=\"color: #ff8b17;\"><strong>k\u00fcsi pakkumist<\/strong><\/span><\/li>\n<li>150 kW <strong><span style=\"color: #ed1c24;\"><span style=\"color: #ff8b17;\">k\u00fcsi pakkumist<\/span><br \/>\n<\/span><\/strong><\/li>\n<\/ul>\n<div class=\"row\"  id=\"row-1089252446\">\n\n\t<div id=\"col-1873677636\" class=\"col small-12 large-12\"  >\n\t\t\t\t<div class=\"col-inner text-center\"  >\n\t\t\t\n\t\t\t\n<h3 style=\"text-align: center;\"><strong>Kasutatavad k\u00fctused<\/strong><\/h3>\n<div class=\"ux-logo has-hover align-middle ux_logo inline-block\" style=\"max-width: 100%!important; width: 130px!important\"><div class=\"ux-logo-link block image-\" title=\"Puidugraanulid\"  href=\"\" style=\"padding: 15px;\"><img src=\"https:\/\/kodukatlad.ee\/wp-content\/uploads\/2021\/03\/Puidugraanulid-kodukatlad.jpg\" title=\"Puidugraanulid\" alt=\"Puidugraanulid\" class=\"ux-logo-image block\" style=\"height:100px;\" \/><\/div><\/div>\n<div class=\"ux-logo has-hover align-middle ux_logo inline-block\" style=\"max-width: 100%!important; width: 130px!important\"><div class=\"ux-logo-link block image-\" title=\"Teravili\"  href=\"\" style=\"padding: 15px;\"><img src=\"https:\/\/kodukatlad.ee\/wp-content\/uploads\/2021\/03\/Teravili-kodukatlad.jpg\" title=\"Teravili\" alt=\"Teravili\" class=\"ux-logo-image block\" style=\"height:100px;\" \/><\/div><\/div>\n<div class=\"ux-logo has-hover align-middle ux_logo inline-block\" style=\"max-width: 100%!important; width: 130px!important\"><div class=\"ux-logo-link block image-\" title=\"Puit\"  href=\"\" style=\"padding: 15px;\"><img src=\"https:\/\/kodukatlad.ee\/wp-content\/uploads\/2021\/03\/Puit-kodukatlad.jpg\" title=\"Puit\" alt=\"Puit\" class=\"ux-logo-image block\" style=\"height:100px;\" \/><\/div><\/div>\n<div class=\"ux-logo has-hover align-middle ux_logo inline-block\" style=\"max-width: 100%!important; width: 130px!important\"><div class=\"ux-logo-link block image-\" title=\"Brikett\"  href=\"\" style=\"padding: 15px;\"><img src=\"https:\/\/kodukatlad.ee\/wp-content\/uploads\/2021\/03\/Brikett-kodukatlad.jpg\" title=\"Brikett\" alt=\"Brikett\" class=\"ux-logo-image block\" style=\"height:100px;\" \/><\/div><\/div>\n\t\t<\/div>\n\t\t\t\t\t<\/div>\n\n\t\n<\/div>","protected":false},"excerpt":{"rendered":"<ul>\n<li>Garantii kuni 6 aastat<\/li>\n<li>Terase paksus 6 mm<\/li>\n<li>\u00d6konoomne<\/li>\n<li>\u00d6koloogiline<\/li>\n<li>Automaatne s\u00fc\u00fctamine<\/li>\n<li>N\u00e4dala programm<\/li>\n<li>4 pumba juhtimine<\/li>\n<li>Segus\u00f5lmede juhtimine<\/li>\n<li>Vaikne ventilaator<\/li>\n<li>T\u00fcmbe regulaator<\/li>\n<\/ul>\n<table>\n<tbody>\n<tr>\n<th><a href=\"http:\/\/kodukatlad.ee\/wp-content\/uploads\/2020\/12\/Kamen-pellet-Plus-spetsifikatsioon.pdf\" target=\"_blank\" rel=\"noopener\"><img loading=\"lazy\" class=\"size-full wp-image-265 aligncenter\" src=\"http:\/\/kodukatlad.ee\/wp-content\/uploads\/2020\/12\/PDF-ikoon.jpg\" alt=\"\" width=\"30\" height=\"35\" \/><\/a><\/th>\n<th style=\"text-align: left;\"><a href=\"http:\/\/kodukatlad.ee\/wp-content\/uploads\/2020\/12\/Kamen-pellet-Plus-spetsifikatsioon.pdf\" target=\"_blank\" rel=\"noopener\"><strong>Kamet pellet komfort spetsifikatsioon<\/strong><\/a><\/th>\n<\/tr>\n<\/tbody>\n<\/table>","protected":false},"featured_media":131,"template":"","meta":[],"product_cat":[17],"product_tag":[],"_links":{"self":[{"href":"https:\/\/kodukatlad.ee\/ru\/wp-json\/wp\/v2\/product\/130"}],"collection":[{"href":"https:\/\/kodukatlad.ee\/ru\/wp-json\/wp\/v2\/product"}],"about":[{"href":"https:\/\/kodukatlad.ee\/ru\/wp-json\/wp\/v2\/types\/product"}],"wp:featuredmedia":[{"embeddable":true,"href":"https:\/\/kodukatlad.ee\/ru\/wp-json\/wp\/v2\/media\/131"}],"wp:attachment":[{"href":"https:\/\/kodukatlad.ee\/ru\/wp-json\/wp\/v2\/media?parent=130"}],"wp:term":[{"taxonomy":"product_cat","embeddable":true,"href":"https:\/\/kodukatlad.ee\/ru\/wp-json\/wp\/v2\/product_cat?post=130"},{"taxonomy":"product_tag","embeddable":true,"href":"https:\/\/kodukatlad.ee\/ru\/wp-json\/wp\/v2\/product_tag?post=130"}],"curies":[{"name":"wp","href":"https:\/\/api.w.org\/{rel}","templated":true}]}}