{"id":246,"date":"2020-12-30T08:39:56","date_gmt":"2020-12-30T08:39:56","guid":{"rendered":"https:\/\/kodukatlad.ee\/?page_id=246"},"modified":"2021-03-14T13:05:29","modified_gmt":"2021-03-14T13:05:29","slug":"teenused","status":"publish","type":"page","link":"https:\/\/kodukatlad.ee\/ru\/teenused\/","title":{"rendered":"Teenused"},"content":{"rendered":"<div class=\"row\"  id=\"row-1055360931\">\n\n\n\t<div id=\"col-371343667\" class=\"col medium-5 small-12 large-5\"  >\n\t\t\t\t<div class=\"col-inner\"  >\n\t\t\t\n\t\t\t\n\n\t<div class=\"img has-hover x md-x lg-x y md-y lg-y\" id=\"image_837080949\">\n\t\t\t\t\t\t\t\t<div class=\"img-inner image-cover dark\" style=\"padding-top:75%;\">\n\t\t\t<img width=\"459\" height=\"300\" src=\"https:\/\/kodukatlad.ee\/wp-content\/uploads\/2020\/12\/img-2.jpg\" class=\"attachment-large size-large\" alt=\"\" loading=\"lazy\" srcset=\"https:\/\/kodukatlad.ee\/wp-content\/uploads\/2020\/12\/img-2.jpg 459w, https:\/\/kodukatlad.ee\/wp-content\/uploads\/2020\/12\/img-2-300x196.jpg 300w\" sizes=\"(max-width: 459px) 100vw, 459px\" \/>\t\t\t\t\t\t\n\t\t\t\t\t<\/div>\n\t\t\t\t\t\t\t\t\n<style>\n#image_837080949 {\n  width: 100%;\n}\n<\/style>\n\t<\/div>\n\t\n\n\n\t\t<\/div>\n\t\t\t\t\t<\/div>\n\n\t\n\n\t<div id=\"col-1552783675\" class=\"col medium-7 small-12 large-7\"  >\n\t\t\t\t<div class=\"col-inner\"  >\n\t\t\t\n\t\t\t\n\n<h2><strong>Pakume j\u00e4rgmisi teenuseid:<\/strong><\/h2>\n<ul>\n<li>Sanitaartehnilised t\u00f6\u00f6d<\/li>\n<li>Hooneautomaatika t\u00f6\u00f6d<\/li>\n<li>Erinevate tootjate graanulikatelde hoolduse ja remondi t\u00f6\u00f6d<\/li>\n<li>Erinevate tootjate soojuspumpade ja kliimaseadmete hoolduse ja remondi t\u00f6\u00f6d<\/li>\n<li style=\"font-weight: 400;\">Erinevate tootjate gaasi ja \u00f5likatelde hoolduse ja remondi t\u00f6\u00f6d.<\/li>\n<li style=\"font-weight: 400;\">Elektrit\u00f6\u00f6d<\/li>\n<li>Roostevabast terasest korstna h\u00fclsside m\u00fc\u00fck ja paigaldus<\/li>\n<li>Moodul korstnate m\u00fc\u00fck ja paigaldus<\/li>\n<li>Katelde paigaldus ja hooldus<\/li>\n<li>Soojuspumpade paigaldus ja hooldus<\/li>\n<\/ul>\n<p><strong>Lisainfot saate telefoni teel:<\/strong> +372 51 644 63<\/p>\n\n\t\t<\/div>\n\t\t\t\t\t<\/div>\n\n\t\n\n\n<style>\n#row-1055360931 > .col > .col-inner {\n  padding: 0px 0px 25px 0px;\n}\n<\/style>\n<\/div>\n<div class=\"row\"  id=\"row-564738825\">\n\n\n\t<div id=\"col-991716139\" class=\"col medium-5 small-12 large-5\"  >\n\t\t\t\t<div class=\"col-inner\"  >\n\t\t\t\n\t\t\t\n\n\t<div class=\"img has-hover x md-x lg-x y md-y lg-y\" id=\"image_1690099030\">\n\t\t\t\t\t\t\t\t<div class=\"img-inner image-cover dark\" style=\"padding-top:75%;\">\n\t\t\t<img width=\"600\" height=\"400\" src=\"https:\/\/kodukatlad.ee\/wp-content\/uploads\/2020\/12\/shutterstockas_516638722.png\" class=\"attachment-large size-large\" alt=\"\" loading=\"lazy\" srcset=\"https:\/\/kodukatlad.ee\/wp-content\/uploads\/2020\/12\/shutterstockas_516638722.png 600w, https:\/\/kodukatlad.ee\/wp-content\/uploads\/2020\/12\/shutterstockas_516638722-300x200.png 300w, https:\/\/kodukatlad.ee\/wp-content\/uploads\/2020\/12\/shutterstockas_516638722-510x340.png 510w\" sizes=\"(max-width: 600px) 100vw, 600px\" \/>\t\t\t\t\t\t\n\t\t\t\t\t<\/div>\n\t\t\t\t\t\t\t\t\n<style>\n#image_1690099030 {\n  width: 100%;\n}\n<\/style>\n\t<\/div>\n\t\n\n\n\t\t<\/div>\n\t\t\t\t\t<\/div>\n\n\t\n\n\t<div id=\"col-612169399\" class=\"col medium-7 small-12 large-7\"  >\n\t\t\t\t<div class=\"col-inner\"  >\n\t\t\t\n\t\t\t\n\n<h2>Paigaldus<\/h2>\n<p>Materjalid ja komponendid, mida kasutatakse &#8220;Kamen&#8221; kateldes, tagavad pikka eluiga ja muretu kasutamist.<\/p>\n<p><strong>Hooldus ja tehniline tugi:<\/strong> +372 51 644 63<\/p>\n\n\t\t<\/div>\n\t\t\t\t\t<\/div>\n\n\t\n\n\n<style>\n#row-564738825 > .col > .col-inner {\n  padding: 0px 0px 25px 0px;\n}\n<\/style>\n<\/div>\n<div class=\"row\"  id=\"row-2094706236\">\n\n\n\t<div id=\"col-1143535162\" class=\"col small-12 large-12\"  >\n\t\t\t\t<div class=\"col-inner\"  >\n\t\t\t\n\t\t\t\n\n<h2>Garantii tingimused:<\/h2>\n<ol>\n<li>Katla v\u00f5imsus tuleb valida vastavalt hoone soojuse n\u00f5udlusele.<\/li>\n<li>Enne katla ostmist, konsulteerige meie spetsialistiga.<\/li>\n<li>Katel peab olema paigaldatud vastavalt tehase poolt etteantud skeemile.<\/li>\n<li>Temperatuur katlas ei tohiks olla madalam kui 60 \u00b0 C, tagastuva vee temperatuur ei tohi olla madalam kui 45 \u00b0 C et v\u00e4ltida katla kondenseerumist ja kaitsta katla korrosiooni eest.<\/li>\n<li>Korsten peab vastama katla tootja tehnilistele andmetele. Tehniliste andmetega v\u00f5ite tutvuda kodulehel: www.kodukatlad.ee<\/li>\n<li>Puhastage regulaarselt katelt. See tagab katla t\u00f5rgeteta t\u00f6\u00f6d ja hoiab kokku k\u00fcttekulud.<\/li>\n<\/ol>\n<p>Pelletikatla soojusvahetile tootja annab garantii kuni 6 aastat, juhul kui katel on \u00fchendatud vastavalt tehase skeemile. (<a href=\"http:\/\/kodukatlad.ee\/wp-content\/uploads\/2020\/12\/GRANuLINIU-PAJUNGIMO-SCHEMA-nauja.pdf\">vaata siit<\/a>).<\/p>\n<p>Tahkek\u00fctte katla soojusvahetile tootja annab garantii kuni 4 aastat, juhul kui katel on \u00fchendatud vastavalt tehase skeemile (<a href=\"http:\/\/kodukatlad.ee\/wp-content\/uploads\/2020\/12\/GRANuLINIU-PAJUNGIMO-SCHEMA-nauja.pdf\">vaata siit<\/a>).<\/p>\n\n\t\t<\/div>\n\t\t\t\t\t<\/div>\n\n\t\n\n<\/div>\n<div class=\"row\"  id=\"row-1796007641\">\n\n\n\t<div id=\"col-440306454\" class=\"col small-12 large-12\"  >\n\t\t\t\t<div class=\"col-inner\"  >\n\t\t\t\n\t\t\t\n\n<table>\n<tbody>\n<tr>\n<td>Veaotsing garantiiajal *<\/td>\n<td>Tasuta<\/td>\n<\/tr>\n<tr>\n<td>Konsultatsioonid telefoni teel*<\/td>\n<td>Tasuta<\/td>\n<\/tr>\n<tr>\n<td>Katla esmane k\u00e4ivitus ja seadistus (hind ei sisalda materjale)**<\/td>\n<td>Alates 100 Eur ( lisandub k\u00e4ibemaks ) + transport (katel peab olema \u00fchendatud k\u00e4tte s\u00fcsteemiga vastavalt tootja skeemile).<\/td>\n<\/tr>\n<tr>\n<td>Biomass katla esmane k\u00e4ivitus ja seadistus (hind ei sisalda materjale)**<\/td>\n<td>Alates 250 Eur ( lisandub k\u00e4ibemaks ) + transport (katel peab olema \u00fchendatud k\u00e4tte s\u00fcsteemiga vastavalt tootja skeemile).<\/td>\n<\/tr>\n<tr>\n<td>Ruumi termostaadi paigaldus (hind ei sisalda materjale)<\/td>\n<td>25 Eur \/ tunnis. ( lisandub k\u00e4ibemaks ) + transport<\/td>\n<\/tr>\n<tr>\n<td>Katla lahtiv\u00f5tmine ja kokkupanek<\/td>\n<td>50 Eur ( lisandub k\u00e4ibemaks ) + transport<\/td>\n<\/tr>\n<tr>\n<td>Garantiiv\u00e4line remont<\/td>\n<td>25 Eur \/ tunnis. ( lisandub k\u00e4ibemaks ) + transport<\/td>\n<\/tr>\n<tr>\n<td>Katla aastahooldus (peale k\u00fctteperioodi l\u00f5ppu)<\/td>\n<td>50 Eur ( lisandub k\u00e4ibemaks ) + transport<\/td>\n<\/tr>\n<tr>\n<td>P\u00f5hjendamatu v\u00e4ljakutse<\/td>\n<td>50 Eur ( lisandub k\u00e4ibemaks ) + transport<\/td>\n<\/tr>\n<tr>\n<td>Saabumine kliendini<\/td>\n<td>Vastavalt kokkuleppele.<\/td>\n<\/tr>\n<tr>\n<td>0Katla esimane k\u00e4ivitus ja seadistus mis ei ole ostetud meie esindustest (hind ei sisalda materjale)**<\/td>\n<td>200 Eur \/ tunnis. ( lisandub k\u00e4ibemaks ) + transport<\/td>\n<\/tr>\n<\/tbody>\n<\/table>\n\n\t\t<\/div>\n\t\t\t\t\t<\/div>\n\n\t\n\n<\/div>\n<div class=\"row\"  id=\"row-586575855\">\n\n\n\t<div id=\"col-893746369\" class=\"col medium-5 small-12 large-5\"  >\n\t\t\t\t<div class=\"col-inner\"  >\n\t\t\t\n\t\t\t\n\n<p><strong>*Garantii alla kuulub:<\/strong><\/p>\n<ol>\n<li>Kontrolleri vead.<\/li>\n<li>K\u00fctuse etteande s\u00fcsteemi viga.<\/li>\n<li>P\u00f5leti vead.<\/li>\n<li>Katla vees\u00e4rgi lekke.<\/li>\n<\/ol>\n\n\t\t<\/div>\n\t\t\t\t\t<\/div>\n\n\t\n\n\t<div id=\"col-2048464462\" class=\"col medium-7 small-12 large-7\"  >\n\t\t\t\t<div class=\"col-inner\"  >\n\t\t\t\n\t\t\t\n\n<p>&nbsp; &nbsp; &nbsp;<strong> **Esmase k\u00e4ivituse ja seadistaja kohustused:<\/strong><\/p>\n<ol>\n<li>&nbsp; &nbsp;Kliendi katla kasutuse koolitus<\/li>\n<li>&nbsp; &nbsp;K\u00fctte s\u00fcsteemi kontroll<\/li>\n<li>&nbsp; &nbsp;Automaatika ja andurite paigaldus<\/li>\n<li>&nbsp; &nbsp;Katla k\u00e4ivitus ja seadistus<\/li>\n<li>&nbsp; &nbsp;Kliendi k\u00fcsimustele vastamine<\/li>\n<li>&nbsp; &nbsp;Garantiipassi t\u00e4itmine<\/li>\n<li>&nbsp; &nbsp;Katla garantiiaja pikendamine kuni 6 aastani (juhul kui katel on \u00fchendatud&nbsp; &nbsp; vastavalt tehase skeemile).<\/li>\n<\/ol>\n\n\t\t<\/div>\n\t\t\t\t\t<\/div>\n\n\t\n\n\n<style>\n#row-586575855 > .col > .col-inner {\n  padding: 0px 0px 25px 0px;\n}\n<\/style>\n<\/div>\n\n\n\n<p><\/p>","protected":false},"excerpt":{"rendered":"","protected":false},"author":1,"featured_media":0,"parent":0,"menu_order":0,"comment_status":"closed","ping_status":"closed","template":"","meta":[],"_links":{"self":[{"href":"https:\/\/kodukatlad.ee\/ru\/wp-json\/wp\/v2\/pages\/246"}],"collection":[{"href":"https:\/\/kodukatlad.ee\/ru\/wp-json\/wp\/v2\/pages"}],"about":[{"href":"https:\/\/kodukatlad.ee\/ru\/wp-json\/wp\/v2\/types\/page"}],"author":[{"embeddable":true,"href":"https:\/\/kodukatlad.ee\/ru\/wp-json\/wp\/v2\/users\/1"}],"replies":[{"embeddable":true,"href":"https:\/\/kodukatlad.ee\/ru\/wp-json\/wp\/v2\/comments?post=246"}],"version-history":[{"count":0,"href":"https:\/\/kodukatlad.ee\/ru\/wp-json\/wp\/v2\/pages\/246\/revisions"}],"wp:attachment":[{"href":"https:\/\/kodukatlad.ee\/ru\/wp-json\/wp\/v2\/media?parent=246"}],"curies":[{"name":"wp","href":"https:\/\/api.w.org\/{rel}","templated":true}]}}